{"id":27992,"date":"2017-02-01T13:59:06","date_gmt":"2017-02-01T12:59:06","guid":{"rendered":"https:\/\/gsro.de\/?page_id=27992"},"modified":"2017-02-02T15:21:50","modified_gmt":"2017-02-02T14:21:50","slug":"schulweg","status":"publish","type":"page","link":"https:\/\/gsro.de\/index.php\/schulweg\/","title":{"rendered":"Schulweg"},"content":{"rendered":"<p>[et_pb_section transparent_background=&#8221;off&#8221; background_color=&#8221;#0c71c3&#8243; allow_player_pause=&#8221;off&#8221; inner_shadow=&#8221;off&#8221; parallax=&#8221;off&#8221; parallax_method=&#8221;on&#8221; padding_mobile=&#8221;off&#8221; make_fullwidth=&#8221;off&#8221; use_custom_width=&#8221;off&#8221; width_unit=&#8221;off&#8221; custom_width_px=&#8221;1080px&#8221; custom_width_percent=&#8221;80%&#8221; make_equal=&#8221;off&#8221; use_custom_gutter=&#8221;off&#8221; fullwidth=&#8221;off&#8221; specialty=&#8221;off&#8221; disabled=&#8221;off&#8221;][et_pb_row make_fullwidth=&#8221;off&#8221; use_custom_width=&#8221;off&#8221; width_unit=&#8221;off&#8221; custom_width_px=&#8221;1080px&#8221; custom_width_percent=&#8221;80%&#8221; use_custom_gutter=&#8221;off&#8221; gutter_width=&#8221;3&#8243; custom_padding=&#8221;0px|0px|0px|0px&#8221; custom_padding_phone=&#8221;20px|||&#8221; padding_mobile=&#8221;off&#8221; allow_player_pause=&#8221;off&#8221; parallax=&#8221;off&#8221; parallax_method=&#8221;on&#8221; make_equal=&#8221;off&#8221; column_padding_mobile=&#8221;on&#8221; parallax_1=&#8221;off&#8221; parallax_method_1=&#8221;on&#8221; parallax_2=&#8221;off&#8221; parallax_method_2=&#8221;on&#8221; parallax_3=&#8221;off&#8221; parallax_method_3=&#8221;on&#8221; parallax_4=&#8221;off&#8221; parallax_method_4=&#8221;on&#8221; custom_padding_last_edited=&#8221;on|phone&#8221; disabled=&#8221;off&#8221;][et_pb_column type=&#8221;4_4&#8243; disabled=&#8221;off&#8221; parallax=&#8221;off&#8221; parallax_method=&#8221;on&#8221; column_padding_mobile=&#8221;on&#8221;][et_pb_image src=&#8221;https:\/\/gsro.de\/wp-content\/uploads\/2017\/02\/schulwegeplan_gsro_ausschnitt.jpg&#8221; alt=&#8221;Schulwegeplan&#8221; title_text=&#8221;Schulwegeplan&#8221; show_in_lightbox=&#8221;off&#8221; url_new_window=&#8221;off&#8221; use_overlay=&#8221;off&#8221; sticky=&#8221;off&#8221; align=&#8221;left&#8221; force_fullwidth=&#8221;off&#8221; always_center_on_mobile=&#8221;on&#8221; use_border_color=&#8221;off&#8221; border_color=&#8221;#ffffff&#8221; border_width=&#8221;1px&#8221; border_style=&#8221;solid&#8221; disabled=&#8221;off&#8221;][\/et_pb_image][\/et_pb_column][\/et_pb_row][et_pb_row make_fullwidth=&#8221;off&#8221; use_custom_width=&#8221;off&#8221; width_unit=&#8221;off&#8221; custom_width_px=&#8221;1080px&#8221; custom_width_percent=&#8221;80%&#8221; use_custom_gutter=&#8221;off&#8221; gutter_width=&#8221;3&#8243; padding_mobile=&#8221;off&#8221; allow_player_pause=&#8221;off&#8221; parallax=&#8221;off&#8221; parallax_method=&#8221;on&#8221; make_equal=&#8221;off&#8221; column_padding_mobile=&#8221;on&#8221; parallax_1=&#8221;off&#8221; parallax_method_1=&#8221;on&#8221; parallax_2=&#8221;off&#8221; parallax_method_2=&#8221;on&#8221; parallax_3=&#8221;off&#8221; parallax_method_3=&#8221;on&#8221; parallax_4=&#8221;off&#8221; parallax_method_4=&#8221;on&#8221; disabled=&#8221;off&#8221;][et_pb_column type=&#8221;4_4&#8243; disabled=&#8221;off&#8221; parallax=&#8221;off&#8221; parallax_method=&#8221;on&#8221; column_padding_mobile=&#8221;on&#8221;][et_pb_cta title=&#8221;Schulwegeplan&#8221; button_url=&#8221;https:\/\/gsro.de\/wp-content\/uploads\/2017\/01\/schulwegeplan.pdf&#8221; url_new_window=&#8221;on&#8221; button_text=&#8221;Download Schulwegeplan&#8221; use_background_color=&#8221;off&#8221; background_color=&#8221;#2ea3f2&#8243; background_layout=&#8221;dark&#8221; text_orientation=&#8221;center&#8221; max_width=&#8221;800px&#8221; header_font=&#8221;||||&#8221; header_line_height=&#8221;2em&#8221; body_font=&#8221;Open Sans||||&#8221; body_font_size=&#8221;20px&#8221; body_font_size_last_edited=&#8221;off|desktop&#8221; use_border_color=&#8221;off&#8221; border_color=&#8221;#ffffff&#8221; border_width=&#8221;1px&#8221; border_style=&#8221;solid&#8221; custom_button=&#8221;off&#8221; button_text_size=&#8221;20&#8243; button_use_icon=&#8221;on&#8221; button_icon_placement=&#8221;right&#8221; button_on_hover=&#8221;on&#8221; button_letter_spacing_hover=&#8221;0&#8243; disabled=&#8221;off&#8221;]<\/p>\n<p style=\"text-align: left;\"><span style=\"font-size: medium;\">Der Stra\u00dfenverkehr stellt gerade f\u00fcr Ihre Kinder, insbesondere Schulanf\u00e4nger, t\u00e4glich eine gro\u00dfe Herausforderung dar. Wir m\u00f6chten Sie mit diesem Schulwegeplan unterst\u00fctzen, damit Ihr Kind sicher zur Schule und wieder nach Hause kommt. Der Schulwegeplan zeigt Ihnen, \u00fcber welche \u00dcberwege und Querungshilfen Ihr Kind die Schule erreichen kann.<\/span><\/p>\n<p style=\"text-align: left;\"><span style=\"font-size: medium;\">Dieser Schulwegeplan richtet sich vorwiegend an Fu\u00dfg\u00e4nger. Seien Sie Ihrem Kind immer ein gutes Vorbild im Stra\u00dfenverkehr. Erkl\u00e4ren Sie ihm die Stra\u00dfenverkehrsordnung und \u00fcben Sie mit ihm die Regeln ein. Ihr Kind sollte helle, gut sichtbare Kleidung tragen, am besten mit Reflektionsstreifen oder Reflektoren.<\/span><\/p>\n<p style=\"text-align: left;\"><span style=\"font-size: medium;\"><strong>So unterst\u00fctzen Sie Ihr Kind:<\/strong><\/span><\/p>\n<ul style=\"text-align: left;\">\n<li><span style=\"font-size: medium;\">\u00a0\u00a0\u00a0 Halten Sie sich an den ausgewiesenen Hauptweg und die Querungshilfen im Schulwegeplan.<\/span><\/li>\n<li style=\"text-align: left;\"><span style=\"font-size: medium;\">\u00a0\u00a0\u00a0 Halten Sie sich an die Stra\u00dfenverkehrsordnung.<\/span><\/li>\n<li><span style=\"font-size: medium;\">\u00a0\u00a0\u00a0 \u00dcben Sie mit Ihrem Kind besonders an Gefahrenstellen sowie das \u00dcberqueren von Stra\u00dfen.<\/span><\/li>\n<li><span style=\"font-size: medium;\">\u00a0\u00a0\u00a0 \u00dcben Sie auch das richtige Verhalten und sichere \u00dcberqueren an Ampeln.<\/span><\/li>\n<li><span style=\"font-size: medium;\">\u00a0\u00a0\u00a0 W\u00e4hlen Sie den sichersten und nicht den k\u00fcrzesten Weg aus.<\/span><\/li>\n<li><span style=\"font-size: medium;\">\u00a0\u00a0\u00a0 Achten Sie darauf, dass Ihr Kind genug Zeit f\u00fcr den Schulweg hat.<\/span><\/li>\n<li><span style=\"font-size: medium;\">\u00a0\u00a0\u00a0 Bitte schicken Sie Ihr Kind zu Fu\u00df zur Schule, wo dies m\u00f6glich ist.<\/span><\/li>\n<li><span style=\"font-size: medium;\">\u00a0\u00a0\u00a0 Stellen Sie sicher, dass Ihr Kind den richtigen Weg nimmt und keine Probleme hat.<\/span><\/li>\n<\/ul>\n<p style=\"text-align: left;\"><span style=\"font-size: medium;\">Der Schulwegeplan ist entstanden in Absprache mit der Stadt Sinsheim, den Eltern und der Polizei.<\/span><\/p>\n<p>[\/et_pb_cta][\/et_pb_column][\/et_pb_row][\/et_pb_section]<\/p>\n","protected":false},"excerpt":{"rendered":"<p>Der Stra\u00dfenverkehr stellt gerade f\u00fcr Ihre Kinder, insbesondere Schulanf\u00e4nger, t\u00e4glich eine gro\u00dfe Herausforderung dar. Wir m\u00f6chten Sie mit diesem Schulwegeplan unterst\u00fctzen, damit Ihr Kind sicher zur Schule und wieder nach Hause kommt. Der Schulwegeplan zeigt Ihnen, \u00fcber welche \u00dcberwege und Querungshilfen Ihr Kind die Schule erreichen kann. Dieser Schulwegeplan richtet sich vorwiegend an Fu\u00dfg\u00e4nger. Seien [&hellip;]<\/p>\n","protected":false},"author":2,"featured_media":0,"parent":0,"menu_order":0,"comment_status":"closed","ping_status":"closed","template":"","meta":{"_et_pb_use_builder":"on","_et_pb_old_content":"","_et_gb_content_width":"","footnotes":""},"class_list":["post-27992","page","type-page","status-publish","hentry"],"_links":{"self":[{"href":"https:\/\/gsro.de\/index.php\/wp-json\/wp\/v2\/pages\/27992","targetHints":{"allow":["GET"]}}],"collection":[{"href":"https:\/\/gsro.de\/index.php\/wp-json\/wp\/v2\/pages"}],"about":[{"href":"https:\/\/gsro.de\/index.php\/wp-json\/wp\/v2\/types\/page"}],"author":[{"embeddable":true,"href":"https:\/\/gsro.de\/index.php\/wp-json\/wp\/v2\/users\/2"}],"replies":[{"embeddable":true,"href":"https:\/\/gsro.de\/index.php\/wp-json\/wp\/v2\/comments?post=27992"}],"version-history":[{"count":6,"href":"https:\/\/gsro.de\/index.php\/wp-json\/wp\/v2\/pages\/27992\/revisions"}],"predecessor-version":[{"id":28135,"href":"https:\/\/gsro.de\/index.php\/wp-json\/wp\/v2\/pages\/27992\/revisions\/28135"}],"wp:attachment":[{"href":"https:\/\/gsro.de\/index.php\/wp-json\/wp\/v2\/media?parent=27992"}],"curies":[{"name":"wp","href":"https:\/\/api.w.org\/{rel}","templated":true}]}}