{"id":28017,"date":"2017-02-01T01:08:56","date_gmt":"2017-02-01T00:08:56","guid":{"rendered":"https:\/\/gsro.de\/?page_id=28017"},"modified":"2025-04-08T09:45:04","modified_gmt":"2025-04-08T07:45:04","slug":"impressum","status":"publish","type":"page","link":"https:\/\/gsro.de\/index.php\/impressum\/","title":{"rendered":"Impressum"},"content":{"rendered":"<p>[et_pb_section fb_built=&#8221;1&#8243; custom_padding_last_edited=&#8221;on|desktop&#8221; admin_label=&#8221;section&#8221; _builder_version=&#8221;4.16&#8243; background_color=&#8221;#ffffff&#8221; custom_padding=&#8221;10px|0px|54px|0px&#8221; custom_padding_tablet=&#8221;50px|0|50px|0&#8243; custom_padding_phone=&#8221;&#8221; transparent_background=&#8221;off&#8221; padding_mobile=&#8221;off&#8221; make_fullwidth=&#8221;off&#8221; use_custom_width=&#8221;off&#8221; width_unit=&#8221;off&#8221; custom_width_px=&#8221;1080px&#8221; custom_width_percent=&#8221;80%&#8221; global_colors_info=&#8221;{}&#8221;][et_pb_row padding_mobile=&#8221;off&#8221; column_padding_mobile=&#8221;on&#8221; custom_padding_last_edited=&#8221;on|phone&#8221; admin_label=&#8221;row&#8221; _builder_version=&#8221;4.16&#8243; background_size=&#8221;initial&#8221; background_position=&#8221;top_left&#8221; background_repeat=&#8221;repeat&#8221; custom_padding=&#8221;5px|0px|5px|0px&#8221; custom_padding_tablet=&#8221;&#8221; custom_padding_phone=&#8221;10px|||&#8221; make_fullwidth=&#8221;off&#8221; use_custom_width=&#8221;off&#8221; width_unit=&#8221;off&#8221; custom_width_px=&#8221;1080px&#8221; custom_width_percent=&#8221;80%&#8221; global_colors_info=&#8221;{}&#8221;][et_pb_column type=&#8221;4_4&#8243; _builder_version=&#8221;4.16&#8243; custom_padding=&#8221;|||&#8221; global_colors_info=&#8221;{}&#8221; custom_padding__hover=&#8221;|||&#8221;][et_pb_text admin_label=&#8221;Text&#8221; _builder_version=&#8221;4.16&#8243; background_color=&#8221;#ffffff&#8221; background_size=&#8221;initial&#8221; background_position=&#8221;top_left&#8221; background_repeat=&#8221;repeat&#8221; custom_padding=&#8221;0px|40px|0px|40px&#8221; use_border_color=&#8221;off&#8221; border_style=&#8221;solid&#8221; global_colors_info=&#8221;{}&#8221;]<\/p>\n<h2 style=\"text-align: center;\">Impressum<\/h2>\n<p>[\/et_pb_text][\/et_pb_column][\/et_pb_row][et_pb_row column_structure=&#8221;1_2,1_2&#8243; padding_mobile=&#8221;off&#8221; column_padding_mobile=&#8221;on&#8221; admin_label=&#8221;row&#8221; _builder_version=&#8221;4.16&#8243; background_size=&#8221;initial&#8221; background_position=&#8221;top_left&#8221; background_repeat=&#8221;repeat&#8221; custom_padding=&#8221;15px|40px|5px|40px&#8221; make_fullwidth=&#8221;off&#8221; use_custom_width=&#8221;off&#8221; width_unit=&#8221;off&#8221; custom_width_px=&#8221;1080px&#8221; custom_width_percent=&#8221;80%&#8221; global_colors_info=&#8221;{}&#8221;][et_pb_column type=&#8221;1_2&#8243; _builder_version=&#8221;4.16&#8243; custom_padding=&#8221;|||&#8221; global_colors_info=&#8221;{}&#8221; custom_padding__hover=&#8221;|||&#8221;][et_pb_text admin_label=&#8221;Text&#8221; _builder_version=&#8221;4.22.1&#8243; text_text_color=&#8221;#000000&#8243; background_size=&#8221;initial&#8221; background_position=&#8221;top_left&#8221; background_repeat=&#8221;repeat&#8221; use_border_color=&#8221;off&#8221; border_style=&#8221;solid&#8221; global_colors_info=&#8221;{}&#8221;]<\/p>\n<p>Anschrift<\/p>\n<p>Grundschule Rohrbach<br \/>Sudetenstr. 6<br \/>74889 Sinsheim-Rohrbach<\/p>\n<p>Telefon: +49 (0) 7261 &#8211; 404790<br \/>Telefax: +49 (0) 7261 &#8211; 404795<\/p>\n<p>E-Mail:\u00a0<a href=\"mailto:poststelle@gsro.de\">poststelle@gsro.de<\/a><\/p>\n<p>B\u00fcrozeiten<\/p>\n<p>Mo: 08.00 &#8211; 12.00 Uhr<\/p>\n<p>Mi: 08.00 &#8211; 12.00 Uhr<\/p>\n<p>Do: 08.00 &#8211; 10.00 Uhr<\/p>\n<p>Schulleitung<\/p>\n<p>Bj\u00f6rn Wingerter M.A., Rektor<br \/>Stefanie Radler, Konrektorin<\/p>\n<p>[\/et_pb_text][\/et_pb_column][et_pb_column type=&#8221;1_2&#8243; _builder_version=&#8221;4.16&#8243; custom_padding=&#8221;|||&#8221; global_colors_info=&#8221;{}&#8221; custom_padding__hover=&#8221;|||&#8221;][et_pb_text admin_label=&#8221;Text&#8221; _builder_version=&#8221;4.16&#8243; text_text_color=&#8221;#000000&#8243; background_size=&#8221;initial&#8221; background_position=&#8221;top_left&#8221; background_repeat=&#8221;repeat&#8221; use_border_color=&#8221;off&#8221; border_style=&#8221;solid&#8221; global_colors_info=&#8221;{}&#8221;]<\/p>\n<p>Schultr\u00e4ger<\/p>\n<p>Stadt Sinsheim<br \/> Wilhelmstra\u00dfe 14 &#8211; 18<br \/> <span style=\"font-size: 14px;\">74889 Sinsheim<\/span><\/p>\n<p>Telefon: +49 (0) 7261 404-0 (Zentrale)<br \/> Telefax: +49 (0) 7261 404-165<\/p>\n<p>Unsere\/-n Datenschutzbeauftragten erreichen Sie unter:<br \/> E-Mail: <a href=\"mailto:datenschutz@ssa-ma.kv.bwl.de\">datenschutz@gsro.de<\/a><\/p>\n<p>oder unserer Postadresse mit dem Zusatz <br \/>der\/die Datenschutzbeuaftragte\u201c.<\/p>\n<p>[\/et_pb_text][\/et_pb_column][\/et_pb_row][et_pb_row padding_mobile=&#8221;off&#8221; column_padding_mobile=&#8221;on&#8221; admin_label=&#8221;row&#8221; _builder_version=&#8221;4.16&#8243; background_size=&#8221;initial&#8221; background_position=&#8221;top_left&#8221; background_repeat=&#8221;repeat&#8221; make_fullwidth=&#8221;off&#8221; use_custom_width=&#8221;off&#8221; width_unit=&#8221;off&#8221; custom_width_px=&#8221;1080px&#8221; custom_width_percent=&#8221;80%&#8221; global_colors_info=&#8221;{}&#8221;][et_pb_column type=&#8221;4_4&#8243; _builder_version=&#8221;4.16&#8243; custom_padding=&#8221;|||&#8221; global_colors_info=&#8221;{}&#8221; custom_padding__hover=&#8221;|||&#8221;][et_pb_text admin_label=&#8221;Text&#8221; _builder_version=&#8221;4.16&#8243; background_size=&#8221;initial&#8221; background_position=&#8221;top_left&#8221; background_repeat=&#8221;repeat&#8221; use_border_color=&#8221;off&#8221; border_style=&#8221;solid&#8221; global_colors_info=&#8221;{}&#8221;]<\/p>\n<h3>Datenschutz<\/h3>\n<p><span style=\"color: #000000;\">Wir\u00a0nehmen den Schutz Ihrer pers\u00f6nlichen Daten sehr ernst. Wir behandeln Ihre personenbezogenen Daten vertraulich und entsprechend der gesetzlichen Datenschutzvorschriften sowie dieser Datenschutzerkl\u00e4rung. Die Nutzung unserer Webseite ist in der Regel ohne Angabe personenbezogener Daten m\u00f6glich. Soweit auf unseren Seiten personenbezogene Daten (beispielsweise Name, Anschrift oder E-Mail-Adressen) erhoben werden, erfolgt dies, soweit m\u00f6glich, stets auf freiwilliger Basis. Diese Daten werden ohne Ihre ausdr\u00fcckliche Zustimmung nicht an Dritte weitergegeben. Wir weisen darauf hin, dass die Daten\u00fcbertragung im Internet (z.B. bei der Kommunikation per E-Mail) Sicherheitsl\u00fccken aufweisen kann. Ein l\u00fcckenloser Schutz der Daten vor dem Zugriff durch Dritte ist nicht m\u00f6glich.<\/span><\/p>\n<p>[\/et_pb_text][\/et_pb_column][\/et_pb_row][et_pb_row padding_mobile=&#8221;off&#8221; column_padding_mobile=&#8221;on&#8221; admin_label=&#8221;Row&#8221; _builder_version=&#8221;4.16&#8243; background_size=&#8221;initial&#8221; background_position=&#8221;top_left&#8221; background_repeat=&#8221;repeat&#8221; make_fullwidth=&#8221;off&#8221; use_custom_width=&#8221;off&#8221; width_unit=&#8221;off&#8221; custom_width_px=&#8221;1080px&#8221; custom_width_percent=&#8221;80%&#8221; global_colors_info=&#8221;{}&#8221;][et_pb_column type=&#8221;4_4&#8243; _builder_version=&#8221;4.16&#8243; custom_padding=&#8221;|||&#8221; global_colors_info=&#8221;{}&#8221; custom_padding__hover=&#8221;|||&#8221;][et_pb_video src=&#8221;https:\/\/www.youtube.com\/watch?v=VF5A2JhiJug&#8221; image_src=&#8221;\/\/i.ytimg.com\/vi\/VF5A2JhiJug\/hqdefault.jpg&#8221; admin_label=&#8221;Video&#8221; _builder_version=&#8221;4.16&#8243; global_colors_info=&#8221;{}&#8221;] [\/et_pb_video][\/et_pb_column][\/et_pb_row][et_pb_row padding_mobile=&#8221;off&#8221; column_padding_mobile=&#8221;on&#8221; admin_label=&#8221;row&#8221; _builder_version=&#8221;4.16&#8243; background_size=&#8221;initial&#8221; background_position=&#8221;top_left&#8221; background_repeat=&#8221;repeat&#8221; custom_padding=&#8221;0px|0px|25.765625px|0px&#8221; make_fullwidth=&#8221;off&#8221; use_custom_width=&#8221;off&#8221; width_unit=&#8221;off&#8221; custom_width_px=&#8221;1080px&#8221; custom_width_percent=&#8221;80%&#8221; global_colors_info=&#8221;{}&#8221;][et_pb_column type=&#8221;4_4&#8243; _builder_version=&#8221;4.16&#8243; custom_padding=&#8221;|||&#8221; global_colors_info=&#8221;{}&#8221; custom_padding__hover=&#8221;|||&#8221;][et_pb_text admin_label=&#8221;Text&#8221; _builder_version=&#8221;4.16&#8243; text_text_color=&#8221;#000000&#8243; header_text_color=&#8221;#ffffff&#8221; background_color=&#8221;#ffffff&#8221; background_size=&#8221;initial&#8221; background_position=&#8221;top_left&#8221; background_repeat=&#8221;repeat&#8221; custom_padding=&#8221;0px|40px|0px|40px&#8221; use_border_color=&#8221;off&#8221; border_style=&#8221;solid&#8221; inline_fonts=&#8221;Abel,Zilla Slab Highlight&#8221; global_colors_info=&#8221;{}&#8221;]<\/p>\n<pre><em><\/em><em>Shutterstock.com Bildnummer:289805465 \u00a9<\/em><i>Fh Photo<\/i><\/pre>\n<p style=\"text-align: center;\">Quelle:\u00a0www.explainity.com<\/p>\n<h3>Cookies<\/h3>\n<p>Die Internetseite verwendet keine Cookies.<\/p>\n<h3>Server-Log-Files<\/h3>\n<p>Dogado als Betreiber des Webservers erh<span style=\"font-family: inherit;\">ebt<\/span> und speichert automatisch Informationen in so genannten Server-Log Files, die Ihr Browser automatisch an uns \u00fcbermittelt.<\/p>\n<p>Dies sind:<\/p>\n<ul>\n<li style=\"list-style-type: none;\"><span>1. Hostname \/ IP des Besuchers<\/span><br \/><span>2. Genauer Zeitpunkt des Seitenaufrufs<\/span><br \/><span>3. Aufgerufene URL<\/span><br \/><span>4. HTTP Status Code<\/span><br \/><span>5. \u00dcbertragene Bytes der angeforderten URL<\/span><br \/><span>6. Wenn vorhanden der Referrer (verweisende Seite)<\/span><br \/><span>7. Informationen zum Browser und PC des Besuchers<\/span><\/li>\n<\/ul>\n<p>Diese werden 14 Tage lang aufgehoben.<\/p>\n<p>Uns als Schule werden anonymisierte Logfiles zur Verf\u00fcgung gestellt, in denen die IP-Adresse im letzten Byte auf 0 gesetzt wurde, ansonsten umfasst es dieselben Daten wie die Logfiles, die nur Dogado als Betreiber sieht. Diese anonymisierten Logfiles werden 4 Tage lang aufgehoben.<\/p>\n<h3>Datenschutzerkl\u00e4rung f\u00fcr die Nutzung von Twitter<\/h3>\n<p>Auf unseren Seiten sind Funktionen des Dienstes Twitter eingebunden. Diese Funktionen werden angeboten durch die Twitter Inc., 1355 Market Street, Suite 900, San Francisco, CA 94103, USA. Durch das Benutzen von Twitter und der Funktion &#8220;Re-Tweet&#8221; werden die von Ihnen besuchten Webseiten mit Ihrem Twitter-Account verkn\u00fcpft und anderen Nutzern bekannt gegeben. Dabei werden auch Daten an Twitter \u00fcbertragen. Wir weisen darauf hin, dass wir als Anbieter der Seiten keine Kenntnis vom Inhalt der \u00fcbermittelten Daten sowie deren Nutzung durch Twitter erhalten. Weitere Informationen hierzu finden Sie in der Datenschutzerkl\u00e4rung von Twitter unter <a href=\"http:\/\/twitter.com\/privacy\">http:\/\/twitter.com\/privacy<\/a>. Ihre Datenschutzeinstellungen bei Twitter k\u00f6nnen Sie in den Konto-Einstellungen unter <a href=\"http:\/\/twitter.com\/account\/settings\">http:\/\/twitter.com\/account\/settings<\/a> \u00e4ndern.<\/p>\n<h3>Datenschutzerkl\u00e4rung f\u00fcr die Nutzung von YouTube<\/h3>\n<p>Unsere Webseite nutzt Plugins der von Google betriebenen Seite YouTube. Betreiber der Seiten ist die YouTube, LLC, 901 Cherry Ave., San Bruno, CA 94066, USA. Wenn Sie eine unserer mit einem YouTube-Plugin ausgestatteten Seiten besuchen, wird eine Verbindung zu den Servern von YouTube hergestellt. Dabei wird dem Youtube-Server mitgeteilt, welche unserer Seiten Sie besucht haben. Wenn Sie in Ihrem YouTube-Account eingeloggt sind erm\u00f6glichen Sie YouTube, Ihr Surfverhalten direkt Ihrem pers\u00f6nlichen Profil zuzuordnen. Dies k\u00f6nnen Sie verhindern, indem Sie sich aus Ihrem YouTube-Account ausloggen. Weitere Informationen zum Umgang von Nutzerdaten finden Sie in der Datenschutzerkl\u00e4rung von YouTube unter <a href=\"https:\/\/www.google.de\/intl\/de\/policies\/privacy\">https:\/\/www.google.de\/intl\/de\/policies\/privacy<\/a><\/p>\n<h3>Auskunft, L\u00f6schung, Sperrung<\/h3>\n<p>Sie haben jederzeit das Recht auf unentgeltliche Auskunft \u00fcber Ihre gespeicherten personenbezogenen Daten, deren Herkunft und Empf\u00e4nger und den Zweck der Datenverarbeitung sowie ein Recht auf Berichtigung, Sperrung oder L\u00f6schung dieser Daten. Hierzu sowie zu weiteren Fragen zum Thema personenbezogene Daten k\u00f6nnen Sie sich jederzeit unter der im Impressum angegebenen Adresse an uns wenden.<\/p>\n<h3>Widerspruch Werbe-Mails<\/h3>\n<p>Der Nutzung von im Rahmen der Impressumspflicht ver\u00f6ffentlichten Kontaktdaten zur \u00dcbersendung von nicht ausdr\u00fccklich angeforderter Werbung und Informationsmaterialien wird hiermit widersprochen. Die Betreiber der Seiten behalten sich ausdr\u00fccklich rechtliche Schritte im Falle der unverlangten Zusendung von Werbeinformationen, etwa durch Spam-E-Mails, vor.<\/p>\n<h3>Bilder<\/h3>\n<p>Die ver\u00f6ffentlichten Bilder auf dieser Website unterliegen dem Urheberrecht. Eine Verwertung der Bilder bedarf daher einer Zustimmung der jeweiligen Berechtigten.<\/p>\n<p>Bilder-Benutzung unter Lizenz von <a href=\"https:\/\/pixabay.com\">Pixabay<\/a><\/p>\n<p>Bilder-Benutzung unter Lizenz von <a href=\"https:\/\/www.shutterstock.com\/de\/\">Shutterstock.com<\/a><\/p>\n<ul>\n<li>Shutterstock.com: 193997234 \u00a9Anton Havelaar<\/li>\n<li>Shutterstock.com: 122114071 \u00a9Anton Havelaar<\/li>\n<li>Shutterstock.com: 99689576 \u00a9Bosnian<\/li>\n<li>Shutterstock.com: 289805465 \u00a9Fh Photo<\/li>\n<li>Shutterstock.com: 324614606 \u00a9Chinnapong<\/li>\n<li>Shutterstock.com: 95075494 \u00a9alexkatkov<span style=\"font-size: small; font-family: inherit; font-weight: normal;\"><\/span><\/li>\n<li>Shutterstock.com: 143116519 \u00a9stockfour<\/li>\n<li>Shutterstock.com: 268247162 \u00a9SpeedKingz<\/li>\n<li>Shutterstock.com: 272254136 \u00a9SpeedKing<\/li>\n<li>Shutterstock.com: 313311494 \u00a9SpeedKingz<\/li>\n<li>Shutterstock.com: 146630216 \u00a9 Andrey_Popov<\/li>\n<li>Shutterstock.com: 461828524 \u00a9Daniela Barreto<\/li>\n<li>Shutterstock.com: 466514006 \u00a9Daniela Barreto<\/li>\n<li>Shutterstock.com: 520173301 \u00a9Cherry-Merry<\/li>\n<li>Shutterstock.com: 97036796 \u00a9Ilike<\/li>\n<\/ul>\n<p><em>Quelle: <a href=\"https:\/\/www.e-recht24.de\/artikel\/datenschutz\/10066-abmahnung-datenschutzerklaerung-auf-webseiten.html\">eRecht24<\/a><\/em><\/p>\n<p>[\/et_pb_text][\/et_pb_column][\/et_pb_row][\/et_pb_section]<\/p>\n","protected":false},"excerpt":{"rendered":"<p>Impressum Anschrift Grundschule RohrbachSudetenstr. 674889 Sinsheim-Rohrbach Telefon: +49 (0) 7261 &#8211; 404790Telefax: +49 (0) 7261 &#8211; 404795 E-Mail:\u00a0poststelle@gsro.de B\u00fcrozeiten Mo: 08.00 &#8211; 12.00 Uhr Mi: 08.00 &#8211; 12.00 Uhr Do: 08.00 &#8211; 10.00 Uhr Schulleitung Bj\u00f6rn Wingerter M.A., RektorStefanie Radler, KonrektorinSchultr\u00e4ger Stadt Sinsheim Wilhelmstra\u00dfe 14 &#8211; 18 74889 Sinsheim Telefon: +49 (0) 7261 404-0 (Zentrale) [&hellip;]<\/p>\n","protected":false},"author":2,"featured_media":0,"parent":0,"menu_order":0,"comment_status":"closed","ping_status":"closed","template":"","meta":{"_et_pb_use_builder":"on","_et_pb_old_content":"","_et_gb_content_width":"","footnotes":""},"class_list":["post-28017","page","type-page","status-publish","hentry"],"_links":{"self":[{"href":"https:\/\/gsro.de\/index.php\/wp-json\/wp\/v2\/pages\/28017","targetHints":{"allow":["GET"]}}],"collection":[{"href":"https:\/\/gsro.de\/index.php\/wp-json\/wp\/v2\/pages"}],"about":[{"href":"https:\/\/gsro.de\/index.php\/wp-json\/wp\/v2\/types\/page"}],"author":[{"embeddable":true,"href":"https:\/\/gsro.de\/index.php\/wp-json\/wp\/v2\/users\/2"}],"replies":[{"embeddable":true,"href":"https:\/\/gsro.de\/index.php\/wp-json\/wp\/v2\/comments?post=28017"}],"version-history":[{"count":63,"href":"https:\/\/gsro.de\/index.php\/wp-json\/wp\/v2\/pages\/28017\/revisions"}],"predecessor-version":[{"id":30665,"href":"https:\/\/gsro.de\/index.php\/wp-json\/wp\/v2\/pages\/28017\/revisions\/30665"}],"wp:attachment":[{"href":"https:\/\/gsro.de\/index.php\/wp-json\/wp\/v2\/media?parent=28017"}],"curies":[{"name":"wp","href":"https:\/\/api.w.org\/{rel}","templated":true}]}}