{"id":28143,"date":"2017-02-15T12:14:08","date_gmt":"2017-02-15T11:14:08","guid":{"rendered":"https:\/\/gsro.de\/?page_id=28143"},"modified":"2025-04-08T09:49:01","modified_gmt":"2025-04-08T07:49:01","slug":"beratungslehrer","status":"publish","type":"page","link":"https:\/\/gsro.de\/index.php\/beratungslehrer\/","title":{"rendered":"Beratungslehrer"},"content":{"rendered":"<p>[et_pb_section fb_built=&#8221;1&#8243; custom_padding_last_edited=&#8221;on|desktop&#8221; admin_label=&#8221;section&#8221; _builder_version=&#8221;4.16&#8243; background_color=&#8221;#0c71c3&#8243; custom_padding_tablet=&#8221;50px|0|50px|0&#8243; custom_padding_phone=&#8221;77px|0px|0px|0px&#8221; transparent_background=&#8221;off&#8221; padding_mobile=&#8221;off&#8221; make_fullwidth=&#8221;off&#8221; use_custom_width=&#8221;off&#8221; width_unit=&#8221;off&#8221; custom_width_px=&#8221;1080px&#8221; custom_width_percent=&#8221;80%&#8221; global_colors_info=&#8221;{}&#8221;][et_pb_row column_structure=&#8221;1_3,2_3&#8243; padding_mobile=&#8221;off&#8221; column_padding_mobile=&#8221;on&#8221; admin_label=&#8221;Row&#8221; _builder_version=&#8221;4.16&#8243; background_size=&#8221;initial&#8221; background_position=&#8221;top_left&#8221; background_repeat=&#8221;repeat&#8221; custom_padding=&#8221;25.59375px|0px|3px|0px&#8221; make_fullwidth=&#8221;off&#8221; use_custom_width=&#8221;off&#8221; width_unit=&#8221;off&#8221; custom_width_px=&#8221;1080px&#8221; custom_width_percent=&#8221;80%&#8221; global_colors_info=&#8221;{}&#8221;][et_pb_column type=&#8221;1_3&#8243; _builder_version=&#8221;4.16&#8243; custom_padding=&#8221;|||&#8221; global_colors_info=&#8221;{}&#8221; custom_padding__hover=&#8221;|||&#8221;][et_pb_team_member name=&#8221;Inge Gebhardt-Jochem&#8221; position=&#8221;Beratungslehrerin&#8221; image_url=&#8221;https:\/\/gsro.de\/wp-content\/uploads\/2017\/02\/g-j.png&#8221; admin_label=&#8221;Person&#8221; _builder_version=&#8221;4.16&#8243; header_font=&#8221;|on||on|&#8221; header_font_size=&#8221;12px&#8221; body_text_color=&#8221;#000000&#8243; body_font_size=&#8221;12&#8243; body_line_height=&#8221;1.5em&#8221; background_color=&#8221;#ffffff&#8221; background_size=&#8221;initial&#8221; background_position=&#8221;top_left&#8221; background_repeat=&#8221;repeat&#8221; custom_padding=&#8221;40px|40px|40px|40px&#8221; animation=&#8221;fade_in&#8221; custom_css_main_element=&#8221;box-shadow: 0 0 20px rgba(0,0,0,.1);||&#8221; custom_css_member_image=&#8221;border-radius: 200px;||overflow: hidden;||margin-top: -100px;||box-shadow: 0 0 20px rgba(0,0,0,.1);||border: 2px solid #fff;||&#8221; use_border_color=&#8221;off&#8221; border_color=&#8221;#0c71c3&#8243; border_width=&#8221;1px&#8221; border_style=&#8221;solid&#8221; saved_tabs=&#8221;all&#8221; global_colors_info=&#8221;{}&#8221;]<\/p>\n<p>Am 15.02.2013 wurde<br \/>Frau Gebhardt-Jochem<br \/>zur Beratungslehrerin bestellt.<\/p>\n<p><span style=\"text-decoration: underline;\">Kontakt:<\/span><\/p>\n<p>E-Mail:<br \/>inge.gebhardt-jochem@zsl-rsma.de<\/p>\n<p>T: 07261-404791<\/p>\n<p><span style=\"color: #666666; background-color: #ffffff;\">Hinterlassen Sie mir Ihre Telefonnummer. Ich rufe Sie schnellstm\u00f6glich zur\u00fcck!<\/span><\/p>\n<p>[\/et_pb_team_member][\/et_pb_column][et_pb_column type=&#8221;2_3&#8243; _builder_version=&#8221;4.16&#8243; custom_padding=&#8221;|||&#8221; global_colors_info=&#8221;{}&#8221; custom_padding__hover=&#8221;|||&#8221;][et_pb_text admin_label=&#8221;Text&#8221; _builder_version=&#8221;4.16&#8243; background_size=&#8221;initial&#8221; background_position=&#8221;top_left&#8221; background_repeat=&#8221;repeat&#8221; background_layout=&#8221;dark&#8221; use_border_color=&#8221;off&#8221; border_style=&#8221;solid&#8221; global_colors_info=&#8221;{}&#8221;]<\/p>\n<h1>Beratungslehrerin<\/h1>\n<p>Das Aufgabengebiet des Beratungslehrers umfasst die Beratung von Eltern, Sch\u00fclern und Lehrern\u00a0in Fragen der Schullaufbahn (Einschulung, \u00dcberspringen oder Wiederholen einer Klasse, Schulwechsel), bei Lern- und Leistungsschwierigkeiten (pl\u00f6tzlicher Leistungsabfall, Leistungsschwankungen, Motivationsproblematik, ung\u00fcnstiges Lern- und Arbeitsverhalten, \u2026), Verdacht auf \u00dcberforderung bzw. Unterforderung, Schul- und Pr\u00fcfungsangst, bei Verhaltensauff\u00e4lligkeiten oder bei sonstigen Problemen in der Schule (Mobbing, pers\u00f6nliche Probleme, &#8230;).<\/p>\n<p>Ebenso kann ich von der Schulleitung zu Fragen der Einschulung beratend hinzugezogen werden.<\/p>\n<p>Gegebenenfalls stellen Beratungslehrer Kontakt zu au\u00dferschulischen Institutionen wie schulpsychologischen Beratungsstellen, zu Erziehungsberatungsstellen oder sozialen Diensten her.<\/p>\n<p>Als Beratungslehrerin stehe ich in engem Kontakt mit der Schulpsychologischen Beratungsstelle in Heidelberg.[\/et_pb_text][\/et_pb_column][\/et_pb_row][et_pb_row padding_mobile=&#8221;off&#8221; column_padding_mobile=&#8221;on&#8221; admin_label=&#8221;row&#8221; _builder_version=&#8221;4.16&#8243; background_size=&#8221;initial&#8221; background_position=&#8221;top_left&#8221; background_repeat=&#8221;repeat&#8221; custom_padding=&#8221;0px|0px|25.59375px|0px&#8221; make_fullwidth=&#8221;off&#8221; use_custom_width=&#8221;off&#8221; width_unit=&#8221;off&#8221; custom_width_px=&#8221;1080px&#8221; custom_width_percent=&#8221;80%&#8221; global_colors_info=&#8221;{}&#8221;][et_pb_column type=&#8221;4_4&#8243; _builder_version=&#8221;4.16&#8243; custom_padding=&#8221;|||&#8221; global_colors_info=&#8221;{}&#8221; custom_padding__hover=&#8221;|||&#8221;][et_pb_text admin_label=&#8221;Text&#8221; _builder_version=&#8221;4.20.2&#8243; background_size=&#8221;initial&#8221; background_position=&#8221;top_left&#8221; background_repeat=&#8221;repeat&#8221; background_layout=&#8221;dark&#8221; use_border_color=&#8221;off&#8221; border_style=&#8221;solid&#8221; global_colors_info=&#8221;{}&#8221;]<\/p>\n<p><span style=\"text-decoration: underline;\">Wichtige Prinzipien der Arbeit sind:<\/span><\/p>\n<ul>\n<li>Freiwilligkeit: Beratung erfolgt immer auf freiwilliger Basis, denn Hilfe ist nur m\u00f6glich, wenn sie auch gew\u00fcnscht wird.<\/li>\n<\/ul>\n<ul>\n<li>Vertraulichkeit: Der Beratungslehrer ist gesetzlich zur Verschwiegenheit verpflichtet. Nur der Ratsuchende selbst kann ihn von der Schweigepflicht entbinden.<\/li>\n<\/ul>\n<ul>\n<li>Neutralit\u00e4t: Der Beratungslehrer ist weder den Eltern noch der Lehrkraft verpflichtet.<\/li>\n<\/ul>\n<ul>\n<li>Kostenfreiheit<\/li>\n<\/ul>\n<ul>\n<li>Gemeinsame L\u00f6sungssuche: Vermittlung von Erkenntnissen und Methoden zur L\u00f6sung des Anliegens, Hilfe zur Selbsthilfe, ggf. kompetentes Weiterverweisen (ein Ver\u00e4nderungswunsch \/ Ver\u00e4nderungsbereitschaft von Seiten des Klienten ist zwingend notwendig!)<\/li>\n<\/ul>\n<p>Bei Beratung von minderj\u00e4hrigen Sch\u00fclern muss \u2013 nach einem Erstgespr\u00e4ch \u2013 das Einverst\u00e4ndnis der Eltern eingeholt werden. Dies gilt auch f\u00fcr kognitive Leistungstests.<\/p>\n<p>Gerne stehe ich Ihnen beratend zur Seite!<\/p>\n<p>[\/et_pb_text][\/et_pb_column][\/et_pb_row][\/et_pb_section]<\/p>\n","protected":false},"excerpt":{"rendered":"<p>Am 15.02.2013 wurdeFrau Gebhardt-Jochemzur Beratungslehrerin bestellt. Kontakt: E-Mail:inge.gebhardt-jochem@zsl-rsma.de T: 07261-404791 Hinterlassen Sie mir Ihre Telefonnummer. Ich rufe Sie schnellstm\u00f6glich zur\u00fcck!Beratungslehrerin Das Aufgabengebiet des Beratungslehrers umfasst die Beratung von Eltern, Sch\u00fclern und Lehrern\u00a0in Fragen der Schullaufbahn (Einschulung, \u00dcberspringen oder Wiederholen einer Klasse, Schulwechsel), bei Lern- und Leistungsschwierigkeiten (pl\u00f6tzlicher Leistungsabfall, Leistungsschwankungen, Motivationsproblematik, ung\u00fcnstiges Lern- und Arbeitsverhalten, \u2026), [&hellip;]<\/p>\n","protected":false},"author":2,"featured_media":0,"parent":0,"menu_order":0,"comment_status":"closed","ping_status":"closed","template":"","meta":{"_et_pb_use_builder":"on","_et_pb_old_content":"","_et_gb_content_width":"","footnotes":""},"class_list":["post-28143","page","type-page","status-publish","hentry"],"_links":{"self":[{"href":"https:\/\/gsro.de\/index.php\/wp-json\/wp\/v2\/pages\/28143","targetHints":{"allow":["GET"]}}],"collection":[{"href":"https:\/\/gsro.de\/index.php\/wp-json\/wp\/v2\/pages"}],"about":[{"href":"https:\/\/gsro.de\/index.php\/wp-json\/wp\/v2\/types\/page"}],"author":[{"embeddable":true,"href":"https:\/\/gsro.de\/index.php\/wp-json\/wp\/v2\/users\/2"}],"replies":[{"embeddable":true,"href":"https:\/\/gsro.de\/index.php\/wp-json\/wp\/v2\/comments?post=28143"}],"version-history":[{"count":32,"href":"https:\/\/gsro.de\/index.php\/wp-json\/wp\/v2\/pages\/28143\/revisions"}],"predecessor-version":[{"id":30667,"href":"https:\/\/gsro.de\/index.php\/wp-json\/wp\/v2\/pages\/28143\/revisions\/30667"}],"wp:attachment":[{"href":"https:\/\/gsro.de\/index.php\/wp-json\/wp\/v2\/media?parent=28143"}],"curies":[{"name":"wp","href":"https:\/\/api.w.org\/{rel}","templated":true}]}}