{"id":28243,"date":"2017-02-08T23:50:46","date_gmt":"2017-02-08T22:50:46","guid":{"rendered":"https:\/\/gsro.de\/?page_id=28243"},"modified":"2023-09-25T10:53:14","modified_gmt":"2023-09-25T08:53:14","slug":"krankmeldung","status":"publish","type":"page","link":"https:\/\/gsro.de\/index.php\/krankmeldung\/","title":{"rendered":"Krankmeldung"},"content":{"rendered":"<p>[et_pb_section fb_built=&#8221;1&#8243; custom_padding_last_edited=&#8221;on|phone&#8221; admin_label=&#8221;section&#8221; _builder_version=&#8221;4.16&#8243; background_color=&#8221;#ffffff&#8221; custom_padding_tablet=&#8221;50px|0|50px|0&#8243; custom_padding_phone=&#8221;20px||20px|&#8221; transparent_background=&#8221;off&#8221; padding_mobile=&#8221;off&#8221; make_fullwidth=&#8221;off&#8221; use_custom_width=&#8221;off&#8221; width_unit=&#8221;off&#8221; custom_width_px=&#8221;1080px&#8221; custom_width_percent=&#8221;80%&#8221; global_colors_info=&#8221;{}&#8221;][et_pb_row column_structure=&#8221;2_3,1_3&#8243; padding_mobile=&#8221;off&#8221; column_padding_mobile=&#8221;on&#8221; admin_label=&#8221;row&#8221; _builder_version=&#8221;4.16&#8243; background_size=&#8221;initial&#8221; background_position=&#8221;top_left&#8221; background_repeat=&#8221;repeat&#8221; custom_padding=&#8221;5|||&#8221; make_fullwidth=&#8221;off&#8221; use_custom_width=&#8221;off&#8221; width_unit=&#8221;off&#8221; custom_width_px=&#8221;1080px&#8221; custom_width_percent=&#8221;80%&#8221; global_colors_info=&#8221;{}&#8221;][et_pb_column type=&#8221;2_3&#8243; _builder_version=&#8221;4.16&#8243; custom_padding=&#8221;|||&#8221; global_colors_info=&#8221;{}&#8221; custom_padding__hover=&#8221;|||&#8221;][et_pb_text admin_label=&#8221;Text&#8221; _builder_version=&#8221;4.22.2&#8243; text_text_color=&#8221;#000000&#8243; background_size=&#8221;initial&#8221; background_position=&#8221;top_left&#8221; background_repeat=&#8221;repeat&#8221; hover_enabled=&#8221;0&#8243; use_border_color=&#8221;off&#8221; border_style=&#8221;solid&#8221; global_colors_info=&#8221;{}&#8221; sticky_enabled=&#8221;0&#8243;]<\/p>\n<h2>Krankmeldung<\/h2>\n<p>Ihr Kind ist krank und kann heute nicht zur Schule kommen?<\/p>\n<p>Dann\u00a0schicken Sie uns bitte <strong>eine Mitteilung <\/strong>per <a href=\"https:\/\/my.schoolfox.app\/#\/welcome\">SchoolFox<\/a>:<\/p>\n<p>1. Um eine Abwesenheit von Ihrem Kind zu senden, klicken Sie im Mitteilungsfenster auf den Button <i>,,Abweseneheit&#8221;.\u00a0<\/i><\/p>\n<p><img loading=\"lazy\" decoding=\"async\" src=\"https:\/\/gsro.de\/wp-content\/uploads\/2021\/03\/krank_001.jpg\" alt=\"\" class=\"wp-image-29539 aligncenter size-full\" style=\"float: left;\" width=\"512\" height=\"120\" srcset=\"https:\/\/gsro.de\/wp-content\/uploads\/2021\/03\/krank_001.jpg 512w, https:\/\/gsro.de\/wp-content\/uploads\/2021\/03\/krank_001-480x113.jpg 480w\" sizes=\"(min-width: 0px) and (max-width: 480px) 480px, (min-width: 481px) 512px, 100vw\" \/><\/p>\n<p>&nbsp;<\/p>\n<p>&nbsp;<\/p>\n<p>&nbsp;<\/p>\n<p class=\"bodytext\">2. Nun w\u00e4hlen Sie unter Begr\u00fcndung aus Krankheit, Arztbesuch, usw&#8230; aus und tragen das Anfangsdatum und das Enddatum ein.<\/p>\n<p class=\"bodytext\">3. Anschlie\u00dfend klicken Sie auf <i>&#8220;Empf\u00e4nger w\u00e4hlen&#8221;<\/i>, w\u00e4hlen den Empf\u00e4nger aus und senden die Mitteilung mit Klick auf <i>&#8220;Mitteilung schicken&#8221;<\/i> an die Lehrperson.<\/p>\n<p><img loading=\"lazy\" decoding=\"async\" src=\"https:\/\/gsro.de\/wp-content\/uploads\/2021\/03\/krank_002.png\" alt=\"\" class=\"wp-image-29540 aligncenter size-full\" style=\"float: left;\" width=\"538\" height=\"300\" srcset=\"https:\/\/gsro.de\/wp-content\/uploads\/2021\/03\/krank_002.png 538w, https:\/\/gsro.de\/wp-content\/uploads\/2021\/03\/krank_002-480x268.png 480w\" sizes=\"(min-width: 0px) and (max-width: 480px) 480px, (min-width: 481px) 538px, 100vw\" \/><\/p>\n<p>[\/et_pb_text][\/et_pb_column][et_pb_column type=&#8221;1_3&#8243; _builder_version=&#8221;4.16&#8243; custom_padding=&#8221;|||&#8221; global_colors_info=&#8221;{}&#8221; custom_padding__hover=&#8221;|||&#8221;][et_pb_image src=&#8221;https:\/\/gsro.de\/wp-content\/uploads\/2016\/11\/033-1.png&#8221; align_tablet=&#8221;center&#8221; align_phone=&#8221;&#8221; align_last_edited=&#8221;on|desktop&#8221; _builder_version=&#8221;4.16&#8243; animation_style=&#8221;slide&#8221; animation_direction=&#8221;left&#8221; animation_duration=&#8221;500ms&#8221; animation_intensity_slide=&#8221;10%&#8221; animation=&#8221;left&#8221; sticky=&#8221;off&#8221; always_center_on_mobile=&#8221;on&#8221; global_colors_info=&#8221;{}&#8221;][\/et_pb_image][\/et_pb_column][\/et_pb_row][\/et_pb_section]<\/p>\n","protected":false},"excerpt":{"rendered":"<p>Krankmeldung Ihr Kind ist krank und kann heute nicht zur Schule kommen? Dann\u00a0schicken Sie uns bitte eine Mitteilung per SchoolFox: 1. Um eine Abwesenheit von Ihrem Kind zu senden, klicken Sie im Mitteilungsfenster auf den Button ,,Abweseneheit&#8221;.\u00a0 &nbsp; &nbsp; &nbsp; 2. Nun w\u00e4hlen Sie unter Begr\u00fcndung aus Krankheit, Arztbesuch, usw&#8230; aus und tragen das Anfangsdatum [&hellip;]<\/p>\n","protected":false},"author":2,"featured_media":0,"parent":0,"menu_order":0,"comment_status":"closed","ping_status":"closed","template":"","meta":{"_et_pb_use_builder":"on","_et_pb_old_content":"<p>[et_pb_section admin_label=\"section\" transparent_background=\"off\" background_color=\"#ffffff\" allow_player_pause=\"off\" inner_shadow=\"off\" parallax=\"off\" parallax_method=\"on\" custom_padding_phone=\"20px||20px|\" padding_mobile=\"off\" make_fullwidth=\"off\" use_custom_width=\"off\" width_unit=\"off\" custom_width_px=\"1080px\" custom_width_percent=\"80%\" make_equal=\"off\" use_custom_gutter=\"off\" fullwidth=\"off\" specialty=\"off\" custom_padding_last_edited=\"on|phone\" disabled=\"off\"][et_pb_row admin_label=\"row\" make_fullwidth=\"off\" use_custom_width=\"off\" width_unit=\"off\" custom_width_px=\"1080px\" custom_width_percent=\"80%\" use_custom_gutter=\"off\" gutter_width=\"3\" custom_padding=\"5|||\" padding_mobile=\"off\" allow_player_pause=\"off\" parallax=\"off\" parallax_method=\"on\" make_equal=\"off\" column_padding_mobile=\"on\" parallax_1=\"off\" parallax_method_1=\"on\" parallax_2=\"off\" parallax_method_2=\"on\" parallax_3=\"off\" parallax_method_3=\"on\" parallax_4=\"off\" parallax_method_4=\"on\" disabled=\"off\"][et_pb_column type=\"4_4\"][et_pb_text admin_label=\"Text\" background_layout=\"light\" text_orientation=\"left\" text_text_color=\"#000000\" use_border_color=\"on\" border_color=\"#e02b20\" border_width=\"15px\" border_style=\"inset\" custom_padding=\"10px|10px|20px|10px\" disabled=\"off\"]<\/p><h4><strong>Datenschutzhinweis<\/strong><\/h4><p>Der Anschluss eines Computers an das Internet und der Versand von E-Mails \u00fcber das Internet sind mit Datenschutzrisiken verbunden. Die \u00f6ffentliche Verwaltung ist daher gehalten, Vorsorgema\u00dfnahmen gegen Datenmissbrauch zu treffen und keine vertraulichen oder personenbezogenen Daten \u00fcber das Internet zu versenden, ohne dass der Einsender ausdr\u00fccklich auf diese Risiken hingewiesen wurde und mit dem Versand von Daten \u00fcber das Internet ausdr\u00fccklich einverstanden ist.<\/p><p>Wir bitten Sie deshalb, Ihr Einverst\u00e4ndnis zur Beantwortung Ihres Schreibens\/Anliegens \u00fcber das Internet baldm\u00f6glichst elektronisch oder per Briefpost mitzuteilen. Andernfalls erhalten Sie eine Antwort per Briefpost.<\/p><p>[\/et_pb_text][\/et_pb_column][\/et_pb_row][\/et_pb_section][et_pb_section admin_label=\"section\" transparent_background=\"off\" background_color=\"#0c71c3\" allow_player_pause=\"off\" inner_shadow=\"off\" parallax=\"off\" parallax_method=\"on\" custom_padding_phone=\"20px|||\" padding_mobile=\"off\" make_fullwidth=\"off\" use_custom_width=\"off\" width_unit=\"off\" custom_width_px=\"1080px\" custom_width_percent=\"80%\" make_equal=\"off\" use_custom_gutter=\"off\" fullwidth=\"off\" specialty=\"off\" custom_padding_last_edited=\"on|phone\" disabled=\"off\"][et_pb_row admin_label=\"row\" make_fullwidth=\"off\" use_custom_width=\"off\" width_unit=\"off\" custom_width_px=\"1080px\" custom_width_percent=\"80%\" use_custom_gutter=\"off\" gutter_width=\"3\" custom_padding=\"27px|0px|27px|0px\" padding_mobile=\"off\" allow_player_pause=\"off\" parallax=\"off\" parallax_method=\"on\" make_equal=\"off\" column_padding_mobile=\"on\" parallax_1=\"off\" parallax_method_1=\"on\" parallax_2=\"off\" parallax_method_2=\"on\" parallax_3=\"off\" parallax_method_3=\"on\" parallax_4=\"off\" parallax_method_4=\"on\" disabled=\"off\"][et_pb_column type=\"2_3\"][et_pb_contact_form admin_label=\"Contact Form\" captcha=\"off\" email=\"poststelle@gsro.de\" title=\"Ihre Nachricht\" use_redirect=\"off\" success_message=\"Nachricht versandt!\" form_background_color=\"#ffffff\" input_border_radius=\"0\" module_id=\"et_pb_contact_form_0\" title_text_color=\"#ffffff\" form_field_text_color=\"#000000\" use_border_color=\"off\" border_color=\"#ffffff\" border_width=\"1px\" border_style=\"solid\" custom_button=\"on\" button_text_size=\"20\" button_text_color=\"#ffffff\" button_use_icon=\"on\" button_icon_color=\"#0c71c3\" button_icon_placement=\"right\" button_on_hover=\"on\" button_text_color_hover=\"#0c71c3\" button_bg_color_hover=\"#ffffff\" button_letter_spacing_hover=\"0\" disabled=\"off\"] [et_pb_contact_field field_id=\"Name\" field_title=\"Ihr Name (Pflichtfeld)\" field_type=\"input\" required_mark=\"on\" fullwidth_field=\"on\" input_border_radius=\"0\" disabled=\"off\"][\/et_pb_contact_field][et_pb_contact_field field_id=\"Email\" field_title=\"Ihre E-Mail (Pflichtfeld)\" field_type=\"email\" required_mark=\"on\" fullwidth_field=\"on\" input_border_radius=\"0\" disabled=\"off\"][\/et_pb_contact_field][et_pb_contact_field field_id=\"Name\" field_title=\"Name des Kindes\" field_type=\"input\" required_mark=\"off\" fullwidth_field=\"on\" input_border_radius=\"0\" disabled=\"off\"][\/et_pb_contact_field][et_pb_contact_field field_id=\"Klasse\" field_title=\"Klasse\" field_type=\"input\" required_mark=\"off\" fullwidth_field=\"on\" input_border_radius=\"0\" disabled=\"off\"][\/et_pb_contact_field][et_pb_contact_field field_id=\"Message\" field_title=\"Nachricht (Pflichtfeld)\" field_type=\"text\" required_mark=\"on\" fullwidth_field=\"on\" input_border_radius=\"0\" disabled=\"off\"][\/et_pb_contact_field] [\/et_pb_contact_form][\/et_pb_column][et_pb_column type=\"1_3\"][et_pb_text admin_label=\"Text\" background_layout=\"dark\" text_orientation=\"left\" header_font_size=\"15px\" text_font_size=\"14px\" use_border_color=\"off\" border_style=\"solid\" disabled=\"off\"]<\/p><h3>\u00a0<\/h3><p><strong>Addresse:<\/strong><\/p><p>Sudetenstr. 6<br \/> 74889 Sinsheim-Rohrbach<\/p><p><strong>Telefon:<\/strong><\/p><p>07261-61435<\/p><p><strong>E-Mail:<\/strong><\/p><p>poststelle@gsro.de<\/p><p><strong>B\u00fcrozeiten:<\/strong><\/p><table style=\"width: 286px; border-color: white; height: 360px;\"><tbody><tr><td style=\"width: 103.9375px;\">Montag<\/td><td style=\"width: 158.0625px;\">08.00-12.00 Uhr<\/td><\/tr><tr><td style=\"width: 103.9375px;\">Mittwoch<\/td><td style=\"width: 158.0625px;\">08.00-12.00 Uhr<\/td><\/tr><tr><td style=\"width: 103.9375px;\">Donnerstag<\/td><td style=\"width: 158.0625px;\">08.00-10.00 Uhr<\/td><\/tr><\/tbody><\/table><p>[\/et_pb_text][\/et_pb_column][\/et_pb_row][\/et_pb_section]<\/p>","_et_gb_content_width":"","footnotes":""},"class_list":["post-28243","page","type-page","status-publish","hentry"],"_links":{"self":[{"href":"https:\/\/gsro.de\/index.php\/wp-json\/wp\/v2\/pages\/28243","targetHints":{"allow":["GET"]}}],"collection":[{"href":"https:\/\/gsro.de\/index.php\/wp-json\/wp\/v2\/pages"}],"about":[{"href":"https:\/\/gsro.de\/index.php\/wp-json\/wp\/v2\/types\/page"}],"author":[{"embeddable":true,"href":"https:\/\/gsro.de\/index.php\/wp-json\/wp\/v2\/users\/2"}],"replies":[{"embeddable":true,"href":"https:\/\/gsro.de\/index.php\/wp-json\/wp\/v2\/comments?post=28243"}],"version-history":[{"count":18,"href":"https:\/\/gsro.de\/index.php\/wp-json\/wp\/v2\/pages\/28243\/revisions"}],"predecessor-version":[{"id":30443,"href":"https:\/\/gsro.de\/index.php\/wp-json\/wp\/v2\/pages\/28243\/revisions\/30443"}],"wp:attachment":[{"href":"https:\/\/gsro.de\/index.php\/wp-json\/wp\/v2\/media?parent=28243"}],"curies":[{"name":"wp","href":"https:\/\/api.w.org\/{rel}","templated":true}]}}