{"id":28434,"date":"2017-05-19T20:55:48","date_gmt":"2017-05-19T18:55:48","guid":{"rendered":"https:\/\/gsro.de\/?page_id=28434"},"modified":"2022-09-26T09:51:08","modified_gmt":"2022-09-26T07:51:08","slug":"schulsozialarbeit","status":"publish","type":"page","link":"https:\/\/gsro.de\/index.php\/schulsozialarbeit\/","title":{"rendered":"Schulsozialarbeit"},"content":{"rendered":"<p>[et_pb_section fb_built=&#8221;1&#8243; custom_padding_last_edited=&#8221;on|desktop&#8221; admin_label=&#8221;section&#8221; _builder_version=&#8221;4.16&#8243; custom_padding_tablet=&#8221;50px|0|50px|0&#8243; custom_padding_phone=&#8221;&#8221; transparent_background=&#8221;off&#8221; padding_mobile=&#8221;off&#8221; make_fullwidth=&#8221;off&#8221; use_custom_width=&#8221;off&#8221; width_unit=&#8221;off&#8221; custom_width_px=&#8221;1080px&#8221; custom_width_percent=&#8221;80%&#8221; global_colors_info=&#8221;{}&#8221;][et_pb_row column_structure=&#8221;1_2,1_2&#8243; _builder_version=&#8221;4.16&#8243; _module_preset=&#8221;default&#8221; min_height=&#8221;38px&#8221; custom_padding=&#8221;||0px|||&#8221; global_colors_info=&#8221;{}&#8221;][et_pb_column type=&#8221;1_2&#8243; _builder_version=&#8221;4.16&#8243; _module_preset=&#8221;default&#8221; global_colors_info=&#8221;{}&#8221;][et_pb_text _builder_version=&#8221;4.18.0&#8243; _module_preset=&#8221;default&#8221; custom_padding=&#8221;5px||10px|||&#8221; hover_enabled=&#8221;0&#8243; global_colors_info=&#8221;{}&#8221; sticky_enabled=&#8221;0&#8243;]<\/p>\n<p>Unter folgendem Link gelangen Sie auf direktem Weg zum meinem Padlet:<\/p>\n<p><a href=\"https:\/\/padlet.com\/isabellkahner\/Schulsozialarbeit\">https:\/\/padlet.com\/isabellkahner\/Schulsozialarbeit<\/a><\/p>\n<p><img loading=\"lazy\" decoding=\"async\" src=\"https:\/\/gsro.de\/wp-content\/uploads\/2022\/09\/kahner.webp\" alt=\"\" class=\"wp-image-29931 aligncenter size-full\" style=\"display: block; margin-left: auto; margin-right: auto;\" width=\"198\" height=\"255\" \/><\/p>\n<p>[\/et_pb_text][\/et_pb_column][et_pb_column _builder_version=&#8221;4.18.0&#8243; _module_preset=&#8221;default&#8221; type=&#8221;1_2&#8243;][et_pb_text _builder_version=&#8221;4.18.0&#8243; _module_preset=&#8221;default&#8221; hover_enabled=&#8221;0&#8243; sticky_enabled=&#8221;0&#8243;]<\/p>\n<p>Isabell Kahner<\/p>\n<p>Schulsozialarbeit Grundschule Rohrbach<\/p>\n<p>Tel.: 0172-6275369<\/p>\n<p>Email: <a href=\"mailto:schulsozialarbeit.kahner@sinsheim.de\">schulsozialarbeit.kahner@sinsheim.de<\/a><\/p>\n<p>Haben Sie Fragen oder Anregungen? Egal ob Gro\u00dfe oder Kleine &#8211; Sie k\u00f6nnen jederzeit unter folgenden Kontaktdaten auf mich zukommen.<\/p>\n<p>[\/et_pb_text][et_pb_button button_url=&#8221;https:\/\/gsro.de\/index.php\/einwilligungserklarung-schweigepflichtsentbindung\/&#8221; button_text=&#8221;Einwilligungserkl\u00e4rung \/ Schweigepflichtsentbindung&#8221; button_alignment=&#8221;center&#8221; _builder_version=&#8221;4.16&#8243; _module_preset=&#8221;default&#8221; global_colors_info=&#8221;{}&#8221;][\/et_pb_button][\/et_pb_column][\/et_pb_row][et_pb_row column_structure=&#8221;3_5,2_5&#8243; padding_mobile=&#8221;on&#8221; column_padding_mobile=&#8221;on&#8221; custom_padding_last_edited=&#8221;on|desktop&#8221; admin_label=&#8221;Row&#8221; _builder_version=&#8221;4.16&#8243; background_size=&#8221;initial&#8221; background_position=&#8221;top_left&#8221; background_repeat=&#8221;repeat&#8221; custom_padding=&#8221;20px||0px|&#8221; custom_padding_tablet=&#8221;&#8221; custom_padding_phone=&#8221;&#8221; make_fullwidth=&#8221;off&#8221; use_custom_width=&#8221;off&#8221; width_unit=&#8221;on&#8221; custom_width_px=&#8221;1080px&#8221; custom_width_percent=&#8221;80%&#8221; global_colors_info=&#8221;{}&#8221; custom_margin=&#8221;15px|auto||auto||&#8221;][et_pb_column type=&#8221;3_5&#8243; _builder_version=&#8221;4.16&#8243; custom_padding=&#8221;|||&#8221; global_colors_info=&#8221;{}&#8221; custom_padding__hover=&#8221;|||&#8221;][et_pb_text admin_label=&#8221;Text&#8221; _builder_version=&#8221;4.18.0&#8243; background_size=&#8221;initial&#8221; background_position=&#8221;top_left&#8221; background_repeat=&#8221;repeat&#8221; hover_enabled=&#8221;0&#8243; use_border_color=&#8221;off&#8221; border_style=&#8221;solid&#8221; global_colors_info=&#8221;{}&#8221; sticky_enabled=&#8221;0&#8243;]<\/p>\n<h3>Schulsozialarbeit<\/h3>\n<p>Liebe Eltern, liebe Sch\u00fclerInnen,<\/p>\n<p>als Schulsozialarbeiterin stelle ich die Bed\u00fcrfnisse der Kinder und Jugendlichen in den Mittelpunkt meiner Arbeit und m\u00f6chte bei Konflikten und Krisen gemeinsam mit allen Beteiligten eine optimale L\u00f6sung erarbeiten. Hilfe zur Selbsthilfe ist dabei meine Maxime.<\/p>\n<p>Daneben sind die Grunds\u00e4tze der Vertraulichkeit, der Freiwilligkeit, sowie eine transparente Kommunikation f\u00fcr mich von gro\u00dfer Bedeutung.<\/p>\n<p>Schulsozialarbeit ist aber nicht nur bei Krisen und Problemen da. In Projekten oder Klassen- und Gruppentrainings sollen Sozialkompetenzen spielerisch erlernt und das WIR Gef\u00fchl gest\u00e4rkt werden. Durch die Erfahrung von Selbstwirksamkeit innerhalb der Schule und der Gemeinschaft werden Kinder und Jugendliche zu aktiven Mitgestaltern eines harmonischen Schullebens. Inhaltlich und methodisch zielen die Angebote von Schulsozialarbeit auf die Vorbeugung von pers\u00f6nlichen und sozialen Problemlagen ab.<\/p>\n<p>Grunds\u00e4tze der Schulsozialarbeit:<\/p>\n<ul>\n<li>Freiwilligkeit<\/li>\n<li>Vertraulichkeit und Schweigepflicht<\/li>\n<li>Gleichberechtigte Kooperation<\/li>\n<li>Unabh\u00e4ngigkeit<\/li>\n<li>Lebenswelt -und Bed\u00fcrfnisorientierung<\/li>\n<li>Gemeinwesen- und Ressourcenorientierung<\/li>\n<li>Partizipation<\/li>\n<\/ul>\n<p>Schauen Sie auch gerne in meinem digitalen B\u00fcro vorbei. Auf meinem Padlet finden Sie weitere Informationen rund um meine T\u00e4tigkeit als Schulsozialarbeiterin, Hilfestellungen f\u00fcr Eltern und Kinder und einige Tipps zu Freizeitaktivit\u00e4ten in der Region.\u00a0<\/p>\n<p>Unter folgendem Link gelangen Sie auf direktem Weg zum meinem Padlet:<\/p>\n<p><a href=\"https:\/\/padlet.com\/isabellkahner\/Schulsozialarbeit\">https:\/\/padlet.com\/isabellkahner\/Schulsozialarbeit<\/a><\/p>\n<p>[\/et_pb_text][\/et_pb_column][et_pb_column type=&#8221;2_5&#8243; _builder_version=&#8221;4.16&#8243; custom_padding=&#8221;|||&#8221; global_colors_info=&#8221;{}&#8221; custom_padding__hover=&#8221;|||&#8221;][et_pb_gallery gallery_ids=&#8221;28571,28569&#8243; gallery_orderby=&#8221;rand&#8221; posts_number=&#8221;1&#8243; show_pagination=&#8221;off&#8221; admin_label=&#8221;Gallery&#8221; _builder_version=&#8221;4.16&#8243; caption_font=&#8221;||||||||&#8221; caption_text_align=&#8221;center&#8221; use_border_color=&#8221;off&#8221; border_color=&#8221;#ffffff&#8221; border_width=&#8221;1px&#8221; border_style=&#8221;solid&#8221; global_colors_info=&#8221;{}&#8221;]\u00a0<br \/>\n[\/et_pb_gallery][\/et_pb_column][\/et_pb_row][\/et_pb_section]<\/p>\n","protected":false},"excerpt":{"rendered":"<p>Unter folgendem Link gelangen Sie auf direktem Weg zum meinem Padlet: https:\/\/padlet.com\/isabellkahner\/Schulsozialarbeit Isabell Kahner Schulsozialarbeit Grundschule Rohrbach Tel.: 0172-6275369 Email: schulsozialarbeit.kahner@sinsheim.de Haben Sie Fragen oder Anregungen? Egal ob Gro\u00dfe oder Kleine &#8211; Sie k\u00f6nnen jederzeit unter folgenden Kontaktdaten auf mich zukommen.Schulsozialarbeit Liebe Eltern, liebe Sch\u00fclerInnen, als Schulsozialarbeiterin stelle ich die Bed\u00fcrfnisse der Kinder und Jugendlichen [&hellip;]<\/p>\n","protected":false},"author":2,"featured_media":0,"parent":0,"menu_order":0,"comment_status":"closed","ping_status":"closed","template":"","meta":{"_et_pb_use_builder":"on","_et_pb_old_content":"<p>Die Schulsozialarbeiterin Frau Moser ist zurzeit an der Schule am Giebel in Steinsfurt und an der\u00a0Grundschule Rohrbach t\u00e4tig. Deshalb beschr\u00e4nkt sich ihre tats\u00e4chliche Anwesenheit auf einen Tag in der Woche; Momentan\u00a0ist dies der Donnerstag. Hinzu kommen nach Bedarf weitere Termine, wie zum Beispiel Anwesenheit bei Eltergespr\u00e4chen, Gesamtlehrerkonferenzen oder besonderen Veranstaltungen der Schule.<\/p><p>Aufgrund der knapp bemessenen Zeit konzentriert sich die T\u00e4tigkeit der Schulsozialarbeit auf Arbeit mit Klassen und Gruppen, vor allem im Bereich Gewaltpr\u00e4vention. Fester Bestandteil ist ein <strong>Sozialtrainingsprogramm f\u00fcr die ersten und zweiten Klassen<\/strong> und die Streitschlichterausbildung f\u00fcr ausgew\u00e4hlte Kinder der dritten Klassen, die dann als Viertkl\u00e4ssler als <strong>Streitschlichter<\/strong> t\u00e4tig sind. Je nach Bedarf und Absprachen mit den Lehrkr\u00e4ften k\u00f6nnen f\u00fcr einzelne Klassen bestimmte zus\u00e4tzliche soziale Trainingseinheiten angeboten werden. Die Schulsozialarbeit moderiert\u00a0auf Wunsch bei<strong>\u00a0Konfliktgespr\u00e4chen<\/strong> mit einzelnen Kindern oder kleinen Sch\u00fclergruppen.<\/p><p>Im Folgenden werden diese verschiedenen T\u00e4tigkeiten ausf\u00fchrlicher beschrieben.<\/p><p><strong>Sozialtrainingsprogramm f\u00fcr die ersten und zweiten Klassen<\/strong><\/p><p>In der ersten Klasse stehen die Kinder vor vielen neuen Herausforderungen: Sie sollen Kulturtechniken wie Lesen und Schreiben lernen, m\u00fcssen unheimlich viele Informationen aufnehmen und befinden sich dazu in einem neuen sozialen Umfeld, kennen Mitsch\u00fcler und Lehrkr\u00e4fte noch nicht.<\/p><p>Das soziale Miteinander, das ganz entscheidend ist und sonst meist eher \u201ebeil\u00e4ufig\u201c vermittelt wird, soll nun bewusst bearbeitet werden:<\/p><ul><li>Gef\u00fchle wahrnehmen und benennen,<\/li><li>eigene St\u00e4rken und Schw\u00e4chen (und die der anderen) erkennen,<\/li><li>pers\u00f6nliche Wertsch\u00e4tzung ausdr\u00fccken.<\/li><\/ul><p>All diese sind F\u00e4higkeiten, die den Kindern in ihrer sp\u00e4teren Lebens-, Schul- und Berufslaufbahn von Vorteil sein werden und zudem zu einem guten Klassen- bzw. Schulklima beitragen.<\/p><p>Deshalb wird es als sinnvoll erachtet, in der ersten Klasse damit zu beginnen. Um dem Alter der Kinder Rechnung zu tragen, wurde ein Programm ausgew\u00e4hlt, das sich der Hilfe von Tieren (in diesem Fall K\u00e4ngurus) bedient; dies soll den Kindern den Zugang erleichtern.<\/p><p>Mithilfe von Geschichten, Spielen\/\u00dcbungen, Liedern und Gespr\u00e4chskreisen, werden verschiedene Gef\u00fchle, ihre \u00c4u\u00dferung und der Umgang damit besprochen und ge\u00fcbt. Die Klassenlehrkraft ist immer anwesend, um die Wichtigkeit des Trainings zu unterstreichen und die Nachhaltigkeit zu gew\u00e4hrleisten, denn die Inhalte sollen im Alltag verfestigt und wieder aufgegriffen werden.<\/p><p><strong>Streitschlichter<\/strong><\/p><p>Bei der Ausbildung zum\/r Streitschlichter\/in bzw. Sch\u00fclermediator\/in wird eine Gruppe von h\u00f6chstens zehn Kindern aus der dritten Klasse in zw\u00f6lf doppelst\u00fcndigen Unterrichts-einheiten mit dem Verfahren der Mediation vertraut gemacht.<\/p><p>Lehrkr\u00e4fte schlichten meist nicht, sondern richten, da das akut schneller geht und die Einbu\u00dfen an der Unterrichtszeit geringer sind; dies zeigt aber oft keinen nachhaltigen Effekt, da der Streit bei der n\u00e4chsten Gelegenheit wieder aufflammt. Im Gegensatz dazu wird bei der Mediation eine nachhaltige L\u00f6sung zu erreichen versucht, mit der beide Streitparteien einverstanden sind.<\/p><p>Die Kinder lernen angelehnt an die f\u00fcnf Schritte der klassischen Mediation die Streitschlichtung in sechs Stufen:<\/p><ul><li>Erkl\u00e4ren der Regeln<\/li><li>Frage nach dem Hergang<\/li><li>Frage nach den Gef\u00fchlen der Beteiligten<\/li><li>Frage nach der Vorgeschichte<\/li><li>Gemeinsame L\u00f6sungssuche<\/li><li>Vertrag\/Nachtreffen<\/li><\/ul><p>In vielen Rollenspielen wird das Erlernte immer wieder einge\u00fcbt. Am Ende der zw\u00f6lf Unterrichtseinheiten und eventueller zus\u00e4tzlicher \u00dcbungseinheiten wird zun\u00e4chst eine schriftliche, dann eine praktische Pr\u00fcfung abgelegt und die Kinder, die beide bestehen, werden als Viertkl\u00e4ssler dann als Streitschlichter eingesetzt.<\/p><p>Es findet regelm\u00e4\u00dfig eine Art Supervision f\u00fcr die Streitschlichterkinder durch die Schulsozialarbeiterin statt, damit diese die M\u00f6glichkeit bekommen, ihr Handeln zu reflektieren und auftretende Probleme zu besprechen. Die Streitschlichterkinder k\u00f6nnen sich mit ihren Fragen und Schwierigkeiten an die Schulsozialarbeiterin wenden (immer donnerstags im Haus).<\/p><p><strong>Moderation von Konfliktgespr\u00e4chen<\/strong><\/p><p>Die Schulsozialarbeiterin begleitet Konfliktgespr\u00e4che zwischen einzelnen Sch\u00fclern oder kleinen Sch\u00fclergruppen, wenn die Beteiligten dies nicht im Forum des Klassenrates besprechen m\u00f6chten (oder es in der Klasse keinen gibt), und die Sch\u00fclerstreitschlichter mit der Komplexit\u00e4t des Konfliktes oder der Anzahl der Sch\u00fcler \u00fcberfordert sind.<\/p><p><strong>Soziales Kompetenztraining<\/strong><\/p><p>Neben dem einheitlichen Trainingsprogramm f\u00fcr die ersten Klassen bietet die Schulsozialarbeit auch soziales Kompetenztraining f\u00fcr allen anderen Klassen an, wenn dies von der Lehrkraft gew\u00fcnscht\/ ben\u00f6tigt wird. Dieses Training wird verst\u00e4rkt an die Bed\u00fcrfnisse der Klasse angepasst. Die Grundinhalte sind aber alle gewaltpr\u00e4ventiv und entsprechen einer Fortf\u00fchrung des in der ersten Klasse Begonnenen. Vor allem sind Selbst- und Fremdwahrnehmung, Teamarbeit\/ Kooperation, Entstehung und Bew\u00e4ltigung von Konfliktsituationen und Kommunikation im Streitfall Inhalte des sozialen Kompetenztrainings.<\/p><p>\u00a0<\/p>","_et_gb_content_width":"","footnotes":""},"class_list":["post-28434","page","type-page","status-publish","hentry"],"_links":{"self":[{"href":"https:\/\/gsro.de\/index.php\/wp-json\/wp\/v2\/pages\/28434","targetHints":{"allow":["GET"]}}],"collection":[{"href":"https:\/\/gsro.de\/index.php\/wp-json\/wp\/v2\/pages"}],"about":[{"href":"https:\/\/gsro.de\/index.php\/wp-json\/wp\/v2\/types\/page"}],"author":[{"embeddable":true,"href":"https:\/\/gsro.de\/index.php\/wp-json\/wp\/v2\/users\/2"}],"replies":[{"embeddable":true,"href":"https:\/\/gsro.de\/index.php\/wp-json\/wp\/v2\/comments?post=28434"}],"version-history":[{"count":47,"href":"https:\/\/gsro.de\/index.php\/wp-json\/wp\/v2\/pages\/28434\/revisions"}],"predecessor-version":[{"id":29937,"href":"https:\/\/gsro.de\/index.php\/wp-json\/wp\/v2\/pages\/28434\/revisions\/29937"}],"wp:attachment":[{"href":"https:\/\/gsro.de\/index.php\/wp-json\/wp\/v2\/media?parent=28434"}],"curies":[{"name":"wp","href":"https:\/\/api.w.org\/{rel}","templated":true}]}}