{"id":28439,"date":"2017-05-19T21:13:24","date_gmt":"2017-05-19T19:13:24","guid":{"rendered":"https:\/\/gsro.de\/?page_id=28439"},"modified":"2024-07-22T11:54:12","modified_gmt":"2024-07-22T09:54:12","slug":"musikwerkstatt","status":"publish","type":"page","link":"https:\/\/gsro.de\/index.php\/musikwerkstatt\/","title":{"rendered":"AG Musikwerkstatt"},"content":{"rendered":"<p>[et_pb_section fb_built=&#8221;1&#8243; custom_padding_last_edited=&#8221;on|desktop&#8221; admin_label=&#8221;section&#8221; _builder_version=&#8221;4.16&#8243; custom_padding=&#8221;51.1875px|0px|22px|0px&#8221; custom_padding_tablet=&#8221;50px|0|50px|0&#8243; custom_padding_phone=&#8221;0px|0px|20px|0px&#8221; transparent_background=&#8221;off&#8221; padding_mobile=&#8221;off&#8221; make_fullwidth=&#8221;off&#8221; use_custom_width=&#8221;off&#8221; width_unit=&#8221;off&#8221; custom_width_px=&#8221;1080px&#8221; custom_width_percent=&#8221;80%&#8221; global_colors_info=&#8221;{}&#8221;][et_pb_row _builder_version=&#8221;4.27.0&#8243; _module_preset=&#8221;default&#8221; global_colors_info=&#8221;{}&#8221;][et_pb_column type=&#8221;4_4&#8243; _builder_version=&#8221;4.27.0&#8243; _module_preset=&#8221;default&#8221; global_colors_info=&#8221;{}&#8221;][et_pb_text _builder_version=&#8221;4.27.0&#8243; _module_preset=&#8221;default&#8221; global_colors_info=&#8221;{}&#8221;]<\/p>\n<h1>Kooperation mit der Musikschule Sinsheim<\/h1>\n<p><div id=\"attachment_28532\" style=\"width: 160px\" class=\"wp-caption aligncenter\"><img loading=\"lazy\" decoding=\"async\" aria-describedby=\"caption-attachment-28532\" src=\"https:\/\/gsro.de\/wp-content\/uploads\/2017\/05\/Untitled-design-150x150.jpg\" width=\"150\" height=\"150\" alt=\"Abbildungsnachweis:Shutterstock.com Bildnummer: 289805465, \u00a9 Fh Photo\" class=\"wp-image-28532 size-thumbnail\" \/><p id=\"caption-attachment-28532\" class=\"wp-caption-text\">Abbildungsnachweis:Shutterstock.com Bildnummer: 289805465, \u00a9 Fh Photo<\/p><\/div>Wir freuen uns, die neue Kooperation unserer Schule mit der <a href=\"https:\/\/www.musikschule-sinsheim.de\">Musikschule Sinsheim<\/a> bekannt zu geben! Diese Partnerschaft erm\u00f6glicht es unseren Sch\u00fclerinnen und Sch\u00fclern, ihre musikalischen Talente zu entdecken und weiterzuentwickeln. Gemeinsam mit erfahrenen Musikp\u00e4dagogen der Musikschule Sinsheim bieten wir ab sofort ein erweitertes Angebot an Instrumentalunterricht an. Durch diese Zusammenarbeit wollen wir die Freude an der Musik f\u00f6rdern und einen wichtigen Beitrag zur kulturellen Bildung leisten. Wir laden alle interessierten Sch\u00fclerinnen und Sch\u00fcler herzlich ein, an diesem spannenden Programm teilzunehmen und ihre musikalische Reise mit uns zu beginnen.<\/p>\n<p>[\/et_pb_text][\/et_pb_column][\/et_pb_row][et_pb_row _builder_version=&#8221;4.27.0&#8243; _module_preset=&#8221;default&#8221; global_colors_info=&#8221;{}&#8221;][et_pb_column type=&#8221;4_4&#8243; _builder_version=&#8221;4.27.0&#8243; _module_preset=&#8221;default&#8221; global_colors_info=&#8221;{}&#8221;][et_pb_tabs _builder_version=&#8221;4.27.0&#8243; _module_preset=&#8221;default&#8221; hover_enabled=&#8221;0&#8243; global_colors_info=&#8221;{}&#8221; sticky_enabled=&#8221;0&#8243;][et_pb_tab title=&#8221;Musikwerkstatt Kl.1&#8243; _builder_version=&#8221;4.27.0&#8243; _module_preset=&#8221;default&#8221; hover_enabled=&#8221;0&#8243; global_colors_info=&#8221;{}&#8221; sticky_enabled=&#8221;0&#8243;]<\/p>\n<p>Die Instrumente k\u00f6nnen von Ihren Kindern auch ausprobiert werden. So lernen sie im Laufe des Schuljahres nicht nur viele musikalische Grundlagen kennen, sondern werden auch mit vielen Instrumenten, deren Bauweise und Spieltechnik bekannt gemacht.<\/p>\n<p>Bei der <a href=\"https:\/\/www.musikschule-sinsheim.de\/unsere-musikschule\/kooperationen\/grundschulen-musikwerkstatt\">Musikwerkstatt<\/a> handelt es sich um ein fundiertes musikalisches Zusatzangebot, dass die Kinder auf spielerische und unterhaltsame Weise in die Welt der Musik einf\u00fchrt.<\/p>\n<p>Die Musikwerkstatt l\u00e4uft ein Schuljahr mit einer Schulstunde pro Woche. Die Lehrkr\u00e4fte der Musikschule kommen zu uns in die Grundschule, der Unterricht wird in den Stundenplan in eine Randstunde im Grundschulablauf integriert und findet hier statt. F\u00fcr weitere Fragen stehen wir und die Musikschule Sinsheim Ihnen gerne zur Verf\u00fcgung.<\/p>\n<p>[\/et_pb_tab][et_pb_tab title=&#8221;Blockfl\u00f6tenklasse Kl. 2&#8243; _builder_version=&#8221;4.27.0&#8243; _module_preset=&#8221;default&#8221; hover_enabled=&#8221;0&#8243; global_colors_info=&#8221;{}&#8221; sticky_enabled=&#8221;0&#8243;]<\/p>\n<div class=\"ce-bodytext\"><div id=\"attachment_28523\" style=\"width: 160px\" class=\"wp-caption aligncenter\"><img loading=\"lazy\" decoding=\"async\" aria-describedby=\"caption-attachment-28523\" src=\"https:\/\/gsro.de\/wp-content\/uploads\/2017\/08\/shutterstock_122114071-150x150.jpg\" width=\"150\" height=\"150\" alt=\"Abbildungsnachweis:Shutterstock.com Bildnummer:122114071 \u00a9Anton Havelaar\" class=\"wp-image-28523 size-thumbnail\" \/><p id=\"caption-attachment-28523\" class=\"wp-caption-text\">Abbildungsnachweis:Shutterstock.com Bildnummer: 122114071, \u00a9 Anton Havelaar<\/p><\/div><\/p>\n<p>Ab Oktober startet unsere <a href=\"https:\/\/www.musikschule-sinsheim.de\/unterricht-ensembles\/instrumentalunterricht\/blockfloetenklasse\">Blockfl\u00f6tenklasse<\/a>, ein neues Angebot f\u00fcr alle Kinder, die erste Erfahrungen mit dem Instrument machen m\u00f6chten.<\/p>\n<p>Mehr Infos <a href=\"https:\/\/www.musikschule-sinsheim.de\/fileadmin\/Dateien\/Microsite\/Dateien\/Flyer_Blockfloetenklasse_MS.pdf\" title=\"Leitet das Herunterladen des PDF-Dokuments ein\" class=\"download-new-window\" target=\"_blank\" rel=\"noopener\"><i class=\"far icon_content fa-download\" aria-hidden=\"true\"><\/i><span>hier (PDF-Dokument, 269,72 KB, 20.07.2023)<\/span><\/a><\/p>\n<\/div>\n<p>[\/et_pb_tab][et_pb_tab title=&#8221;Streicherklasse Kl. 2-4&#8243; _builder_version=&#8221;4.27.0&#8243; _module_preset=&#8221;default&#8221; global_colors_info=&#8221;{}&#8221;]<\/p>\n<p>Im kommenden Schuljahr 2024\/25 startet f\u00fcr die 2. &#8211; 4. Klasse an der Grundschule Rohrbach in Kooperation mit der St\u00e4dtischen Musikschule Sinsheim eine neue Kooperation.<\/p>\n<p>In der Geigenklasse erlernen die Sch\u00fclerinnen und Sch\u00fcler von Anfang an gemeinsam ihr Instrument. Im Rahmen des Schulunterrichts findet eine Wochenstunde Geigenunterricht, voraussichtlich donnerstags in der 6. Stunde, in der Grundschule statt.<\/p>\n<p>Herr Alexander Galushkin, Geigenlehrer der St\u00e4dtischen Musikschule, unterrichtet die Sch\u00fclerinnen und Sch\u00fcler in einer Gruppe von 5 bis maximal 8 Kindern. Die Geige wird also im Klassenverband erlernt. Ihr braucht nicht in die Musikschule zu kommen, wir kommen zu euch!<\/p>\n<p><strong>Warum eine Geigenklasse?<\/strong><\/p>\n<p>Wissenschaftliche Untersuchungen belegen, dass das Erlernen eines Musikinstrumentes die allgemeine Entwicklung eines Kindes f\u00f6rdert. Manuelle, kognitive, emotionale und soziale F\u00e4higkeiten werden auf besondere Weise geschult und gef\u00f6rdert. Und das vor allem, wenn es in einer Gruppe geschieht. Hier setzt der Geigen-Klassenunterricht an. Die Kinder erhalten alle zusammen einmal pro Woche 45 min. Unterricht. Gegenseitiges Zuh\u00f6ren, R\u00fccksichtnahme und auch Teamarbeit werden in der Blockfl\u00f6tenklasse spielerisch gef\u00f6rdert.<\/p>\n<p>[\/et_pb_tab][\/et_pb_tabs][\/et_pb_column][\/et_pb_row][\/et_pb_section]<\/p>\n","protected":false},"excerpt":{"rendered":"<p>Kooperation mit der Musikschule Sinsheim Wir freuen uns, die neue Kooperation unserer Schule mit der Musikschule Sinsheim bekannt zu geben! Diese Partnerschaft erm\u00f6glicht es unseren Sch\u00fclerinnen und Sch\u00fclern, ihre musikalischen Talente zu entdecken und weiterzuentwickeln. Gemeinsam mit erfahrenen Musikp\u00e4dagogen der Musikschule Sinsheim bieten wir ab sofort ein erweitertes Angebot an Instrumentalunterricht an. Durch diese Zusammenarbeit [&hellip;]<\/p>\n","protected":false},"author":2,"featured_media":0,"parent":0,"menu_order":0,"comment_status":"closed","ping_status":"closed","template":"","meta":{"_et_pb_use_builder":"on","_et_pb_old_content":"<p>Im Rahmen der Kooperation mit der Musikschule Sinsheim wird\u00a0den Kindern in der Musikwerkstatt\u00a0mittels Gesang, Sprache, Bewegung und Rhythmus wichtige Impulse vermittelt, die Spa\u00df machen und ein St\u00fcck weit die Schulen Kompetenzen der Kinder verbessern st\u00e4rken sollen. Erg\u00e4nzend dazu werden die Kinder regelm\u00e4\u00dfig von weiteren Lehrkr\u00e4ften der Musik besucht, die ihnen ihre Instrumente vorstellen werden. Die Instrumente k\u00f6nnen von Ihren Kindern auch ausprobiert werden. So lernen sie im Laufe des Schuljahres nicht nur viele musikalische Grundlagen kennen, sondern werden auch mit vielen Instrumenten, deren Bauweise und Spieltechnik bekannt gemacht.<\/p><p>Bei der Musikwerkstatt handelt es sich um ein fundiertes musikalisches Zusatzangebot, dass die Kinder auf spielerische und unterhaltsame Weise in die Welt der Musik einf\u00fchrt.<\/p><p>Die Musikwerkstatt l\u00e4uft ein Schuljahr mit einer Schulstunde pro Woche. Die Lehrkr\u00e4fte der Musikschule kommen zu uns in die Grundschule, der Unterricht wird in den Stundenplan in eine Randstunde im Grundschulablauf integriert und findet hier statt. Die Geb\u00fchr betr\u00e4gt monatlich 23\u20ac von Oktober 2017 bis einschlie\u00dflich Juli 2018.<\/p><p>F\u00fcr weitere Fragen stehen wir und die <a href=\"https:\/\/www.sinsheim.de\/pb\/,Lde\/397660.html\">Musikschule<\/a> Ihnen gerne zur Verf\u00fcgung.<\/p>","_et_gb_content_width":"","footnotes":""},"class_list":["post-28439","page","type-page","status-publish","hentry"],"_links":{"self":[{"href":"https:\/\/gsro.de\/index.php\/wp-json\/wp\/v2\/pages\/28439","targetHints":{"allow":["GET"]}}],"collection":[{"href":"https:\/\/gsro.de\/index.php\/wp-json\/wp\/v2\/pages"}],"about":[{"href":"https:\/\/gsro.de\/index.php\/wp-json\/wp\/v2\/types\/page"}],"author":[{"embeddable":true,"href":"https:\/\/gsro.de\/index.php\/wp-json\/wp\/v2\/users\/2"}],"replies":[{"embeddable":true,"href":"https:\/\/gsro.de\/index.php\/wp-json\/wp\/v2\/comments?post=28439"}],"version-history":[{"count":32,"href":"https:\/\/gsro.de\/index.php\/wp-json\/wp\/v2\/pages\/28439\/revisions"}],"predecessor-version":[{"id":30523,"href":"https:\/\/gsro.de\/index.php\/wp-json\/wp\/v2\/pages\/28439\/revisions\/30523"}],"wp:attachment":[{"href":"https:\/\/gsro.de\/index.php\/wp-json\/wp\/v2\/media?parent=28439"}],"curies":[{"name":"wp","href":"https:\/\/api.w.org\/{rel}","templated":true}]}}