{"id":28822,"date":"2019-12-13T13:52:14","date_gmt":"2019-12-13T12:52:14","guid":{"rendered":"https:\/\/gsro.de\/?page_id=28822"},"modified":"2019-12-13T14:58:55","modified_gmt":"2019-12-13T13:58:55","slug":"recyclingpapierfreundliche-schule","status":"publish","type":"page","link":"https:\/\/gsro.de\/index.php\/recyclingpapierfreundliche-schule\/","title":{"rendered":"Recyclingpapierfreundliche Schule"},"content":{"rendered":"<p>[et_pb_section fb_built=&#8221;1&#8243; _builder_version=&#8221;4.0.9&#8243;][et_pb_row _builder_version=&#8221;4.0.9&#8243; custom_padding=&#8221;||0px|||&#8221;][et_pb_column type=&#8221;4_4&#8243; _builder_version=&#8221;4.0.9&#8243;][et_pb_image src=&#8221;https:\/\/gsro.de\/wp-content\/uploads\/2019\/10\/gruenerbeschaffen_siegel_schule_transparent-1-150&#215;150.png&#8221; align=&#8221;center&#8221; _builder_version=&#8221;4.0.9&#8243; custom_margin=&#8221;||11px||false|false&#8221; custom_padding=&#8221;22px||35px|||&#8221; animation_style=&#8221;roll&#8221; hover_enabled=&#8221;0&#8243;][\/et_pb_image][\/et_pb_column][\/et_pb_row][et_pb_row column_structure=&#8221;2_5,3_5&#8243; _builder_version=&#8221;4.0.9&#8243; custom_margin=&#8221;-6px|auto||auto||&#8221;][et_pb_column type=&#8221;2_5&#8243; _builder_version=&#8221;4.0.9&#8243;][et_pb_image src=&#8221;https:\/\/gsro.de\/wp-content\/uploads\/2019\/12\/nachhaltigkeit_papier_ergebnis.jpg&#8221; align=&#8221;center&#8221; _builder_version=&#8221;4.0.9&#8243; custom_padding=&#8221;55px|||||&#8221;][\/et_pb_image][\/et_pb_column][et_pb_column type=&#8221;3_5&#8243; _builder_version=&#8221;4.0.9&#8243;][et_pb_text _builder_version=&#8221;4.0.9&#8243; custom_padding=&#8221;14px|||||&#8221;]<\/p>\n<h2>Recyclingpapierfreundliche Schule<\/h2>\n<p>Die Grundschule Rohrbach hat sich der <strong>Initiative Pro Recyclingpapier<\/strong> angeschlossen. Unser Kopierpapier ist vollst\u00e4ndig mit dem Logo \u201cBlauer Engel\u201d versehen und besteht daher zu <strong>100% aus recyceltem Altpapier<\/strong> und kommt daher aus \u00f6kologisch konsequenter Papierherstellung.<\/p>\n<p>Unsere Schule spart durch die Verwendung von Kopierpapier mit dem\u00a0\u201cBlauer Engel\u201d im Vergleich zu Frischfaserpapier in einem Schuljahr rund 1.347,9 kg Holz, 22.776,5 l Wasser, 4.691,5 kWh Energie und 125kg CO2.<\/p>\n<p>Durch die Verwendung des Rohstoffs Altpapier werden zudem die W\u00e4lder entlastet und die Artenvielfalt gest\u00e4rkt. Somit bietet Recyclingpapier eine besonders einfache und effektive M\u00f6glichkeit, nachhaltige Beschaffung konkret vorzuleben.<\/p>\n<p>[\/et_pb_text][\/et_pb_column][\/et_pb_row][et_pb_row _builder_version=&#8221;4.0.9&#8243; custom_padding=&#8221;39px|||||&#8221;][et_pb_column type=&#8221;4_4&#8243; _builder_version=&#8221;4.0.9&#8243;][et_pb_image src=&#8221;https:\/\/gsro.de\/wp-content\/uploads\/2019\/12\/Urkunde-Recyclingpapierfreundliche-Schule-scaled.jpg&#8221; align=&#8221;center&#8221; _builder_version=&#8221;4.0.9&#8243;][\/et_pb_image][\/et_pb_column][\/et_pb_row][\/et_pb_section]<\/p>\n","protected":false},"excerpt":{"rendered":"<p>Recyclingpapierfreundliche Schule Die Grundschule Rohrbach hat sich der Initiative Pro Recyclingpapier angeschlossen. Unser Kopierpapier ist vollst\u00e4ndig mit dem Logo \u201cBlauer Engel\u201d versehen und besteht daher zu 100% aus recyceltem Altpapier und kommt daher aus \u00f6kologisch konsequenter Papierherstellung. Unsere Schule spart durch die Verwendung von Kopierpapier mit dem\u00a0\u201cBlauer Engel\u201d im Vergleich zu Frischfaserpapier in einem Schuljahr [&hellip;]<\/p>\n","protected":false},"author":2,"featured_media":0,"parent":0,"menu_order":0,"comment_status":"closed","ping_status":"closed","template":"","meta":{"_et_pb_use_builder":"on","_et_pb_old_content":"","_et_gb_content_width":"","footnotes":""},"class_list":["post-28822","page","type-page","status-publish","hentry"],"_links":{"self":[{"href":"https:\/\/gsro.de\/index.php\/wp-json\/wp\/v2\/pages\/28822","targetHints":{"allow":["GET"]}}],"collection":[{"href":"https:\/\/gsro.de\/index.php\/wp-json\/wp\/v2\/pages"}],"about":[{"href":"https:\/\/gsro.de\/index.php\/wp-json\/wp\/v2\/types\/page"}],"author":[{"embeddable":true,"href":"https:\/\/gsro.de\/index.php\/wp-json\/wp\/v2\/users\/2"}],"replies":[{"embeddable":true,"href":"https:\/\/gsro.de\/index.php\/wp-json\/wp\/v2\/comments?post=28822"}],"version-history":[{"count":11,"href":"https:\/\/gsro.de\/index.php\/wp-json\/wp\/v2\/pages\/28822\/revisions"}],"predecessor-version":[{"id":28848,"href":"https:\/\/gsro.de\/index.php\/wp-json\/wp\/v2\/pages\/28822\/revisions\/28848"}],"wp:attachment":[{"href":"https:\/\/gsro.de\/index.php\/wp-json\/wp\/v2\/media?parent=28822"}],"curies":[{"name":"wp","href":"https:\/\/api.w.org\/{rel}","templated":true}]}}