{"id":28982,"date":"2019-12-18T13:43:38","date_gmt":"2019-12-18T12:43:38","guid":{"rendered":"https:\/\/gsro.de\/?page_id=28982"},"modified":"2019-12-18T13:49:56","modified_gmt":"2019-12-18T12:49:56","slug":"streitschlichter","status":"publish","type":"page","link":"https:\/\/gsro.de\/index.php\/streitschlichter\/","title":{"rendered":"Streitschlichter"},"content":{"rendered":"<p>[et_pb_section fb_built=&#8221;1&#8243; _builder_version=&#8221;4.0.9&#8243;][et_pb_row _builder_version=&#8221;4.0.9&#8243;][et_pb_column type=&#8221;4_4&#8243; _builder_version=&#8221;4.0.9&#8243;][et_pb_image src=&#8221;https:\/\/gsro.de\/wp-content\/uploads\/2019\/12\/shutterstock_97036796-1-scaled.jpg&#8221; _builder_version=&#8221;4.0.9&#8243;][\/et_pb_image][et_pb_text _builder_version=&#8221;4.0.9&#8243;]<\/p>\n<p style=\"text-align: center;\">Shutterstock.com: 97036796 \u00a9Ilike<\/p>\n<p>[\/et_pb_text][\/et_pb_column][\/et_pb_row][et_pb_row _builder_version=&#8221;4.0.9&#8243;][et_pb_column type=&#8221;4_4&#8243; _builder_version=&#8221;4.0.9&#8243;][et_pb_text _builder_version=&#8221;4.0.9&#8243;]<\/p>\n<p><strong>Streitschlichter<\/strong><\/p>\n<p>Bei der Ausbildung zum\/r Streitschlichter\/in bzw. Sch\u00fclermediator\/in wird eine Gruppe von h\u00f6chstens zehn Kindern aus der dritten Klasse in zw\u00f6lf doppelst\u00fcndigen Unterrichtseinheiten mit dem Verfahren der Mediation vertraut gemacht.<\/p>\n<p>Lehrkr\u00e4fte schlichten meist nicht, sondern richten, da das akut schneller geht und die Einbu\u00dfen an der Unterrichtszeit geringer sind; dies zeigt aber oft keinen nachhaltigen Effekt, da der Streit bei der n\u00e4chsten Gelegenheit wieder aufflammt. Im Gegensatz dazu wird bei der Mediation eine nachhaltige L\u00f6sung zu erreichen versucht, mit der beide Streitparteien einverstanden sind.<\/p>\n<p>Die Kinder lernen angelehnt an die f\u00fcnf Schritte der klassischen Mediation die Streitschlichtung in sechs Stufen:<\/p>\n<ul>\n<li>Erkl\u00e4ren der Regeln<\/li>\n<li>Frage nach dem Hergang<\/li>\n<li>Frage nach den Gef\u00fchlen der Beteiligten<\/li>\n<li>Frage nach der Vorgeschichte<\/li>\n<li>Gemeinsame L\u00f6sungssuche<\/li>\n<li>Vertrag\/Nachtreffen<\/li>\n<\/ul>\n<p>In vielen Rollenspielen wird das Erlernte immer wieder einge\u00fcbt. Am Ende der zw\u00f6lf Unterrichtseinheiten und eventueller zus\u00e4tzlicher \u00dcbungseinheiten wird zun\u00e4chst eine schriftliche, dann eine praktische Pr\u00fcfung abgelegt und die Kinder, die beide bestehen, werden als Viertkl\u00e4ssler dann als Streitschlichter eingesetzt.<\/p>\n<p>Es findet regelm\u00e4\u00dfig eine Art Supervision f\u00fcr die Streitschlichterkinder durch die Schulsozialarbeiterin statt, damit diese die M\u00f6glichkeit bekommen, ihr Handeln zu reflektieren und auftretende Probleme zu besprechen. Die Streitschlichterkinder k\u00f6nnen sich mit ihren Fragen und Schwierigkeiten an die Schulsozialarbeiterin wenden (immer donnerstags im Haus).<\/p>\n<p>[\/et_pb_text][\/et_pb_column][\/et_pb_row][\/et_pb_section]<\/p>\n","protected":false},"excerpt":{"rendered":"<p>Shutterstock.com: 97036796 \u00a9IlikeStreitschlichter Bei der Ausbildung zum\/r Streitschlichter\/in bzw. Sch\u00fclermediator\/in wird eine Gruppe von h\u00f6chstens zehn Kindern aus der dritten Klasse in zw\u00f6lf doppelst\u00fcndigen Unterrichtseinheiten mit dem Verfahren der Mediation vertraut gemacht. Lehrkr\u00e4fte schlichten meist nicht, sondern richten, da das akut schneller geht und die Einbu\u00dfen an der Unterrichtszeit geringer sind; dies zeigt aber oft [&hellip;]<\/p>\n","protected":false},"author":2,"featured_media":0,"parent":0,"menu_order":0,"comment_status":"closed","ping_status":"closed","template":"","meta":{"_et_pb_use_builder":"on","_et_pb_old_content":"","_et_gb_content_width":"","footnotes":""},"class_list":["post-28982","page","type-page","status-publish","hentry"],"_links":{"self":[{"href":"https:\/\/gsro.de\/index.php\/wp-json\/wp\/v2\/pages\/28982","targetHints":{"allow":["GET"]}}],"collection":[{"href":"https:\/\/gsro.de\/index.php\/wp-json\/wp\/v2\/pages"}],"about":[{"href":"https:\/\/gsro.de\/index.php\/wp-json\/wp\/v2\/types\/page"}],"author":[{"embeddable":true,"href":"https:\/\/gsro.de\/index.php\/wp-json\/wp\/v2\/users\/2"}],"replies":[{"embeddable":true,"href":"https:\/\/gsro.de\/index.php\/wp-json\/wp\/v2\/comments?post=28982"}],"version-history":[{"count":4,"href":"https:\/\/gsro.de\/index.php\/wp-json\/wp\/v2\/pages\/28982\/revisions"}],"predecessor-version":[{"id":28996,"href":"https:\/\/gsro.de\/index.php\/wp-json\/wp\/v2\/pages\/28982\/revisions\/28996"}],"wp:attachment":[{"href":"https:\/\/gsro.de\/index.php\/wp-json\/wp\/v2\/media?parent=28982"}],"curies":[{"name":"wp","href":"https:\/\/api.w.org\/{rel}","templated":true}]}}