{"id":29003,"date":"2020-01-09T12:13:27","date_gmt":"2020-01-09T11:13:27","guid":{"rendered":"https:\/\/gsro.de\/?page_id=29003"},"modified":"2020-01-09T12:20:03","modified_gmt":"2020-01-09T11:20:03","slug":"klassenrat","status":"publish","type":"page","link":"https:\/\/gsro.de\/index.php\/klassenrat\/","title":{"rendered":"Klassenrat"},"content":{"rendered":"<p>[et_pb_section fb_built=&#8221;1&#8243; _builder_version=&#8221;4.0.11&#8243; background_image=&#8221;https:\/\/gsro.de\/wp-content\/uploads\/2020\/01\/shutterstock_347462222-scaled.jpg&#8221; hover_enabled=&#8221;0&#8243;][et_pb_row _builder_version=&#8221;4.0.11&#8243;][et_pb_column type=&#8221;4_4&#8243; _builder_version=&#8221;4.0.11&#8243;][et_pb_text _builder_version=&#8221;4.0.11&#8243; text_text_color=&#8221;#000000&#8243; background_color=&#8221;rgba(255,255,255,0.67)&#8221; custom_margin=&#8221;||||false|false&#8221; custom_padding=&#8221;15px|||15px|false|false&#8221;]<\/p>\n<h3>Der Klassenrat an der GS Rohrbach:<\/h3>\n<p>Wie f\u00fchrt man ihn ein und wie funktioniert er?<\/p>\n<p><strong>1. Vor\u00fcberlegungen:<\/strong><\/p>\n<p>Der Klassenrat stammt aus der Freinet-P\u00e4dagogik und dient an der GS Rohrbach vor allem als demokratische Gespr\u00e4chsrunde von Lehrkr\u00e4ften und Sch\u00fclerschaft zu konkreten Problemen\/Konflikten, Ideen und positiven Momenten.<\/p>\n<p>\u2022\u00a0\u00a0\u00a0\u00a0\u00a0 Klassenratsstunde: eine feste Stunde in der Woche<\/p>\n<p>\u2022\u00a0\u00a0\u00a0\u00a0\u00a0 Stuhlkreis: die Sch\u00fcler sitzen beim Klassenrat im Stuhlkreis<\/p>\n<p>\u2022\u00a0\u00a0\u00a0\u00a0\u00a0 Redegegenstand: zur Unterst\u00fctzung der Einhaltung der Gespr\u00e4chsregeln wird ein Redegegenstand empfohlen<\/p>\n<p>\u2022\u00a0\u00a0\u00a0\u00a0\u00a0 Sammeln der Anliegen: im Klassenratsbriefkasten nur mit Namen, nicht anonym<\/p>\n<p>\u2022\u00a0\u00a0\u00a0\u00a0\u00a0 Leitung des Klassenrats: zu Beginn der Lehrer, Abgabe der Leitungsaufgaben (Klassenratspr\u00e4sident \u201eKP\u201c, Zeitw\u00e4chter) an die Sch\u00fcler ist das Ziel.<\/p>\n<p>&nbsp;<\/p>\n<p><strong>2. Fester Ablauf und Struktur des Klassenrats:<\/strong><\/p>\n<p>1)\u00a0\u00a0\u00a0 Vorbereitung der Klassenratssitzung (Stuhlkreis, Verteilen der Leitungsfunktionen)<\/p>\n<p>2)\u00a0\u00a0\u00a0 Einf\u00fchrung der Sitzung (Begr\u00fc\u00dfung, Erinnerung an die Regeln)<\/p>\n<p>3)\u00a0\u00a0\u00a0 Ordnen der zu kl\u00e4renden Anliegen\/Ideen<\/p>\n<p style=\"padding-left: 30px;\">a) Ich habe ein Problem \u2026<br \/> b) Ich habe eine Idee \u2026<br \/> c) Ich fand toll \u2026<\/p>\n<p style=\"padding-left: 30px;\">\n<p>4)\u00a0\u00a0\u00a0 Besprechung des zu kl\u00e4renden Problems: Klassenratspr\u00e4sident liest nur den Namen des Kindes vor, das Kind benennt sein Problem: Worin besteht das Problem, wer hat das Problem, wie geht es den Beteiligten, was wollen die Beteiligten erreichen, \u2026<\/p>\n<p>5)\u00a0\u00a0\u00a0 L\u00f6sungsversuche und Vereinbarung Suchen einer L\u00f6sung: Sammeln von L\u00f6sungsvorschl\u00e4gen\u00a0 und bewerten; Betroffene fragen, L\u00f6sung ausw\u00e4hlen<\/p>\n<p>6)\u00a0\u00a0\u00a0 Besprechung der vorgeschlagenen Ideen<br \/> Klassenratspr\u00e4sident liest den Namen des Kindes und die Idee vor, das Kind stellt seine Idee vor. Besprechen der Idee: Worin besteht die Idee; Wie k\u00f6nnte man sie umsetzen?<\/p>\n<p>7)\u00a0\u00a0\u00a0 Positiv-Runde: \u00a0Klassenratspr\u00e4sident liest den Namen des Kindes vor, das Kind benennt was ihr\/ihm gefallen hat.<\/p>\n<p>8)\u00a0\u00a0\u00a0 Schlie\u00dfen der Sitzung: Abschluss: Danke an alle\u00a0 Beteiligten!<\/p>\n<p>&nbsp;<\/p>\n<p><strong>3. Klassenratssitzung von Klasse 1-4<\/strong><\/p>\n<p>Klasse 1: Anbahnen des Klassenrats<\/p>\n<p>\u2022\u00a0\u00a0\u00a0\u00a0\u00a0 Stuhlkreis als Ritual (Kreis stellen \u00fcben, evtl. feste Sitzordnung im Kreis vereinbaren)<\/p>\n<p>\u2022\u00a0\u00a0\u00a0\u00a0\u00a0 Redegegenstand als Ritual (sich melden \u00fcben, den Gegenstand weitergeben \u00fcben)<\/p>\n<p>\u2022\u00a0\u00a0\u00a0\u00a0\u00a0 Positive Runde mit Weitergabe des Redegegenstandes<\/p>\n<p>\u2022\u00a0\u00a0\u00a0\u00a0\u00a0 Regeln (sich auf Regeln einigen, Regeln formulieren und visualisieren, Piktogramme oder Bilder, Regeln einhalten<\/p>\n<p>\u2022\u00a0\u00a0\u00a0\u00a0\u00a0 \u00dcbungen zur Selbst- und Fremdwahrnehmung<\/p>\n<p>&nbsp;<\/p>\n<p>Klasse 2: Einf\u00fchrung des Klassenrats mit allen Elementen<\/p>\n<p>\u2022\u00a0\u00a0\u00a0\u00a0\u00a0 Schriftliche Anmeldung der Anliegen (Zettel schreiben oder Bild malen)<\/p>\n<p>\u2022\u00a0\u00a0\u00a0\u00a0\u00a0 Durchf\u00fchren der Schritte des Klassenrats<\/p>\n<p>\u2022\u00a0\u00a0\u00a0\u00a0\u00a0 Leitung durch die Lehrkraft<\/p>\n<p>\u2022\u00a0\u00a0\u00a0\u00a0\u00a0 \u00dcbungen zum sozialen Lernen, um die F\u00e4higkeiten im Bereich der Selbst- und Fremdwahrnehmung, der Konzentration, Gef\u00fchle \u2026 zu verbessern<\/p>\n<p>&nbsp;<\/p>\n<p>Klasse 3 und 4: Vollst\u00e4ndige Durchf\u00fchrung aller Teile des Klassenrats<\/p>\n<p>\u2022\u00a0\u00a0\u00a0\u00a0\u00a0 Klassenratsbox zum Sammeln der Anliegen<\/p>\n<p>\u2022\u00a0\u00a0\u00a0\u00a0\u00a0 Konfliktmoderation zunehmend mit Blick auf Konflikterhellung und Einf\u00fchlen in den anderen<\/p>\n<p>\u2022\u00a0\u00a0\u00a0\u00a0\u00a0 \u00dcbergabe von Leitungsaufgaben an die Sch\u00fcler (je nach Klasse) (z.B. auf Zeit achten, Er\u00f6ffnen und Schlie\u00dfen der Sitzung, \u2026)<\/p>\n<p>\u2022\u00a0\u00a0\u00a0\u00a0\u00a0 \u00dcbungen zur Gespr\u00e4chsf\u00fchrung und Konfliktl\u00f6sung<\/p>\n<p>\u2022\u00a0\u00a0\u00a0\u00a0\u00a0 Besprechung von Terminen und Diensten der Klasse<\/p>\n<p>&nbsp;<\/p>\n<p>&nbsp;<\/p>\n<p>Shutterstock.com: 347462222 \u00a9stockfour<\/p>\n<p>[\/et_pb_text][\/et_pb_column][\/et_pb_row][\/et_pb_section]<\/p>\n","protected":false},"excerpt":{"rendered":"<p>Der Klassenrat an der GS Rohrbach: Wie f\u00fchrt man ihn ein und wie funktioniert er? 1. Vor\u00fcberlegungen: Der Klassenrat stammt aus der Freinet-P\u00e4dagogik und dient an der GS Rohrbach vor allem als demokratische Gespr\u00e4chsrunde von Lehrkr\u00e4ften und Sch\u00fclerschaft zu konkreten Problemen\/Konflikten, Ideen und positiven Momenten. \u2022\u00a0\u00a0\u00a0\u00a0\u00a0 Klassenratsstunde: eine feste Stunde in der Woche \u2022\u00a0\u00a0\u00a0\u00a0\u00a0 Stuhlkreis: [&hellip;]<\/p>\n","protected":false},"author":2,"featured_media":0,"parent":0,"menu_order":0,"comment_status":"closed","ping_status":"closed","template":"","meta":{"_et_pb_use_builder":"on","_et_pb_old_content":"","_et_gb_content_width":"","footnotes":""},"class_list":["post-29003","page","type-page","status-publish","hentry"],"_links":{"self":[{"href":"https:\/\/gsro.de\/index.php\/wp-json\/wp\/v2\/pages\/29003","targetHints":{"allow":["GET"]}}],"collection":[{"href":"https:\/\/gsro.de\/index.php\/wp-json\/wp\/v2\/pages"}],"about":[{"href":"https:\/\/gsro.de\/index.php\/wp-json\/wp\/v2\/types\/page"}],"author":[{"embeddable":true,"href":"https:\/\/gsro.de\/index.php\/wp-json\/wp\/v2\/users\/2"}],"replies":[{"embeddable":true,"href":"https:\/\/gsro.de\/index.php\/wp-json\/wp\/v2\/comments?post=29003"}],"version-history":[{"count":7,"href":"https:\/\/gsro.de\/index.php\/wp-json\/wp\/v2\/pages\/29003\/revisions"}],"predecessor-version":[{"id":29020,"href":"https:\/\/gsro.de\/index.php\/wp-json\/wp\/v2\/pages\/29003\/revisions\/29020"}],"wp:attachment":[{"href":"https:\/\/gsro.de\/index.php\/wp-json\/wp\/v2\/media?parent=29003"}],"curies":[{"name":"wp","href":"https:\/\/api.w.org\/{rel}","templated":true}]}}