{"id":29277,"date":"2020-10-22T11:35:49","date_gmt":"2020-10-22T09:35:49","guid":{"rendered":"https:\/\/gsro.de\/?page_id=29277"},"modified":"2020-10-22T11:38:53","modified_gmt":"2020-10-22T09:38:53","slug":"komm-mit-in-das-gesunde-boot","status":"publish","type":"page","link":"https:\/\/gsro.de\/index.php\/komm-mit-in-das-gesunde-boot\/","title":{"rendered":"Komm mit in das gesunde Boot"},"content":{"rendered":"<p>[et_pb_section fb_built=&#8221;1&#8243; _builder_version=&#8221;4.6.4&#8243; _module_preset=&#8221;default&#8221;][et_pb_row _builder_version=&#8221;4.6.4&#8243; _module_preset=&#8221;default&#8221;][et_pb_column type=&#8221;4_4&#8243; _builder_version=&#8221;4.6.4&#8243; _module_preset=&#8221;default&#8221;][et_pb_image src=&#8221;https:\/\/gsro.de\/wp-content\/uploads\/2020\/10\/Zertifikat-20.10.2020.jpg&#8221; title_text=&#8221;Gesundes Boot Zertifikat 20.10.2020&#8243; align=&#8221;center&#8221; _builder_version=&#8221;4.6.4&#8243; _module_preset=&#8221;default&#8221;][\/et_pb_image][\/et_pb_column][\/et_pb_row][et_pb_row _builder_version=&#8221;4.6.4&#8243; _module_preset=&#8221;default&#8221;][et_pb_column _builder_version=&#8221;4.6.4&#8243; _module_preset=&#8221;default&#8221; type=&#8221;4_4&#8243;][et_pb_text _builder_version=&#8221;4.6.4&#8243; _module_preset=&#8221;default&#8221; hover_enabled=&#8221;0&#8243; sticky_enabled=&#8221;0&#8243;]<\/p>\n<p>Bild (Stadt Sinsheim): Die Grundschule Rohrbach ist \u201emit an Bord\u201c beim \u201egesunden Boot\u201c<\/p>\n<p>[\/et_pb_text][\/et_pb_column][\/et_pb_row][et_pb_row _builder_version=&#8221;4.6.4&#8243; _module_preset=&#8221;default&#8221;][et_pb_column _builder_version=&#8221;4.6.4&#8243; _module_preset=&#8221;default&#8221; type=&#8221;4_4&#8243;][et_pb_image src=&#8221;https:\/\/gsro.de\/wp-content\/uploads\/2019\/10\/images.png&#8221; _builder_version=&#8221;4.6.4&#8243; _module_preset=&#8221;default&#8221; title_text=&#8221;images&#8221; hover_enabled=&#8221;0&#8243; sticky_enabled=&#8221;0&#8243; align=&#8221;center&#8221;][\/et_pb_image][\/et_pb_column][\/et_pb_row][et_pb_row _builder_version=&#8221;4.6.4&#8243; _module_preset=&#8221;default&#8221;][et_pb_column type=&#8221;4_4&#8243; _builder_version=&#8221;4.6.4&#8243; _module_preset=&#8221;default&#8221;][et_pb_text _builder_version=&#8221;4.6.4&#8243; _module_preset=&#8221;default&#8221; custom_padding=&#8221;11px|||||&#8221;]<\/p>\n<h2>\u201eDas gesunde Boot\u201c<\/h2>\n<h4><\/h4>\n<h4>\u00a0Grundschule Rohrbach zertifiziert<\/h4>\n<p>&nbsp;<\/p>\n<p>Bewegungsarmut, ungesunde Ern\u00e4hrung, hoher Medienkonsum und \u00dcbergewicht \u2013 die gesundheitlichen Risikofaktoren unserer heutigen Gesellschaft sind h\u00e4ufig bereits im Kindesalter in erschreckend hohem Ausma\u00df vorhanden und machen die Notwendigkeit fr\u00fchzeitiger gezielter Pr\u00e4ventionsma\u00dfnahmen deutlich.<\/p>\n<p>Vor diesem Hintergrund entstand 2006 das Programm \u201eKomm mit in das gesunde Boot\u201c der Baden-W\u00fcrttemberg Stiftung. Das Programm richtete sich zun\u00e4chst nur an Kinderg\u00e4rten und wurde aufgrund des gro\u00dfen Erfolgs 2009 auch auf alle Jahrgangsstufen der Grundschule ausgeweitet.<\/p>\n<p>Schulen, die sich besonders aktiv in der Gesundheitsf\u00f6rderung und f\u00fcr das Programm engagieren, wird ein Zertifikat und das Siegel \u201eKomm mit in das gesunde Boot \u2013 wir sind an Bord\u201c verliehen. Seit dem 1. Oktober hei\u00dft es auch f\u00fcr die Grundschule Rohrbach \u201eWir sind an Bord\u201c. Das Zertifikat belegt das Engagement der Schule in den Bereichen kindliche Bewegung, gesunde Ern\u00e4hrung und medienreduzierte Freizeitgestaltung. Das Zertifikat bescheinigt au\u00dferdem die Weiterbildung von Lehrkr\u00e4ften im Rahmen des Gesundheitsf\u00f6rderprogramms.<\/p>\n<p>Oberb\u00fcrgermeister J\u00f6rg Albrecht, Ortsvorsteher Friedhelm Zoller, Schulrat Michael K\u00f6rber und Amtsleiterin Carmen Eckert-Leutz gratulierten Schulleiter Bj\u00f6rn Wingerter vor Ort ganz herzlich.<\/p>\n<p>\u201eEigentlich h\u00e4tte es f\u00fcr alle zertifizierten Schulen einen Festakt in Stuttgart geben sollen\u201c, berichtete Wingerter. Dieser konnte coronabedingt nicht stattfinden. \u201eUmso mehr freue ich mich dar\u00fcber, das Zertifikat im kleinen Rahmen vorstellen zu d\u00fcrfen.\u201c Stolz pr\u00e4sentierten Kamilla und Ledri, Klassensprecher der Klassen 3 a und b, die Maskottchen des Programms und das Siegel, das k\u00fcnftig im Schulhaus h\u00e4ngt. Vier Mal im Jahr gibt es an der Grundschule Rohrbach einen \u201eGesundes Boot\u201c-Tag. Beim n\u00e4chsten Termin vor Weihnachten widmen sich Kinder und Lehrer dem Thema Zucker. \u00dcber das ganze Schuljahr hinweg sind die Themen des \u201egesunden Boots\u201c au\u00dferdem Teil des Deutsch- und Sachunterrichts, immer altersgerecht den einzelnen Jahrg\u00e4ngen entsprechend.<\/p>\n<p>Die Zertifizierung ist zun\u00e4chst f\u00fcr vier Jahre g\u00fcltig, dann sind eine Rezertifizierung und eine erneute Pr\u00fcfung der Kriterien erforderlich.<\/p>\n<p>[\/et_pb_text][\/et_pb_column][\/et_pb_row][\/et_pb_section]<\/p>\n","protected":false},"excerpt":{"rendered":"<p>Bild (Stadt Sinsheim): Die Grundschule Rohrbach ist \u201emit an Bord\u201c beim \u201egesunden Boot\u201c\u201eDas gesunde Boot\u201c \u00a0Grundschule Rohrbach zertifiziert &nbsp; Bewegungsarmut, ungesunde Ern\u00e4hrung, hoher Medienkonsum und \u00dcbergewicht \u2013 die gesundheitlichen Risikofaktoren unserer heutigen Gesellschaft sind h\u00e4ufig bereits im Kindesalter in erschreckend hohem Ausma\u00df vorhanden und machen die Notwendigkeit fr\u00fchzeitiger gezielter Pr\u00e4ventionsma\u00dfnahmen deutlich. Vor diesem Hintergrund entstand [&hellip;]<\/p>\n","protected":false},"author":2,"featured_media":0,"parent":0,"menu_order":0,"comment_status":"closed","ping_status":"closed","template":"","meta":{"_et_pb_use_builder":"on","_et_pb_old_content":"","_et_gb_content_width":"","footnotes":""},"class_list":["post-29277","page","type-page","status-publish","hentry"],"_links":{"self":[{"href":"https:\/\/gsro.de\/index.php\/wp-json\/wp\/v2\/pages\/29277","targetHints":{"allow":["GET"]}}],"collection":[{"href":"https:\/\/gsro.de\/index.php\/wp-json\/wp\/v2\/pages"}],"about":[{"href":"https:\/\/gsro.de\/index.php\/wp-json\/wp\/v2\/types\/page"}],"author":[{"embeddable":true,"href":"https:\/\/gsro.de\/index.php\/wp-json\/wp\/v2\/users\/2"}],"replies":[{"embeddable":true,"href":"https:\/\/gsro.de\/index.php\/wp-json\/wp\/v2\/comments?post=29277"}],"version-history":[{"count":3,"href":"https:\/\/gsro.de\/index.php\/wp-json\/wp\/v2\/pages\/29277\/revisions"}],"predecessor-version":[{"id":29284,"href":"https:\/\/gsro.de\/index.php\/wp-json\/wp\/v2\/pages\/29277\/revisions\/29284"}],"wp:attachment":[{"href":"https:\/\/gsro.de\/index.php\/wp-json\/wp\/v2\/media?parent=29277"}],"curies":[{"name":"wp","href":"https:\/\/api.w.org\/{rel}","templated":true}]}}