{"id":29494,"date":"2021-02-24T11:06:20","date_gmt":"2021-02-24T10:06:20","guid":{"rendered":"https:\/\/gsro.de\/?page_id=29494"},"modified":"2021-02-24T11:10:28","modified_gmt":"2021-02-24T10:10:28","slug":"energie-detektiv-ede","status":"publish","type":"page","link":"https:\/\/gsro.de\/index.php\/energie-detektiv-ede\/","title":{"rendered":"Energie-Detektiv EDe"},"content":{"rendered":"<p>[et_pb_section fb_built=&#8221;1&#8243; _builder_version=&#8221;4.9.0&#8243; _module_preset=&#8221;default&#8221;][et_pb_row _builder_version=&#8221;4.9.0&#8243; _module_preset=&#8221;default&#8221;][et_pb_column type=&#8221;4_4&#8243; _builder_version=&#8221;4.9.0&#8243; _module_preset=&#8221;default&#8221;][et_pb_text _builder_version=&#8221;4.9.0&#8243; _module_preset=&#8221;default&#8221; hover_enabled=&#8221;0&#8243; sticky_enabled=&#8221;0&#8243;]<\/p>\n<h1><b>Energie-Detektiv EDe<\/b><\/h1>\n<p>[\/et_pb_text][\/et_pb_column][\/et_pb_row][et_pb_row _builder_version=&#8221;4.9.0&#8243; _module_preset=&#8221;default&#8221;][et_pb_column type=&#8221;4_4&#8243; _builder_version=&#8221;4.9.0&#8243; _module_preset=&#8221;default&#8221;][et_pb_image src=&#8221;https:\/\/gsro.de\/wp-content\/uploads\/2021\/02\/Mes_03-02.jpg&#8221; alt=&#8221;Gruppenbild EDE&#8221; title_text=&#8221;Mes_03-02&#8243; _builder_version=&#8221;4.9.0&#8243; _module_preset=&#8221;default&#8221;][\/et_pb_image][\/et_pb_column][\/et_pb_row][et_pb_row column_structure=&#8221;1_2,1_2&#8243; _builder_version=&#8221;4.9.0&#8243; _module_preset=&#8221;default&#8221;][et_pb_column type=&#8221;1_2&#8243; _builder_version=&#8221;4.9.0&#8243; _module_preset=&#8221;default&#8221;][et_pb_text _builder_version=&#8221;4.9.0&#8243; _module_preset=&#8221;default&#8221; hover_enabled=&#8221;0&#8243; sticky_enabled=&#8221;0&#8243;]<\/p>\n<p>Seit dem Schuljahr 2019\/2020 ist Energie-Detektiv EDe an der Grundschule Rohrbach im Einsatz. Im Auftrag des Ministeriums f\u00fcr Umwelt, Klima und Energiewirtschaft\u00a0bildet er unsere Viertkl\u00e4ssler zu Junior-Energie-Detektiven aus.<\/p>\n<p>Eine Schulaktion dauert vier Schulstunden, in denen M\u00e4dchen und Jungen zu Junior-Energie-Detektiven ausgebildet werden. Sie erforschen, wo im Alltag Energie ben\u00f6tigt wird und wie fossile Energietr\u00e4ger durch erneuerbare Energie ersetzt werden k\u00f6nnen. Mit Messger\u00e4ten \u00fcberpr\u00fcfen sie die Temperatur an unterschiedlichen Stellen im Klassenzimmer sowie den Strombedarf verschiedener Elektroger\u00e4te. Au\u00dferdem entlarven sie gemeinsam Energiediebe, die beispielsweise in Radioweckern, elektrischen Zahnb\u00fcrsten oder Spielkonsolen stecken. Sie messen auch den Stromverbrauch und die Helligkeit verschiedener Lampentypen.<\/p>\n<p>[\/et_pb_text][\/et_pb_column][et_pb_column type=&#8221;1_2&#8243; _builder_version=&#8221;4.9.0&#8243; _module_preset=&#8221;default&#8221;][et_pb_text _builder_version=&#8221;4.9.0&#8243; _module_preset=&#8221;default&#8221; hover_enabled=&#8221;0&#8243; sticky_enabled=&#8221;0&#8243;]<\/p>\n<p>Im zweiten Teil des Programms erfahren die Sch\u00fclerinnen und Sch\u00fcler, wie Energie aus Wind, Wasser, Sonne und Biomasse genutzt werden kann. Jeder erh\u00e4lt au\u00dferdem ein Detektiv-Heft mit Informationen und Fragen zum Thema Energiesparen und erneuerbare Energien. Am Ende der Ausbildung werden die Kinder mit einer Urkunde belohnt.<\/p>\n<p>Die Inhalte der Schulaktion \u2013 vom Ministerium f\u00fcr Kultus, Jugend und Sport unterst\u00fctzt \u2013 nehmen Bezug zum Bildungsplan f\u00fcr Grundschulen.<\/p>\n<p>[\/et_pb_text][\/et_pb_column][\/et_pb_row][\/et_pb_section]<\/p>\n","protected":false},"excerpt":{"rendered":"<p>Energie-Detektiv EDeSeit dem Schuljahr 2019\/2020 ist Energie-Detektiv EDe an der Grundschule Rohrbach im Einsatz. Im Auftrag des Ministeriums f\u00fcr Umwelt, Klima und Energiewirtschaft\u00a0bildet er unsere Viertkl\u00e4ssler zu Junior-Energie-Detektiven aus. Eine Schulaktion dauert vier Schulstunden, in denen M\u00e4dchen und Jungen zu Junior-Energie-Detektiven ausgebildet werden. Sie erforschen, wo im Alltag Energie ben\u00f6tigt wird und wie fossile Energietr\u00e4ger [&hellip;]<\/p>\n","protected":false},"author":2,"featured_media":0,"parent":0,"menu_order":0,"comment_status":"closed","ping_status":"closed","template":"","meta":{"_et_pb_use_builder":"on","_et_pb_old_content":"","_et_gb_content_width":"","footnotes":""},"class_list":["post-29494","page","type-page","status-publish","hentry"],"_links":{"self":[{"href":"https:\/\/gsro.de\/index.php\/wp-json\/wp\/v2\/pages\/29494","targetHints":{"allow":["GET"]}}],"collection":[{"href":"https:\/\/gsro.de\/index.php\/wp-json\/wp\/v2\/pages"}],"about":[{"href":"https:\/\/gsro.de\/index.php\/wp-json\/wp\/v2\/types\/page"}],"author":[{"embeddable":true,"href":"https:\/\/gsro.de\/index.php\/wp-json\/wp\/v2\/users\/2"}],"replies":[{"embeddable":true,"href":"https:\/\/gsro.de\/index.php\/wp-json\/wp\/v2\/comments?post=29494"}],"version-history":[{"count":4,"href":"https:\/\/gsro.de\/index.php\/wp-json\/wp\/v2\/pages\/29494\/revisions"}],"predecessor-version":[{"id":29503,"href":"https:\/\/gsro.de\/index.php\/wp-json\/wp\/v2\/pages\/29494\/revisions\/29503"}],"wp:attachment":[{"href":"https:\/\/gsro.de\/index.php\/wp-json\/wp\/v2\/media?parent=29494"}],"curies":[{"name":"wp","href":"https:\/\/api.w.org\/{rel}","templated":true}]}}