{"id":29891,"date":"2022-05-31T10:09:46","date_gmt":"2022-05-31T08:09:46","guid":{"rendered":"https:\/\/gsro.de\/?page_id=29891"},"modified":"2024-08-03T15:58:53","modified_gmt":"2024-08-03T13:58:53","slug":"rechtliche-grundlagen-unserer-schulischen-arbeit","status":"publish","type":"page","link":"https:\/\/gsro.de\/index.php\/rechtliche-grundlagen-unserer-schulischen-arbeit\/","title":{"rendered":"Rechtliche Grundlagen unserer schulischen Arbeit"},"content":{"rendered":"<p>[et_pb_section fb_built=&#8221;1&#8243; _builder_version=&#8221;4.16&#8243; global_colors_info=&#8221;{}&#8221;][et_pb_row _builder_version=&#8221;4.16&#8243; background_size=&#8221;initial&#8221; background_position=&#8221;top_left&#8221; background_repeat=&#8221;repeat&#8221; global_colors_info=&#8221;{}&#8221;][et_pb_column type=&#8221;4_4&#8243; _builder_version=&#8221;4.16&#8243; custom_padding=&#8221;|||&#8221; global_colors_info=&#8221;{}&#8221; custom_padding__hover=&#8221;|||&#8221;][et_pb_text _builder_version=&#8221;4.27.0&#8243; background_size=&#8221;initial&#8221; background_position=&#8221;top_left&#8221; background_repeat=&#8221;repeat&#8221; hover_enabled=&#8221;0&#8243; global_colors_info=&#8221;{}&#8221; sticky_enabled=&#8221;0&#8243;]<\/p>\n<p><!-- divi:image {\"id\":27851,\"width\":378,\"height\":212,\"sizeSlug\":\"large\",\"linkDestination\":\"none\"} --><\/p>\n<figure class=\"wp-block-image size-large is-resized\"><strong>Rechtliche Grundlagen unserer schulischen Arbeit<\/strong><\/figure>\n<figure class=\"wp-block-image size-large is-resized\"><img loading=\"lazy\" decoding=\"async\" src=\"https:\/\/gsro.de\/wp-content\/uploads\/2016\/11\/0111-1024x575.jpg\" alt=\"\" class=\"wp-image-27851\" width=\"378\" height=\"212\" srcset=\"https:\/\/gsro.de\/wp-content\/uploads\/2016\/11\/0111-1024x575.jpg 1024w, https:\/\/gsro.de\/wp-content\/uploads\/2016\/11\/0111-300x168.jpg 300w, https:\/\/gsro.de\/wp-content\/uploads\/2016\/11\/0111-768x431.jpg 768w, https:\/\/gsro.de\/wp-content\/uploads\/2016\/11\/0111-1080x607.jpg 1080w, https:\/\/gsro.de\/wp-content\/uploads\/2016\/11\/0111.jpg 1980w\" sizes=\"(max-width: 378px) 100vw, 378px\" \/><\/figure>\n<p><!-- \/divi:image --><!-- divi:paragraph --><a href=\"https:\/\/www.landesrecht-bw.de\/perma?a=SchulG_BW\">Schulgesetz f\u00fcr Baden-W\u00fcrttemberg<\/a><\/p>\n<p><!-- \/divi:paragraph --><!-- divi:paragraph --><a href=\"https:\/\/www.landesrecht-bw.de\/perma?a=LeistBeurtGrSchulV_BW\">Verordnung des Kultusministeriums \u00fcber die Leistungsbeurteilung in Grundschulen und sonderp\u00e4dagogischen Bildungs- und Beratungszentren (LeistungsbeurteilungsVO GS)<\/a><\/p>\n<p><!-- \/divi:paragraph --><!-- divi:paragraph --><a href=\"https:\/\/www.landesrecht-bw.de\/perma?a=NotBildV_BW\">Verordnung des Kultusministeriums \u00fcber die Notenbildung (Notenbildungsverordnung , NVO)<\/a><\/p>\n<p><!-- \/divi:paragraph --><!-- divi:paragraph --><a href=\"https:\/\/www.landesrecht-bw.de\/perma?j=GrSchulVersV_BW_!_1\">Verordnung des Kultusministeriums \u00fcber die Versetzung an Grundschulen (Grundschulversetzungsordnung)<\/a><\/p>\n<p><!-- \/divi:paragraph --><!-- divi:paragraph --><a href=\"https:\/\/www.landesrecht-bw.de\/perma?j=VVBW-KM-20190221-SF\">Verwaltungsvorschrift des Kultusministeriums \u00fcber Zeugnisse, Halbjahresinformation, Lernentwicklungsbericht und Schulbericht (VwV Zeugnisse)<\/a><\/p>\n<p><!-- \/divi:paragraph --><!-- divi:paragraph --><a href=\"http:\/\/www.bildungsplaene-bw.de\/,Lde\/Startseite\">Bildungspl\u00e4ne 2016 f\u00fcr die Grundschule<\/a><\/p>\n<p><!-- \/divi:paragraph --><!-- divi:paragraph --><a href=\"https:\/\/www.landesrecht-bw.de\/perma?a=GrSchulStTafelV_BW\">Verordnung des Kultusministeriums \u00fcber die Stundentafel der Grundschule<\/a><\/p>\n<p><!-- \/divi:paragraph --><!-- divi:paragraph --><a href=\"https:\/\/www.landesrecht-bw.de\/perma?a=VVBW-KM-20151104-SF\">Verwaltungsvorschrift des Kultusministeriums \u00fcber das Aufnahmeverfahren f\u00fcr die auf der Grundschule aufbauenden Schularten; Orientierungsstufe<\/a><\/p>\n<p><!-- \/divi:paragraph --><!-- divi:paragraph --><a href=\"https:\/\/www.landesrecht-bw.de\/perma?a=EltBeirV_BW\">Verordnung des Kultusministeriums f\u00fcr Elternvertretungen und Pflegschaften an \u00f6ffentlichen Schulen (Elternbeiratsverordnung)<\/a><\/p>\n<p><!-- \/divi:paragraph --><\/p>\n<p>[\/et_pb_text][\/et_pb_column][\/et_pb_row][\/et_pb_section]<\/p>\n","protected":false},"excerpt":{"rendered":"<p>Rechtliche Grundlagen unserer schulischen Arbeit Schulgesetz f\u00fcr Baden-W\u00fcrttemberg Verordnung des Kultusministeriums \u00fcber die Leistungsbeurteilung in Grundschulen und sonderp\u00e4dagogischen Bildungs- und Beratungszentren (LeistungsbeurteilungsVO GS) Verordnung des Kultusministeriums \u00fcber die Notenbildung (Notenbildungsverordnung , NVO) Verordnung des Kultusministeriums \u00fcber die Versetzung an Grundschulen (Grundschulversetzungsordnung) Verwaltungsvorschrift des Kultusministeriums \u00fcber Zeugnisse, Halbjahresinformation, Lernentwicklungsbericht und Schulbericht (VwV Zeugnisse) Bildungspl\u00e4ne 2016 f\u00fcr [&hellip;]<\/p>\n","protected":false},"author":2,"featured_media":0,"parent":0,"menu_order":0,"comment_status":"closed","ping_status":"closed","template":"","meta":{"_et_pb_use_builder":"on","_et_pb_old_content":"<!-- wp:image {\"id\":27851,\"width\":378,\"height\":212,\"sizeSlug\":\"large\",\"linkDestination\":\"none\"} -->\n<figure class=\"wp-block-image size-large is-resized\"><img src=\"https:\/\/gsro.de\/wp-content\/uploads\/2016\/11\/0111-1024x575.jpg\" alt=\"\" class=\"wp-image-27851\" width=\"378\" height=\"212\"\/><\/figure>\n<!-- \/wp:image -->\n\n<!-- wp:paragraph -->\n<p><a href=\"https:\/\/www.landesrecht-bw.de\/jportal\/portal\/t\/7ru\/page\/bsbawueprod.psml?pid=Dokumentanzeige&amp;showdoccase=1&amp;js_peid=Trefferliste&amp;documentnumber=1&amp;numberofresults=1&amp;fromdoctodoc=yes&amp;doc.id=jlr-SchulGBW1983rahmen&amp;doc.part=X&amp;doc.price=0.0#focuspoint\">Schulgesetz f\u00fcr Baden-W\u00fcrttemberg<\/a><\/p>\n<!-- \/wp:paragraph -->\n\n<!-- wp:paragraph -->\n<p><a href=\"https:\/\/www.landesrecht-bw.de\/jportal\/portal\/t\/iqp\/page\/bsbawueprod.psml?pid=Dokumentanzeige&amp;showdoccase=1&amp;js_peid=Trefferliste&amp;documentnumber=24&amp;numberofresults=101&amp;fromdoctodoc=yes&amp;doc.id=jlr-LeistBeurtGrSchulVBWrahmen&amp;doc.part=X&amp;doc.price=0.0&amp;doc.hl=1#focuspoint\">Verordnung des Kultusministeriums \u00fcber die Leistungsbeurteilung in Grundschulen und sonderp\u00e4dagogischen Bildungs- und Beratungszentren (LeistungsbeurteilungsVO GS)<\/a><\/p>\n<!-- \/wp:paragraph -->\n\n<!-- wp:paragraph -->\n<p><a href=\"https:\/\/www.landesrecht-bw.de\/jportal\/?quelle=jlink&amp;query=NotBildV+BW&amp;psml=bsbawueprod.psml&amp;max=true&amp;aiz=true\">Verordnung des Kultusministeriums \u00fcber die Notenbildung (Notenbildungsverordnung , NVO)<\/a><\/p>\n<!-- \/wp:paragraph -->\n\n<!-- wp:paragraph -->\n<p><a href=\"https:\/\/www.landesrecht-bw.de\/jportal\/portal\/t\/7t5\/page\/bsbawueprod.psml?pid=Dokumentanzeige&amp;showdoccase=1&amp;js_peid=Trefferliste&amp;documentnumber=1&amp;numberofresults=1&amp;fromdoctodoc=yes&amp;doc.id=jlr-GrSchulVersVBWV5P1&amp;doc.part=X&amp;doc.price=0.0#focuspoint\">Verordnung des Kultusministeriums \u00fcber die Versetzung an Grundschulen (Grundschulversetzungsordnung)<\/a><\/p>\n<!-- \/wp:paragraph -->\n\n<!-- wp:paragraph -->\n<p><a href=\"https:\/\/www.landesrecht-bw.de\/jportal\/portal\/t\/m6t\/page\/bsbawueprod.psml?pid=Dokumentanzeige&amp;showdoccase=1&amp;js_peid=Trefferliste&amp;documentnumber=1&amp;numberofresults=17&amp;fromdoctodoc=yes&amp;doc.id=VVBW-VVBW000030427&amp;doc.part=X&amp;doc.price=0.0&amp;doc.hl=1#VVBW-VVBW000030411\">Verwaltungsvorschrift des Kultusministeriums \u00fcber Zeugnisse, Halbjahresinformation, Lernentwicklungsbericht und Schulbericht (VwV Zeugnisse)<\/a><\/p>\n<!-- \/wp:paragraph -->\n\n<!-- wp:paragraph -->\n<p><a href=\"http:\/\/www.bildungsplaene-bw.de\/,Lde\/Startseite\">Bildungspl\u00e4ne 2016 f\u00fcr die Grundschule<\/a><\/p>\n<!-- \/wp:paragraph -->\n\n<!-- wp:paragraph -->\n<p><a href=\"https:\/\/www.landesrecht-bw.de\/jportal\/portal\/t\/8er\/page\/bsbawueprod.psml?pid=Dokumentanzeige&amp;showdoccase=1&amp;js_peid=Trefferliste&amp;documentnumber=1&amp;numberofresults=1&amp;fromdoctodoc=yes&amp;doc.id=jlr-GrSchulStTafelVBWV4Anlage&amp;doc.part=X&amp;doc.price=0.0#focuspoint\">Verordnung des Kultusministeriums \u00fcber die Stundentafel der Grundschule<\/a><\/p>\n<!-- \/wp:paragraph -->\n\n<!-- wp:paragraph -->\n<p><a href=\"https:\/\/www.landesrecht-bw.de\/jportal\/portal\/t\/8fx\/page\/bsbawueprod.psml?pid=Dokumentanzeige&amp;showdoccase=1&amp;js_peid=Trefferliste&amp;documentnumber=1&amp;numberofresults=1&amp;fromdoctodoc=yes&amp;doc.id=VVBW-VVBW000012466&amp;doc.part=X&amp;doc.price=0.0#focuspoint\">Verwaltungsvorschrift des Kultusministeriums \u00fcber das Aufnahmeverfahren f\u00fcr die auf der Grundschule aufbauenden Schularten; Orientierungsstufe<\/a><\/p>\n<!-- \/wp:paragraph -->\n\n<!-- wp:paragraph -->\n<p><a href=\"https:\/\/www.landesrecht-bw.de\/jportal\/portal\/t\/j9o\/page\/bsbawueprod.psml?pid=Dokumentanzeige&amp;showdoccase=1&amp;js_peid=Trefferliste&amp;documentnumber=1&amp;numberofresults=1&amp;fromdoctodoc=yes&amp;doc.id=jlr-EltBeirVBW1985pELS&amp;doc.part=X&amp;doc.price=0.0#focuspoint\">Verordnung des Kultusministeriums f\u00fcr Elternvertretungen und Pflegschaften an \u00f6ffentlichen Schulen (Elternbeiratsverordnung)<\/a><\/p>\n<!-- \/wp:paragraph -->","_et_gb_content_width":"1080","footnotes":""},"class_list":["post-29891","page","type-page","status-publish","hentry"],"_links":{"self":[{"href":"https:\/\/gsro.de\/index.php\/wp-json\/wp\/v2\/pages\/29891","targetHints":{"allow":["GET"]}}],"collection":[{"href":"https:\/\/gsro.de\/index.php\/wp-json\/wp\/v2\/pages"}],"about":[{"href":"https:\/\/gsro.de\/index.php\/wp-json\/wp\/v2\/types\/page"}],"author":[{"embeddable":true,"href":"https:\/\/gsro.de\/index.php\/wp-json\/wp\/v2\/users\/2"}],"replies":[{"embeddable":true,"href":"https:\/\/gsro.de\/index.php\/wp-json\/wp\/v2\/comments?post=29891"}],"version-history":[{"count":15,"href":"https:\/\/gsro.de\/index.php\/wp-json\/wp\/v2\/pages\/29891\/revisions"}],"predecessor-version":[{"id":30537,"href":"https:\/\/gsro.de\/index.php\/wp-json\/wp\/v2\/pages\/29891\/revisions\/30537"}],"wp:attachment":[{"href":"https:\/\/gsro.de\/index.php\/wp-json\/wp\/v2\/media?parent=29891"}],"curies":[{"name":"wp","href":"https:\/\/api.w.org\/{rel}","templated":true}]}}