{"id":29917,"date":"2022-07-15T12:07:11","date_gmt":"2022-07-15T10:07:11","guid":{"rendered":"https:\/\/gsro.de\/?page_id=29917"},"modified":"2025-06-23T10:04:13","modified_gmt":"2025-06-23T08:04:13","slug":"hitzefrei-regelung","status":"publish","type":"page","link":"https:\/\/gsro.de\/index.php\/hitzefrei-regelung\/","title":{"rendered":"Hitzefrei-Regelung"},"content":{"rendered":"\n<p><strong>Hitzefrei-Regelung an der Grundschule Rohrbach<\/strong><\/p>\n\n\n\n<p><\/p>\n\n\n\n<figure class=\"wp-block-image size-large\"><img loading=\"lazy\" decoding=\"async\" width=\"1024\" height=\"681\" src=\"https:\/\/gsro.de\/wp-content\/uploads\/2022\/07\/heat-g4c0d42359_1280-1024x681.jpg\" alt=\"\" class=\"wp-image-29919\" srcset=\"https:\/\/gsro.de\/wp-content\/uploads\/2022\/07\/heat-g4c0d42359_1280-1024x681.jpg 1024w, https:\/\/gsro.de\/wp-content\/uploads\/2022\/07\/heat-g4c0d42359_1280-980x652.jpg 980w, https:\/\/gsro.de\/wp-content\/uploads\/2022\/07\/heat-g4c0d42359_1280-480x319.jpg 480w\" sizes=\"(min-width: 0px) and (max-width: 480px) 480px, (min-width: 481px) and (max-width: 980px) 980px, (min-width: 981px) 1024px, 100vw\" \/><figcaption class=\"wp-element-caption\">Image by <a href=\"https:\/\/pixabay.com\/users\/stux-12364\/?utm_source=link-attribution&amp;utm_medium=referral&amp;utm_campaign=image&amp;utm_content=834468\">Stefan Schweihofer<\/a> from <a href=\"https:\/\/pixabay.com\/?utm_source=link-attribution&amp;utm_medium=referral&amp;utm_campaign=image&amp;utm_content=834468\">Pixabay<\/a><\/figcaption><\/figure>\n\n\n\n<p><strong>Liebe Eltern,<\/strong><\/p>\n\n\n\n<p>die folgende Regelung wurde in Absprache mit dem Elternbeirat und der Schulkonferenz beschlossen.<\/p>\n\n\n\n<p>An besonders hei\u00dfen Tagen, wenn die <strong>erwartete Au\u00dfentemperatur<\/strong> um 11:00 Uhr <strong>mindestens 25 Grad Celsius im Schatten<\/strong> betr\u00e4gt, kann der Unterricht an der Grundschule Rohrbach <strong>verk\u00fcrzt<\/strong> werden.<\/p>\n\n\n\n<p><strong>Abh\u00e4ngig von der Wetterlage kann der Unterricht an solchen Tagen bereits um 12:10 Uhr oder in Ausnahmef\u00e4llen um 11:10 Uhr enden.<\/strong><\/p>\n\n\n\n<p>Die Entscheidung dar\u00fcber wird <strong>anhand der Wetterprognosen<\/strong> getroffen.<\/p>\n\n\n\n<p><strong>An diesen Tagen entfallen die Hausaufgaben.<\/strong><\/p>\n\n\n\n<p>Da unsere Schule dem Prinzip der <strong>verl\u00e4sslichen Grundschule<\/strong> verpflichtet ist, werden die Kinder <strong>grunds\u00e4tzlich<\/strong> <strong>nicht ohne Ihre Zustimmung<\/strong> vorzeitig nach Hause entlassen.<\/p>\n\n\n\n<p>Wir bieten folgende Betreuungsoptionen an:<\/p>\n\n\n\n<ul class=\"wp-block-list\">\n<li><strong>Bis 12:10 Uhr<\/strong>: Auf Wunsch Betreuung im Pausenhof f\u00fcr alle Kinder.<\/li>\n\n\n\n<li><strong>Ab 12:10 Uhr<\/strong>:<ul><li>Kinder, die in der <strong>Kernzeit oder im Hort<\/strong> angemeldet sind, werden wie gewohnt weiter betreut.<\/li><\/ul>\n<ul class=\"wp-block-list\">\n<li><strong>Alle anderen Kinder<\/strong> gelten ab 12:10 Uhr als entlassen.<\/li>\n<\/ul>\n<\/li>\n\n\n\n<li>F\u00fcr Kinder, die laut Stundenplan bis 13:00 Uhr bzw. 13:15 Uhr Unterricht h\u00e4tten, aber <strong>nicht in der Kernzeit oder im Hort <\/strong>betreut werden, kann <strong>auf Wunsch eine Betreuung bis 13:00 Uhr<\/strong> angeboten werden.<\/li>\n<\/ul>\n\n\n\n<p><strong>Sie werden \u00fcber SchoolFox informiert<\/strong>, sobald ein Hitzefrei-Tag eintritt.<\/p>\n\n\n\n<p>Vielen Dank f\u00fcr Ihre Unterst\u00fctzung!<\/p>\n\n\n\n<p>Mit freundlichen Gr\u00fc\u00dfen<\/p>\n\n\n\n<p><strong>Bj\u00f6rn Wingerter<\/strong><\/p>\n\n\n\n<p><em>Rektor<\/em><\/p>\n\n\n\n<p><em>Rechtsgrundlage<\/em>: <a href=\"https:\/\/www.baden-wuerttemberg.de\/de\/service\/alle-meldungen\/meldung\/pid\/informationen-zum-thema-hitzefrei-an-schulen\">https:\/\/www.baden-wuerttemberg.de\/de\/service\/alle-meldungen\/meldung\/pid\/informationen-zum-thema-hitzefrei-an-schulen<\/a><\/p>\n\n\n\n<p><\/p>\n","protected":false},"excerpt":{"rendered":"<p>Hitzefrei-Regelung an der Grundschule Rohrbach Liebe Eltern, die folgende Regelung wurde in Absprache mit dem Elternbeirat und der Schulkonferenz beschlossen. An besonders hei\u00dfen Tagen, wenn die erwartete Au\u00dfentemperatur um 11:00 Uhr mindestens 25 Grad Celsius im Schatten betr\u00e4gt, kann der Unterricht an der Grundschule Rohrbach verk\u00fcrzt werden. Abh\u00e4ngig von der Wetterlage kann der Unterricht an [&hellip;]<\/p>\n","protected":false},"author":2,"featured_media":0,"parent":0,"menu_order":0,"comment_status":"closed","ping_status":"closed","template":"","meta":{"_et_pb_use_builder":"off","_et_pb_old_content":"","_et_gb_content_width":"1080","footnotes":""},"class_list":["post-29917","page","type-page","status-publish","hentry"],"_links":{"self":[{"href":"https:\/\/gsro.de\/index.php\/wp-json\/wp\/v2\/pages\/29917","targetHints":{"allow":["GET"]}}],"collection":[{"href":"https:\/\/gsro.de\/index.php\/wp-json\/wp\/v2\/pages"}],"about":[{"href":"https:\/\/gsro.de\/index.php\/wp-json\/wp\/v2\/types\/page"}],"author":[{"embeddable":true,"href":"https:\/\/gsro.de\/index.php\/wp-json\/wp\/v2\/users\/2"}],"replies":[{"embeddable":true,"href":"https:\/\/gsro.de\/index.php\/wp-json\/wp\/v2\/comments?post=29917"}],"version-history":[{"count":6,"href":"https:\/\/gsro.de\/index.php\/wp-json\/wp\/v2\/pages\/29917\/revisions"}],"predecessor-version":[{"id":30743,"href":"https:\/\/gsro.de\/index.php\/wp-json\/wp\/v2\/pages\/29917\/revisions\/30743"}],"wp:attachment":[{"href":"https:\/\/gsro.de\/index.php\/wp-json\/wp\/v2\/media?parent=29917"}],"curies":[{"name":"wp","href":"https:\/\/api.w.org\/{rel}","templated":true}]}}