{"id":29991,"date":"2022-11-04T16:27:45","date_gmt":"2022-11-04T15:27:45","guid":{"rendered":"https:\/\/gsro.de\/?page_id=29991"},"modified":"2022-11-28T10:15:18","modified_gmt":"2022-11-28T09:15:18","slug":"zirkuswoche","status":"publish","type":"page","link":"https:\/\/gsro.de\/index.php\/zirkuswoche\/","title":{"rendered":"Zirkuswoche"},"content":{"rendered":"<p>[et_pb_section fb_built=&#8221;1&#8243; _builder_version=&#8221;4.19.0&#8243; _module_preset=&#8221;default&#8221; global_colors_info=&#8221;{}&#8221;][et_pb_row _builder_version=&#8221;4.19.0&#8243; _module_preset=&#8221;default&#8221; global_colors_info=&#8221;{}&#8221;][et_pb_column type=&#8221;4_4&#8243; _builder_version=&#8221;4.19.0&#8243; _module_preset=&#8221;default&#8221; global_colors_info=&#8221;{}&#8221;][et_pb_text _builder_version=&#8221;4.19.0&#8243; _module_preset=&#8221;default&#8221; background_enable_color=&#8221;off&#8221; background_enable_image=&#8221;off&#8221; parallax=&#8221;on&#8221; global_colors_info=&#8221;{}&#8221;]<\/p>\n<h1>Zirkuswoche<\/h1>\n<p>Alle zwei Jahre veranstaltet die Grundschule Rohrbach mit allen 180 Sch\u00fclerinnen und Sch\u00fcler etwas ganz Besonderes, jenseits von Hausaufgaben und Schulalltag.<\/p>\n<p>Mit Wohnwagen, einem richtigen sch\u00f6nen bunten Zirkuszelt und allem, was sonst noch dazugeh\u00f6rt, wird der Zirkus Baldini vom 12. bis 16. Juni 2023 nach Rohrbach kommen. Eine ganze Woche trainieren die Artisten mit den Kindern, um dann in drei 90-min\u00fctigen Shows die Ergebnisse zu pr\u00e4sentieren. Unsere Sch\u00fclerinnen und Sch\u00fcler: &#8211; erleben die Schule als gro\u00dfe Gemeinschaft, &#8211; entdecken sich und andere neu, &#8211; wachsen \u00fcber sich hinaus, &#8211; schl\u00fcpfen in ungewohnte Rollen, &#8211; lernen Grenzen zu \u00fcberwinden &#8211; erschaffen gemeinsam etwas und &#8211; sind stolz auf den Erfolg.<\/p>\n<p>[\/et_pb_text][\/et_pb_column][\/et_pb_row][et_pb_row _builder_version=&#8221;4.19.0&#8243; _module_preset=&#8221;default&#8221; global_colors_info=&#8221;{}&#8221;][et_pb_column type=&#8221;4_4&#8243; _builder_version=&#8221;4.19.0&#8243; _module_preset=&#8221;default&#8221; global_colors_info=&#8221;{}&#8221;][et_pb_gallery gallery_ids=&#8221;29994,29995,29996,30009&#8243; gallery_orderby=&#8221;rand&#8221; show_title_and_caption=&#8221;off&#8221; show_pagination=&#8221;off&#8221; _builder_version=&#8221;4.19.0&#8243; _module_preset=&#8221;default&#8221; background_color=&#8221;RGBA(255,255,255,0)&#8221; global_colors_info=&#8221;{}&#8221;][\/et_pb_gallery][\/et_pb_column][\/et_pb_row][\/et_pb_section]<\/p>\n","protected":false},"excerpt":{"rendered":"<p>Zirkuswoche Alle zwei Jahre veranstaltet die Grundschule Rohrbach mit allen 180 Sch\u00fclerinnen und Sch\u00fcler etwas ganz Besonderes, jenseits von Hausaufgaben und Schulalltag. Mit Wohnwagen, einem richtigen sch\u00f6nen bunten Zirkuszelt und allem, was sonst noch dazugeh\u00f6rt, wird der Zirkus Baldini vom 12. bis 16. Juni 2023 nach Rohrbach kommen. Eine ganze Woche trainieren die Artisten mit [&hellip;]<\/p>\n","protected":false},"author":2,"featured_media":0,"parent":0,"menu_order":0,"comment_status":"closed","ping_status":"closed","template":"","meta":{"_et_pb_use_builder":"on","_et_pb_old_content":"","_et_gb_content_width":"","footnotes":""},"class_list":["post-29991","page","type-page","status-publish","hentry"],"_links":{"self":[{"href":"https:\/\/gsro.de\/index.php\/wp-json\/wp\/v2\/pages\/29991","targetHints":{"allow":["GET"]}}],"collection":[{"href":"https:\/\/gsro.de\/index.php\/wp-json\/wp\/v2\/pages"}],"about":[{"href":"https:\/\/gsro.de\/index.php\/wp-json\/wp\/v2\/types\/page"}],"author":[{"embeddable":true,"href":"https:\/\/gsro.de\/index.php\/wp-json\/wp\/v2\/users\/2"}],"replies":[{"embeddable":true,"href":"https:\/\/gsro.de\/index.php\/wp-json\/wp\/v2\/comments?post=29991"}],"version-history":[{"count":6,"href":"https:\/\/gsro.de\/index.php\/wp-json\/wp\/v2\/pages\/29991\/revisions"}],"predecessor-version":[{"id":30123,"href":"https:\/\/gsro.de\/index.php\/wp-json\/wp\/v2\/pages\/29991\/revisions\/30123"}],"wp:attachment":[{"href":"https:\/\/gsro.de\/index.php\/wp-json\/wp\/v2\/media?parent=29991"}],"curies":[{"name":"wp","href":"https:\/\/api.w.org\/{rel}","templated":true}]}}