{"id":30107,"date":"2022-11-28T09:22:43","date_gmt":"2022-11-28T08:22:43","guid":{"rendered":"https:\/\/gsro.de\/?page_id=30107"},"modified":"2022-11-28T10:08:36","modified_gmt":"2022-11-28T09:08:36","slug":"biss","status":"publish","type":"page","link":"https:\/\/gsro.de\/index.php\/biss\/","title":{"rendered":"BiSS"},"content":{"rendered":"<p>[et_pb_section fb_built=&#8221;1&#8243; _builder_version=&#8221;4.19.1&#8243; _module_preset=&#8221;default&#8221; global_colors_info=&#8221;{}&#8221;][et_pb_row _builder_version=&#8221;4.19.1&#8243; _module_preset=&#8221;default&#8221; global_colors_info=&#8221;{}&#8221;][et_pb_column type=&#8221;4_4&#8243; _builder_version=&#8221;4.19.1&#8243; _module_preset=&#8221;default&#8221; global_colors_info=&#8221;{}&#8221;][et_pb_image src=&#8221;https:\/\/gsro.de\/wp-content\/uploads\/2022\/11\/BISS-768&#215;306-1.png&#8221; title_text=&#8221;BISS-768&#215;306&#8243; align=&#8221;center&#8221; _builder_version=&#8221;4.19.1&#8243; _module_preset=&#8221;default&#8221; animation_style=&#8221;fade&#8221; global_colors_info=&#8221;{}&#8221;][\/et_pb_image][\/et_pb_column][\/et_pb_row][et_pb_row _builder_version=&#8221;4.19.1&#8243; _module_preset=&#8221;default&#8221; global_colors_info=&#8221;{}&#8221; custom_padding=&#8221;45px|||||&#8221;][et_pb_column type=&#8221;4_4&#8243; _builder_version=&#8221;4.19.1&#8243; _module_preset=&#8221;default&#8221; global_colors_info=&#8221;{}&#8221;][et_pb_text _builder_version=&#8221;4.19.1&#8243; _module_preset=&#8221;default&#8221; global_colors_info=&#8221;{}&#8221;]<\/p>\n<h1>Wir sind dabei!<\/h1>\n<h3>Transfer von Sprachbildung, Lese- und Schreibf\u00f6rderung (BiSS-Transfer)<\/h3>\n<p>Nach der Pilotphase f\u00e4llt mit der Kick-Off-Veranstaltung am 21.9.22 der Startschuss f\u00fcr den landesweiten Roll Out des Projektes BiSS-Transfer in Baden-W\u00fcrttemberg, das zum Schuljahr 2022\/2023 umgesetzt wird.<\/p>\n<p>BiSS-Transfer ist eine gemeinsame Initiative des Bundesministeriums f\u00fcr Bildung und Forschung und der Kultusministerkonferenz zum Transfer von Sprachbildung, Lese- und Schreibf\u00f6rderung in Schulen und Kitas (<a href=\"http:\/\/www.biss-sprachbildung.de\">www.biss-sprachbildung.de<\/a>).<\/p>\n<p>Ziel in Baden-W\u00fcrttemberg ist die St\u00e4rkung der Basiskompetenzen der Sch\u00fclerinnen und Sch\u00fcler im Bereich des Lesens. Im Mittelpunkt steht die F\u00f6rderung der Lesefertigkeiten, dazu geh\u00f6ren Lesetechnik und Lesefl\u00fcssigkeit sowie der Lesef\u00e4higkeiten, das Leseverstehen und die Lesestrategien. Auf der Basis eines einheitlichen und systematischen Lesecurriculums setzen die BiSS-Grundschulen Schritt f\u00fcr Schritt nachweislich lernf\u00f6rderliche Elemente im Leseunterricht um, wie z.B. das Training der Lesefl\u00fcssigkeit mithilfe von Lautlesetandems.<\/p>\n<p>Damit die Umsetzung in allen Klassenstufen gut funktioniert, hat jede BiSS-Grundschule eine eigene Projektgruppe eingerichtet. Zum Schuljahr 2022\/2023 nehmen insgesamt 406 Grundschulen in Baden-W\u00fcrttemberg teil und auch wir sind mit dabei.<\/p>\n<p>[\/et_pb_text][\/et_pb_column][\/et_pb_row][\/et_pb_section]<\/p>\n","protected":false},"excerpt":{"rendered":"<p>Wir sind dabei! Transfer von Sprachbildung, Lese- und Schreibf\u00f6rderung (BiSS-Transfer) Nach der Pilotphase f\u00e4llt mit der Kick-Off-Veranstaltung am 21.9.22 der Startschuss f\u00fcr den landesweiten Roll Out des Projektes BiSS-Transfer in Baden-W\u00fcrttemberg, das zum Schuljahr 2022\/2023 umgesetzt wird. BiSS-Transfer ist eine gemeinsame Initiative des Bundesministeriums f\u00fcr Bildung und Forschung und der Kultusministerkonferenz zum Transfer von Sprachbildung, [&hellip;]<\/p>\n","protected":false},"author":2,"featured_media":0,"parent":0,"menu_order":0,"comment_status":"closed","ping_status":"closed","template":"","meta":{"_et_pb_use_builder":"on","_et_pb_old_content":"","_et_gb_content_width":"","footnotes":""},"class_list":["post-30107","page","type-page","status-publish","hentry"],"_links":{"self":[{"href":"https:\/\/gsro.de\/index.php\/wp-json\/wp\/v2\/pages\/30107","targetHints":{"allow":["GET"]}}],"collection":[{"href":"https:\/\/gsro.de\/index.php\/wp-json\/wp\/v2\/pages"}],"about":[{"href":"https:\/\/gsro.de\/index.php\/wp-json\/wp\/v2\/types\/page"}],"author":[{"embeddable":true,"href":"https:\/\/gsro.de\/index.php\/wp-json\/wp\/v2\/users\/2"}],"replies":[{"embeddable":true,"href":"https:\/\/gsro.de\/index.php\/wp-json\/wp\/v2\/comments?post=30107"}],"version-history":[{"count":7,"href":"https:\/\/gsro.de\/index.php\/wp-json\/wp\/v2\/pages\/30107\/revisions"}],"predecessor-version":[{"id":30122,"href":"https:\/\/gsro.de\/index.php\/wp-json\/wp\/v2\/pages\/30107\/revisions\/30122"}],"wp:attachment":[{"href":"https:\/\/gsro.de\/index.php\/wp-json\/wp\/v2\/media?parent=30107"}],"curies":[{"name":"wp","href":"https:\/\/api.w.org\/{rel}","templated":true}]}}