{"id":30227,"date":"2023-04-21T09:01:01","date_gmt":"2023-04-21T07:01:01","guid":{"rendered":"https:\/\/gsro.de\/?page_id=30227"},"modified":"2023-04-24T09:59:32","modified_gmt":"2023-04-24T07:59:32","slug":"klimamanager","status":"publish","type":"page","link":"https:\/\/gsro.de\/index.php\/klimamanager\/","title":{"rendered":"Klimamanager"},"content":{"rendered":"\n<h2 class=\"wp-block-heading\">Sch\u00fclerinnen und Sch\u00fcler der 4. Klasse wurden zu Klimamanagern ausgebildet.<\/h2>\n\n\n\n<p>Die Grundschule Rohrbach hat sich in den letzten Jahren stark f\u00fcr den Umweltschutz und eine nachhaltige Zukunft engagiert.<\/p>\n\n\n\n<p>Ein wichtiger Schritt in diesem Engagement war die Ausbildung der Sch\u00fclerinnen und Sch\u00fcler zu Klimamanagern durch das Institut f\u00fcr Energie- und Umweltforschung Heidelberg (ifeu). Die Klimamanager haben in einer Schulhausbegehung Verbesserungsvorschl\u00e4ge erarbeitet und erfolgreich umgesetzt. So wurden zum Beispiel Bewegungsmelder in den Toiletten installiert, Schalter beschriftet und die Heizung optimiert. Diese Ma\u00dfnahmen haben nicht nur dazu beigetragen, Energie und Ressourcen zu sparen, sondern auch das Bewusstsein f\u00fcr Umweltschutz und Nachhaltigkeit bei den Sch\u00fclerinnen und Sch\u00fclern gest\u00e4rkt.<\/p>\n\n\n\n<p>Die Grundschule Rohrbach setzt sich aber nicht nur durch konkrete Ma\u00dfnahmen f\u00fcr den Umweltschutz ein, sondern vermittelt auch wichtige Werte und Haltungen an die Sch\u00fclerinnen und Sch\u00fcler. So werden im Unterricht Themen wie Klimawandel, Nachhaltigkeit und Umweltschutz behandelt und es wird darauf geachtet, dass im Schulalltag Ressourcen geschont werden.<\/p>\n\n\n\n<figure class=\"wp-block-image size-large\"><img loading=\"lazy\" decoding=\"async\" width=\"1024\" height=\"614\" src=\"https:\/\/gsro.de\/wp-content\/uploads\/2023\/04\/IMG_7584-1024x614.jpeg\" alt=\"Foto Klimamanager\" class=\"wp-image-30238\" srcset=\"https:\/\/gsro.de\/wp-content\/uploads\/2023\/04\/IMG_7584-980x587.jpeg 980w, https:\/\/gsro.de\/wp-content\/uploads\/2023\/04\/IMG_7584-480x288.jpeg 480w\" sizes=\"(min-width: 0px) and (max-width: 480px) 480px, (min-width: 481px) and (max-width: 980px) 980px, (min-width: 981px) 1024px, 100vw\" \/><figcaption class=\"wp-element-caption\">Klimamanager mit Solarkocher<\/figcaption><\/figure>\n\n\n\n<p><\/p>\n","protected":false},"excerpt":{"rendered":"<p>Sch\u00fclerinnen und Sch\u00fcler der 4. Klasse wurden zu Klimamanagern ausgebildet. Die Grundschule Rohrbach hat sich in den letzten Jahren stark f\u00fcr den Umweltschutz und eine nachhaltige Zukunft engagiert. Ein wichtiger Schritt in diesem Engagement war die Ausbildung der Sch\u00fclerinnen und Sch\u00fcler zu Klimamanagern durch das Institut f\u00fcr Energie- und Umweltforschung Heidelberg (ifeu). Die Klimamanager haben [&hellip;]<\/p>\n","protected":false},"author":2,"featured_media":0,"parent":0,"menu_order":0,"comment_status":"closed","ping_status":"closed","template":"","meta":{"_et_pb_use_builder":"off","_et_pb_old_content":"","_et_gb_content_width":"1080","footnotes":""},"class_list":["post-30227","page","type-page","status-publish","hentry"],"_links":{"self":[{"href":"https:\/\/gsro.de\/index.php\/wp-json\/wp\/v2\/pages\/30227","targetHints":{"allow":["GET"]}}],"collection":[{"href":"https:\/\/gsro.de\/index.php\/wp-json\/wp\/v2\/pages"}],"about":[{"href":"https:\/\/gsro.de\/index.php\/wp-json\/wp\/v2\/types\/page"}],"author":[{"embeddable":true,"href":"https:\/\/gsro.de\/index.php\/wp-json\/wp\/v2\/users\/2"}],"replies":[{"embeddable":true,"href":"https:\/\/gsro.de\/index.php\/wp-json\/wp\/v2\/comments?post=30227"}],"version-history":[{"count":3,"href":"https:\/\/gsro.de\/index.php\/wp-json\/wp\/v2\/pages\/30227\/revisions"}],"predecessor-version":[{"id":30243,"href":"https:\/\/gsro.de\/index.php\/wp-json\/wp\/v2\/pages\/30227\/revisions\/30243"}],"wp:attachment":[{"href":"https:\/\/gsro.de\/index.php\/wp-json\/wp\/v2\/media?parent=30227"}],"curies":[{"name":"wp","href":"https:\/\/api.w.org\/{rel}","templated":true}]}}