{"id":30232,"date":"2023-04-21T09:16:22","date_gmt":"2023-04-21T07:16:22","guid":{"rendered":"https:\/\/gsro.de\/?page_id=30232"},"modified":"2023-09-27T09:39:31","modified_gmt":"2023-09-27T07:39:31","slug":"dein-klima-pramienuberreichung","status":"publish","type":"page","link":"https:\/\/gsro.de\/index.php\/dein-klima-pramienuberreichung\/","title":{"rendered":"Dein.Klima: Pr\u00e4mien\u00fcberreichung"},"content":{"rendered":"\n<p>Die Grundschule Rohrbach wurde k\u00fcrzlich f\u00fcr ihr Engagement im Klimaschutz ausgezeichnet! Im Rahmen des Projekts &#8220;Dein.Klima&#8221; des Instituts f\u00fcr Energie- und Umweltforschung Heidelberg (ifeu) erhielt die Schule eine Pr\u00e4mie f\u00fcr ihre Bem\u00fchungen, den CO2-Aussto\u00df zu reduzieren und nachhaltige Praktiken in den Schulalltag zu integrieren.<\/p>\n\n\n\n<p>Das Projekt &#8220;Dein.Klima&#8221; hat das Ziel, Schulen im Rhein-Neckar-Kreis f\u00fcr ihr Engagement im Klimaschutz zu belohnen und den Sch\u00fclerinnen und Sch\u00fclern die Bedeutung von Nachhaltigkeit und Umweltschutz nahezubringen. In diesem Jahr wurden insgesamt 25 Schulen ausgezeichnet, darunter auch die Grundschule Rohrbach.<\/p>\n\n\n\n<p>Die Sch\u00fclerinnen und Sch\u00fcler der Grundschule Rohrbach haben in verschiedenen Projekten und Aktionen gezeigt, wie wichtig ihnen das Thema Umweltschutz ist. Zum Beispiel haben sie Klimamanager ausgebildet, die gemeinsam Ideen f\u00fcr nachhaltiges Handeln entwickeln und umsetzen. Au\u00dferdem haben sie sich f\u00fcr den Umstieg auf bewegungsgesteuerte Lampen in der Schule eingesetzt und einen &#8220;RadfahHelden-Aktions&#8221; in der Umgebung der Schule durchgef\u00fchrt.<\/p>\n\n\n\n<p>Die Pr\u00e4mien\u00fcbergabe fand in einer feierlichen Veranstaltung statt, bei der auch Vertreterinnen und Vertreter der anderen ausgezeichneten Schulen anwesend waren. Neben der \u00dcbergabe der Pr\u00e4mien gab es auch einen Austausch zwischen den Schulen, um voneinander zu lernen und sich gegenseitig zu inspirieren.<\/p>\n\n\n\n<p>Die Grundschule Rohrbach hat mit ihrem Engagement im Klimaschutz ein tolles Beispiel gegeben und gezeigt, dass auch kleine Schritte zu einer nachhaltigeren Zukunft beitragen k\u00f6nnen. <\/p>\n\n\n\n<figure class=\"wp-block-gallery has-nested-images columns-default is-cropped wp-block-gallery-1 is-layout-flex wp-block-gallery-is-layout-flex\">\n<figure class=\"wp-block-image size-large\"><img loading=\"lazy\" decoding=\"async\" width=\"1024\" height=\"683\" data-id=\"30444\" src=\"https:\/\/gsro.de\/wp-content\/uploads\/2023\/09\/Sinsheim_GS_Rohrbach_2023-07-17_dein.klima_pramienverleihung_-24-1024x683.jpg\" alt=\"\" class=\"wp-image-30444\" srcset=\"https:\/\/gsro.de\/wp-content\/uploads\/2023\/09\/Sinsheim_GS_Rohrbach_2023-07-17_dein.klima_pramienverleihung_-24-980x653.jpg 980w, https:\/\/gsro.de\/wp-content\/uploads\/2023\/09\/Sinsheim_GS_Rohrbach_2023-07-17_dein.klima_pramienverleihung_-24-480x320.jpg 480w\" sizes=\"(min-width: 0px) and (max-width: 480px) 480px, (min-width: 481px) and (max-width: 980px) 980px, (min-width: 981px) 1024px, 100vw\" \/><\/figure>\n\n\n\n<figure class=\"wp-block-image size-large\"><img loading=\"lazy\" decoding=\"async\" width=\"1024\" height=\"683\" data-id=\"30446\" src=\"https:\/\/gsro.de\/wp-content\/uploads\/2023\/09\/Sinsheim_Gruppe_2023-07-17_dein.klima_pramienverleihung_-39-1024x683.jpg\" alt=\"\" class=\"wp-image-30446\" srcset=\"https:\/\/gsro.de\/wp-content\/uploads\/2023\/09\/Sinsheim_Gruppe_2023-07-17_dein.klima_pramienverleihung_-39-980x653.jpg 980w, https:\/\/gsro.de\/wp-content\/uploads\/2023\/09\/Sinsheim_Gruppe_2023-07-17_dein.klima_pramienverleihung_-39-480x320.jpg 480w\" sizes=\"(min-width: 0px) and (max-width: 480px) 480px, (min-width: 481px) and (max-width: 980px) 980px, (min-width: 981px) 1024px, 100vw\" \/><\/figure>\n\n\n\n<figure class=\"wp-block-image size-large\"><img loading=\"lazy\" decoding=\"async\" width=\"1024\" height=\"683\" data-id=\"30447\" src=\"https:\/\/gsro.de\/wp-content\/uploads\/2023\/09\/2023-07-17_Dein.Klima_Pramienverleihung_Gruppenbild-1024x683.jpg\" alt=\"\" class=\"wp-image-30447\" srcset=\"https:\/\/gsro.de\/wp-content\/uploads\/2023\/09\/2023-07-17_Dein.Klima_Pramienverleihung_Gruppenbild-980x653.jpg 980w, https:\/\/gsro.de\/wp-content\/uploads\/2023\/09\/2023-07-17_Dein.Klima_Pramienverleihung_Gruppenbild-480x320.jpg 480w\" sizes=\"(min-width: 0px) and (max-width: 480px) 480px, (min-width: 481px) and (max-width: 980px) 980px, (min-width: 981px) 1024px, 100vw\" \/><\/figure>\n<\/figure>\n\n\n\n<p><\/p>\n\n\n\n<p><\/p>\n","protected":false},"excerpt":{"rendered":"<p>Die Grundschule Rohrbach wurde k\u00fcrzlich f\u00fcr ihr Engagement im Klimaschutz ausgezeichnet! Im Rahmen des Projekts &#8220;Dein.Klima&#8221; des Instituts f\u00fcr Energie- und Umweltforschung Heidelberg (ifeu) erhielt die Schule eine Pr\u00e4mie f\u00fcr ihre Bem\u00fchungen, den CO2-Aussto\u00df zu reduzieren und nachhaltige Praktiken in den Schulalltag zu integrieren. Das Projekt &#8220;Dein.Klima&#8221; hat das Ziel, Schulen im Rhein-Neckar-Kreis f\u00fcr ihr [&hellip;]<\/p>\n","protected":false},"author":2,"featured_media":0,"parent":0,"menu_order":0,"comment_status":"closed","ping_status":"closed","template":"","meta":{"_et_pb_use_builder":"off","_et_pb_old_content":"","_et_gb_content_width":"1080","footnotes":""},"class_list":["post-30232","page","type-page","status-publish","hentry"],"_links":{"self":[{"href":"https:\/\/gsro.de\/index.php\/wp-json\/wp\/v2\/pages\/30232","targetHints":{"allow":["GET"]}}],"collection":[{"href":"https:\/\/gsro.de\/index.php\/wp-json\/wp\/v2\/pages"}],"about":[{"href":"https:\/\/gsro.de\/index.php\/wp-json\/wp\/v2\/types\/page"}],"author":[{"embeddable":true,"href":"https:\/\/gsro.de\/index.php\/wp-json\/wp\/v2\/users\/2"}],"replies":[{"embeddable":true,"href":"https:\/\/gsro.de\/index.php\/wp-json\/wp\/v2\/comments?post=30232"}],"version-history":[{"count":9,"href":"https:\/\/gsro.de\/index.php\/wp-json\/wp\/v2\/pages\/30232\/revisions"}],"predecessor-version":[{"id":30449,"href":"https:\/\/gsro.de\/index.php\/wp-json\/wp\/v2\/pages\/30232\/revisions\/30449"}],"wp:attachment":[{"href":"https:\/\/gsro.de\/index.php\/wp-json\/wp\/v2\/media?parent=30232"}],"curies":[{"name":"wp","href":"https:\/\/api.w.org\/{rel}","templated":true}]}}