{"id":30262,"date":"2023-06-20T12:35:12","date_gmt":"2023-06-20T10:35:12","guid":{"rendered":"https:\/\/gsro.de\/?page_id=30262"},"modified":"2023-06-20T12:35:12","modified_gmt":"2023-06-20T10:35:12","slug":"radhelden-aktionstag-2023","status":"publish","type":"page","link":"https:\/\/gsro.de\/index.php\/radhelden-aktionstag-2023\/","title":{"rendered":"Radhelden-Aktionstag 2023"},"content":{"rendered":"<p>[et_pb_section fb_built=&#8221;1&#8243; theme_builder_area=&#8221;post_content&#8221; _builder_version=&#8221;4.21.0&#8243; _module_preset=&#8221;default&#8221;][et_pb_row _builder_version=&#8221;4.21.0&#8243; _module_preset=&#8221;default&#8221; theme_builder_area=&#8221;post_content&#8221;][et_pb_column _builder_version=&#8221;4.21.0&#8243; _module_preset=&#8221;default&#8221; type=&#8221;4_4&#8243; theme_builder_area=&#8221;post_content&#8221;][et_pb_text _builder_version=&#8221;4.21.0&#8243; _module_preset=&#8221;default&#8221; theme_builder_area=&#8221;post_content&#8221; hover_enabled=&#8221;0&#8243; sticky_enabled=&#8221;0&#8243;]<\/p>\n<h1>RadHelden@school 2023 &#8211; Fit f\u00fcr den Fahrradalltag<\/h1>\n<h2>Grundsch\u00fcler werden zu Radhelden<\/h2>\n<p>Am Montag, den 19.06.2023, fand auf dem Pausenhofgel\u00e4nde der Grundschule Rohrbach eine besondere Aktion statt: Karolina Hammer vom W\u00fcrttembergischen Radsportverband (WRSV) aus Stuttgart war zu Besuch, um den Sch\u00fclern der Klassen eins bis vier mehr Sicherheit auf zwei R\u00e4dern zu vermitteln.<\/p>\n<p>Das Hauptziel der Fahrradaktionstage war es, die F\u00e4higkeiten und Fertigkeiten der Sch\u00fcler zu f\u00f6rdern, die f\u00fcr sicheres Radfahren von grundlegender Bedeutung sind. Nach einer kurzen Einf\u00fchrung ging es auch schon los. Die Grundsch\u00fcler durchliefen in kleinen Gruppen verschiedene Stationen, bei denen sie beispielsweise das Bremsen, Kurvenfahren, Auf- und Absteigen, Einsch\u00e4tzen von Geschwindigkeiten und das einh\u00e4ndige Fahren \u00fcbten.<\/p>\n<p>Diese Aktion stellt eine ideale Erg\u00e4nzung zum regul\u00e4ren Bewegungsangebot der Schule dar und ist eine perfekte \u00dcbung f\u00fcr das Radfahren im Alltag. Die M\u00f6glichkeit, zum ersten Mal unabh\u00e4ngig von den Eltern mobil zu sein, ist f\u00fcr Kinder eine aufregende Erfahrung.<\/p>\n<p>Die Helferinnen und Helfer unterst\u00fctzten die Kinder einf\u00fchlsam und gaben wertvolle Tipps. Einige Stationen erforderten von den Kindern auch Mut, wie zum Beispiel die Wippe. Aber mit jeder Fahrt wurden die kleinen Radhelden sicherer. Jana aus der Klasse 2 sagte: &#8220;Die Wippe hat mir am besten gefallen. Am Anfang hatte ich etwas Angst, aber dann hat es richtig Spa\u00df gemacht.&#8221; An diesem Tag konnte jedes Kind seine Geschicklichkeit auf dem Fahrrad verbessern.<\/p>\n<p>Weitere Informationen finden Sie unter:<br \/><a href=\"http:\/\/www.radhelden.club\">www.radhelden.club<\/a><\/p>\n<p>[\/et_pb_text][\/et_pb_column][\/et_pb_row][et_pb_row _builder_version=&#8221;4.21.0&#8243; _module_preset=&#8221;default&#8221; theme_builder_area=&#8221;post_content&#8221;][et_pb_column _builder_version=&#8221;4.21.0&#8243; _module_preset=&#8221;default&#8221; type=&#8221;4_4&#8243; theme_builder_area=&#8221;post_content&#8221;][et_pb_gallery _builder_version=&#8221;4.21.0&#8243; _module_preset=&#8221;default&#8221; theme_builder_area=&#8221;post_content&#8221; gallery_ids=&#8221;30265,30266,30267,30268&#8243; hover_enabled=&#8221;0&#8243; sticky_enabled=&#8221;0&#8243; fullwidth=&#8221;on&#8221;][\/et_pb_gallery][\/et_pb_column][\/et_pb_row][\/et_pb_section]<\/p>\n","protected":false},"excerpt":{"rendered":"<p>RadHelden@school 2023 &#8211; Fit f\u00fcr den Fahrradalltag Grundsch\u00fcler werden zu Radhelden Am Montag, den 19.06.2023, fand auf dem Pausenhofgel\u00e4nde der Grundschule Rohrbach eine besondere Aktion statt: Karolina Hammer vom W\u00fcrttembergischen Radsportverband (WRSV) aus Stuttgart war zu Besuch, um den Sch\u00fclern der Klassen eins bis vier mehr Sicherheit auf zwei R\u00e4dern zu vermitteln. Das Hauptziel der [&hellip;]<\/p>\n","protected":false},"author":2,"featured_media":0,"parent":0,"menu_order":0,"comment_status":"closed","ping_status":"closed","template":"","meta":{"_et_pb_use_builder":"on","_et_pb_old_content":"","_et_gb_content_width":"","footnotes":""},"class_list":["post-30262","page","type-page","status-publish","hentry"],"_links":{"self":[{"href":"https:\/\/gsro.de\/index.php\/wp-json\/wp\/v2\/pages\/30262","targetHints":{"allow":["GET"]}}],"collection":[{"href":"https:\/\/gsro.de\/index.php\/wp-json\/wp\/v2\/pages"}],"about":[{"href":"https:\/\/gsro.de\/index.php\/wp-json\/wp\/v2\/types\/page"}],"author":[{"embeddable":true,"href":"https:\/\/gsro.de\/index.php\/wp-json\/wp\/v2\/users\/2"}],"replies":[{"embeddable":true,"href":"https:\/\/gsro.de\/index.php\/wp-json\/wp\/v2\/comments?post=30262"}],"version-history":[{"count":2,"href":"https:\/\/gsro.de\/index.php\/wp-json\/wp\/v2\/pages\/30262\/revisions"}],"predecessor-version":[{"id":30269,"href":"https:\/\/gsro.de\/index.php\/wp-json\/wp\/v2\/pages\/30262\/revisions\/30269"}],"wp:attachment":[{"href":"https:\/\/gsro.de\/index.php\/wp-json\/wp\/v2\/media?parent=30262"}],"curies":[{"name":"wp","href":"https:\/\/api.w.org\/{rel}","templated":true}]}}