{"id":30287,"date":"2023-07-14T11:48:02","date_gmt":"2023-07-14T09:48:02","guid":{"rendered":"https:\/\/gsro.de\/?page_id=30287"},"modified":"2025-09-13T12:44:42","modified_gmt":"2025-09-13T10:44:42","slug":"grundlagen-der-leistungsbewertung","status":"publish","type":"page","link":"https:\/\/gsro.de\/index.php\/grundlagen-der-leistungsbewertung\/","title":{"rendered":"Leistungsbewertung"},"content":{"rendered":"<p>[et_pb_section fb_built=&#8221;1&#8243; _builder_version=&#8221;4.21.0&#8243; _module_preset=&#8221;default&#8221; global_colors_info=&#8221;{}&#8221;][et_pb_row _builder_version=&#8221;4.21.0&#8243; _module_preset=&#8221;default&#8221; custom_padding=&#8221;35px|||||&#8221; global_colors_info=&#8221;{}&#8221;][et_pb_column type=&#8221;4_4&#8243; _builder_version=&#8221;4.21.0&#8243; _module_preset=&#8221;default&#8221; global_colors_info=&#8221;{}&#8221;][et_pb_text _builder_version=&#8221;4.27.0&#8243; _module_preset=&#8221;default&#8221; global_colors_info=&#8221;{}&#8221;]<\/p>\n<h1>Leistungsbewertung<\/h1>\n<p>[\/et_pb_text][et_pb_tabs _builder_version=&#8221;4.27.4&#8243; _module_preset=&#8221;default&#8221; hover_enabled=&#8221;0&#8243; global_colors_info=&#8221;{}&#8221; sticky_enabled=&#8221;0&#8243;][et_pb_tab title=&#8221;Grundlagen f\u00fcr die Leistungsbewertung&#8221; _builder_version=&#8221;4.22.1&#8243; _module_preset=&#8221;default&#8221; global_colors_info=&#8221;{}&#8221;]<\/p>\n<p>Zu den Grundlagen f\u00fcr die Feststellung von Sch\u00fclerleistungen gibt es Festlegungen sowohl in der Notenbildungsverordnung (NVO), die f\u00fcr alle Schularten gilt, als auch in der Leistungsbeurteilungsverordnung f\u00fcr die Grundschule (LeistungsbeurteilungsVO GS).<\/p>\n<p>Die Notenbildungsverordnung legt in \u00a7 7 Abs. 1 fest:<\/p>\n<p><strong>Grundlage der Leistungsbewertung in einem Unterrichtsfach sind<\/strong><\/p>\n<ul>\n<li><strong>alle<\/strong>, d.h. schriftliche, m\u00fcndliche und praktische Leistungen,<\/li>\n<li>die vom Sch\u00fcler erbracht worden sind,<\/li>\n<li>und dies im Zusammenhang mit dem Unterricht.<\/li>\n<\/ul>\n<p>Entscheidend f\u00fcr die <strong>Bewertung der m\u00fcndlichen Leistung<\/strong> ist die fachliche Qualit\u00e4t, egal ob der Sch\u00fcler sich freiwillig meldet oder der Lehrer ihn von sich aus aufruft. Die Quantit\u00e4t findet ihre Ber\u00fccksichtigung in der Allgemeinen Beurteilung.<\/p>\n<p>Die NVO stellt fest, dass die <strong>Bildung der Jahresnote<\/strong> in einem Unterrichtsfach eine p\u00e4dagogisch-fachliche Gesamtwertung der vom Sch\u00fcler im Beurteilungszeitraum erbrachten Leistungen ist und keine rein arithmetische Rechnung. (NVO \u00a7 7 Abs. 2)<\/p>\n<p>Nach \u00a75 der Notenbildungsverordnung ist R\u00fccksicht auf die Ausdauer und Konzentrationsf\u00e4higkeit der Sch\u00fclerinnen und Sch\u00fcler zu nehmen.<\/p>\n<p><strong>Nachschreiben von schriftlichen Arbeiten<\/strong><\/p>\n<p>Nach dem Gleichbehandlungsgrundsatz sind Sch\u00fcler beim Nachschreiben einer Arbeit uneingeschr\u00e4nkt zu beaufsichtigen. Ein unbeaufsichtigtes Nachschreiben auf dem Flur oder einer entsprechenden Stelle des Schulgeb\u00e4udes oder w\u00e4hrend des laufenden Unterrichts ist unzul\u00e4ssig.<\/p>\n<p><strong>Wichtige Zusatzbestimmungen LeistungsbeurteilungsVO GS:<\/strong><\/p>\n<ul>\n<li>Bei allen schriftlichen Arbeiten sind Abweichungen von der Rechtschreibung sowie Ausdrucksm\u00e4ngel zu beachten und zur individuellen F\u00f6rderung heranzuziehen.<\/li>\n<li>Am Tag nach Ferienabschnitten und Sonn- und Feiertagen d\u00fcrfen keine schriftlichen Arbeiten zum Leistungsnachweis geschrieben werden.<\/li>\n<li>An einem Tag darf nur eine schriftliche Arbeit geschrieben werden.<\/li>\n<li>Schriftliche Arbeiten sind gleichm\u00e4\u00dfig auf das ganze Schuljahr zu verteilen.<\/li>\n<li>Aus p\u00e4dagogischen Gr\u00fcnden kann in besonders gelagerten Einzelf\u00e4llen die Klassenkonferenz entscheiden, auf eine Leistungsbewertung durch Noten vor\u00fcbergehend zu verzichten; die Erziehungsberechtigten sind vorher anzuh\u00f6ren.<\/li>\n<li>Die VERA-Diagnose-Arbeiten werden nicht benotet.<\/li>\n<li>Au\u00dferdem sind m\u00fcndliche Beitr\u00e4ge, Selbsteinsch\u00e4tzungsb\u00f6gen der Sch\u00fcler, praktische Arbeiten und Lerntageb\u00fccher, Portfolios, Pr\u00e4sentationsergebnisse, Lehrerbeobachtungen sowie Lern- und Entwicklungsdokumentationen zur Leistungsbeurteilung und f\u00fcr Lernentwicklungsgespr\u00e4che hinzuzuziehen.<\/li>\n<\/ul>\n<p>Die Lehrekraft entscheidet im Rahmen des p\u00e4dagogischen Beurteilungsspielraums,<\/p>\n<ul>\n<li>welche Formen zur Feststellung der m\u00fcndlichen Noten angewandt werden,<\/li>\n<li>ob der Sch\u00fcler eine vers\u00e4umte schriftliche Arbeit nachzuholen hat,<\/li>\n<li>wie sie bei einem konkreten T\u00e4uschungsversuch verf\u00e4hrt,<\/li>\n<li>\u00fcber die Zusammenstellung einer schriftlichen Arbeit zur Leistungsmessung, die Gewichtung der einzelnen Aufgaben im Rahmen der Punktevergabe,<\/li>\n<li>\u00fcber die Zuordnung der Punktezahl\/Fehlerzahl der Notenskala von 1 bis 6.<\/li>\n<\/ul>\n<p>[\/et_pb_tab][et_pb_tab title=&#8221;Fach Mathematik&#8221; _builder_version=&#8221;4.27.0&#8243; _module_preset=&#8221;default&#8221; global_colors_info=&#8221;{}&#8221;]<\/p>\n<h1 style=\"font-weight: 400;\"><strong>Leistungsbeurteilung im Fach Mathematik<\/strong><\/h1>\n<p style=\"font-weight: 400;\"><strong>Beschluss der Gesamtlehrerkonferenz vom 17.07.2024<\/strong><\/p>\n<ul>\n<li>In den Parallelklassen werden einheitliche Lernzielkontrollen und Diagnosen geschrieben.<\/li>\n<li>Diagnosen werden in der Regel nicht angek\u00fcndigt, Lernzielkontrollen mindestens eine Woche vorab. Die inhaltlichen Schwerpunkte werden den Kindern mitgeteilt.<\/li>\n<li>Die schriftliche Leistung wird doppelt so stark gewertet wie die m\u00fcndliche.<br \/>schriftlich : m\u00fcndlich = 2:1<\/li>\n<li>Sonstige Leistungen (Kurztests, Pr\u00e4sentationen, &#8230;) k\u00f6nnen zur Sicherung der Notengebung hinzugef\u00fcgt werden.<\/li>\n<\/ul>\n<p style=\"font-weight: 400;\"><strong>Klasse 1:<\/strong><\/p>\n<ul>\n<li>Es gibt keine festgelegte Anzahl an Diagnosen.<\/li>\n<li>Diagnosen werden nicht benotet (auch keine Punkte) und nicht an die Eltern ausgegeben, sondern dienen als Grundlage f\u00fcr Elterngespr\u00e4che.<\/li>\n<\/ul>\n<p style=\"font-weight: 400;\"><strong>Klasse 2:<\/strong><\/p>\n<ul>\n<li>In den Lernzielkontrollen gibt es Punkte (erg\u00e4nzt durch individuelle R\u00fcckmeldungen), aber keine Noten.<\/li>\n<li>Es werden mindestens 5, maximal 8 Lernzielkontrollen geschrieben.<\/li>\n<\/ul>\n<p style=\"font-weight: 400;\"><strong>Klasse 3 und 4:<\/strong><\/p>\n<ul>\n<li>Nach jeder Themen-Einheit wird eine unbenotete Diagnose geschrieben (auch keine Punkte). Diese dient nur der R\u00fcckmeldung des aktuellen Lernstandes.<\/li>\n<li>Diagnosen \u00fcberpr\u00fcfen nur die Grundlagen (Aufgaben aus Grund- und mittlerem Niveau).<\/li>\n<li>Die Lernzielkontrollen werden erg\u00e4nzt durch individuelle R\u00fcckmeldungen.<\/li>\n<li>Es werden mindestens 4, maximal 6 Lernzielkontrollen geschrieben.<\/li>\n<li>In jeder Lernzielkontrolle werden mindestens zwei der folgenden vier Bereiche abgedeckt:<\/li>\n<li>Zahlen und Operationen<\/li>\n<li>Raum und Form<\/li>\n<li>Gr\u00f6\u00dfen und Messen<\/li>\n<li>Daten, H\u00e4ufigkeit, Wahrscheinlichkeit<\/li>\n<li><span style=\"font-size: 14px;\">Jeder Bereich ist mindestens zweimal Inhalt einer Lernzielkontrolle.<\/span><\/li>\n<li><span style=\"font-size: 14px;\">In Klasse 4 gibt es in jeder Lernzielkontrolle Aufgaben zu allen 4 Grundrechenarten sowie mind. eine Textaufgabe.<\/span><\/li>\n<\/ul>\n<p>[\/et_pb_tab][et_pb_tab title=&#8221;Fach Deutsch&#8221; _builder_version=&#8221;4.27.4&#8243; _module_preset=&#8221;default&#8221; hover_enabled=&#8221;0&#8243; global_colors_info=&#8221;{}&#8221; sticky_enabled=&#8221;0&#8243;]<\/p>\n<h1><strong>Leistungsmessung im Fach Deutsch<br \/><\/strong><\/h1>\n<p><strong>Beschluss der Gesamtlehrerkonferenz vom 03.07.2025<\/strong><\/p>\n<p><strong><u>Deutsch Kl. 1 und 2<\/u><\/strong><\/p>\n<p><strong><u>Kl. 1:<\/u><\/strong><\/p>\n<ul>\n<li>Keine Punkte in den Diagnosen<\/li>\n<li>Keine festgelegte Anzahl von Diagnosen<\/li>\n<\/ul>\n<p><strong><u>Kl. 2-4<\/u><\/strong><\/p>\n<p><a href=\"https:\/\/gsro.de\/index.php\/gewichtung-im-fach-deutsch\/\">Gewichtung im Fach Deutsch<\/a><\/p>\n<p><strong><u>Verbindliche Pr\u00e4sentationen in Kl. 2 und Kl. 4<\/u><\/strong><\/p>\n<ul>\n<li>HJ in Kl. 2: Deutsch<\/li>\n<li>HJ in Kl. 4: Sachunterricht<\/li>\n<\/ul>\n<p>[\/et_pb_tab][et_pb_tab title=&#8221;Fach Englisch&#8221; _builder_version=&#8221;4.22.1&#8243; _module_preset=&#8221;default&#8221; global_colors_info=&#8221;{}&#8221;]<\/p>\n<p><a href=\"https:\/\/gsro.de\/index.php\/leistungsmessung-im-fach-englisch\/\">Leistungsmessung im Fach Englisch Kl. 3 und 4<\/a><\/p>\n<p>[\/et_pb_tab][\/et_pb_tabs][\/et_pb_column][\/et_pb_row][\/et_pb_section]<\/p>\n","protected":false},"excerpt":{"rendered":"<p>LeistungsbewertungZu den Grundlagen f\u00fcr die Feststellung von Sch\u00fclerleistungen gibt es Festlegungen sowohl in der Notenbildungsverordnung (NVO), die f\u00fcr alle Schularten gilt, als auch in der Leistungsbeurteilungsverordnung f\u00fcr die Grundschule (LeistungsbeurteilungsVO GS). Die Notenbildungsverordnung legt in \u00a7 7 Abs. 1 fest: Grundlage der Leistungsbewertung in einem Unterrichtsfach sind alle, d.h. schriftliche, m\u00fcndliche und praktische Leistungen, die [&hellip;]<\/p>\n","protected":false},"author":2,"featured_media":0,"parent":0,"menu_order":0,"comment_status":"closed","ping_status":"closed","template":"","meta":{"_et_pb_use_builder":"on","_et_pb_old_content":"","_et_gb_content_width":"","footnotes":""},"class_list":["post-30287","page","type-page","status-publish","hentry"],"_links":{"self":[{"href":"https:\/\/gsro.de\/index.php\/wp-json\/wp\/v2\/pages\/30287","targetHints":{"allow":["GET"]}}],"collection":[{"href":"https:\/\/gsro.de\/index.php\/wp-json\/wp\/v2\/pages"}],"about":[{"href":"https:\/\/gsro.de\/index.php\/wp-json\/wp\/v2\/types\/page"}],"author":[{"embeddable":true,"href":"https:\/\/gsro.de\/index.php\/wp-json\/wp\/v2\/users\/2"}],"replies":[{"embeddable":true,"href":"https:\/\/gsro.de\/index.php\/wp-json\/wp\/v2\/comments?post=30287"}],"version-history":[{"count":17,"href":"https:\/\/gsro.de\/index.php\/wp-json\/wp\/v2\/pages\/30287\/revisions"}],"predecessor-version":[{"id":30754,"href":"https:\/\/gsro.de\/index.php\/wp-json\/wp\/v2\/pages\/30287\/revisions\/30754"}],"wp:attachment":[{"href":"https:\/\/gsro.de\/index.php\/wp-json\/wp\/v2\/media?parent=30287"}],"curies":[{"name":"wp","href":"https:\/\/api.w.org\/{rel}","templated":true}]}}