{"id":30299,"date":"2023-07-19T10:32:45","date_gmt":"2023-07-19T08:32:45","guid":{"rendered":"https:\/\/gsro.de\/?page_id=30299"},"modified":"2023-07-19T12:06:50","modified_gmt":"2023-07-19T10:06:50","slug":"hausaufgaben","status":"publish","type":"page","link":"https:\/\/gsro.de\/index.php\/hausaufgaben\/","title":{"rendered":"Hausaufgaben"},"content":{"rendered":"<p>[et_pb_section fb_built=&#8221;1&#8243; _builder_version=&#8221;4.21.0&#8243; _module_preset=&#8221;default&#8221; global_colors_info=&#8221;{}&#8221;][et_pb_row _builder_version=&#8221;4.21.0&#8243; _module_preset=&#8221;default&#8221; global_colors_info=&#8221;{}&#8221;][et_pb_column type=&#8221;4_4&#8243; _builder_version=&#8221;4.21.0&#8243; _module_preset=&#8221;default&#8221; global_colors_info=&#8221;{}&#8221;][et_pb_cta title=&#8221;Download Hausaufgabenkonzept&#8221; button_url=&#8221;https:\/\/cloudfiles.gs-rohrbach.de\/index.php\/s\/zBnWxQkZt23E4zK&#8221; button_text=&#8221;Click Here&#8221; _builder_version=&#8221;4.21.0&#8243; _module_preset=&#8221;default&#8221; hover_enabled=&#8221;0&#8243; global_colors_info=&#8221;{}&#8221; sticky_enabled=&#8221;0&#8243;]<\/p>\n<p><a href=\"https:\/\/gsro.de\/wp-content\/uploads\/securepdfs\/2023\/07\/Hausaufgabenkonzept.pdf\" rel=\"attachment wp-att-30307\"><\/a>Hausaufgabenkonzept der Grundschule Rohrbach<\/p>\n<p>[\/et_pb_cta][et_pb_text _builder_version=&#8221;4.21.0&#8243; _module_preset=&#8221;default&#8221; global_colors_info=&#8221;{}&#8221;]<\/p>\n<p><strong><u>Hausaufgabenkonzept der Grundschule Rohrbach<\/u><\/strong><\/p>\n<p>&nbsp;<\/p>\n<p>Ein grundlegendes Prinzip von Hausaufgaben ist, dass die Kinder zun\u00e4chst selbst daf\u00fcr verantwortlich sind \u2013 nicht die Eltern.\u00a0<\/p>\n<p>Eltern sollten ihre Kinder bei den Hausaufgaben begleitend unterst\u00fctzen: anleiten bei der verl\u00e4sslichen und gewissenhaften Erledigung, helfen beim Verst\u00e4ndnis und der Entwicklung einer sinnvollen Arbeitsweise.\u00a0<\/p>\n<p>Unterst\u00fctzen Sie Ihr Kind bei speziellen Hausaufgaben wie Lese\u00fcbungen und Vorbereitungen auf Arbeiten. Es ist nicht sinnvoll, generell und dauerhaft gemeinsam mit dem Kind alle Hausaufgaben zu erledigen. Weisen Sie Ihr Kind punktuell auf Fehler hin \u2013 loben Sie es bei sorgf\u00e4ltiger und erfolgreicher Arbeit!\u00a0<\/p>\n<p>Hausaufgaben m\u00fcssen nicht komplett von Ihnen korrigiert mit in die Schule gebracht werden. Die Richtigkeit der Hausaufgaben ist f\u00fcr die Benotung nicht ausschlaggebend, sondern die Art und Weise der Erledigung der Hausaufgaben (ordentlich und zuverl\u00e4ssig) flie\u00dft in die Bewertung des Arbeitsverhaltens mit ein.\u00a0<\/p>\n<p>Die Kinder arbeiten sehr unterschiedlich in Tempo, Arbeitsweise und Auffassungsgabe, daher sind zum Teil deutliche Abweichungen nur nat\u00fcrlich. Bei dauerhaften und schwerwiegenden Problemen mit den Hausaufgaben suchen Sie bitte das Gespr\u00e4ch mit den Lehrkr\u00e4ften, um gemeinsam nach Ursachen und L\u00f6sungen zu suchen.\u00a0<\/p>\n<p>Wenn Ihr Kind in Einzelf\u00e4llen die Hausaufgaben trotz Bem\u00fchungen nicht schafft, d\u00fcrfen Sie dies unter den Hausaufgaben vermerken. Freiwillige Aufgaben (h\u00e4ufig als \u201eSternchenaufgaben\u201c bezeichnet) sind freiwillig und es sollte auch von Zuhause kein Zwang ausge\u00fcbt werden, dass diese immer ausgef\u00fchrt werden. Sie w\u00fcrden dadurch ihren Sinn verlieren. Auch hier ist das eigenverantwortliche Handeln des Kindes gefordert bzw. wird gef\u00f6rdert.\u00a0<\/p>\n<p>Je nach Jahrgangsstufe und Fach haben die Hausaufgaben folgende Funktionen:\u00a0<\/p>\n<p>&#8211; Festigung und Anwendung des im Unterricht erworbenen Wissens<\/p>\n<p>&#8211; Vorbereitung auf kommende Unterrichtsschritte, z.B. durch Informationsbeschaffung<\/p>\n<p>&#8211; F\u00f6rderung des selbstst\u00e4ndigen und eigenverantwortlichen Lernens<\/p>\n<p>&nbsp;<\/p>\n<p><u>Grunds\u00e4tze<\/u>\u00a0<\/p>\n<ol>\n<li>Die Hausaufgaben k\u00f6nnen von den Sch\u00fclern\/-innen ohne fremde Hilfe und in der vorgesehenen Zeit bew\u00e4ltigt werden. Die Lehrkr\u00e4fte erleichtern mit genauen Arbeitsanweisungen den Sch\u00fclern\/-innen das Verst\u00e4ndnis und die Ausf\u00fchrung der Hausaufgaben.<\/li>\n<\/ol>\n<ol start=\"2\">\n<li>Hausaufgaben k\u00f6nnen entsprechend dem Lernentwicklungsstand differenziert in unterschiedlicher Form und Menge erteilt werden.<\/li>\n<\/ol>\n<ol start=\"3\">\n<li>Die Ergebnisse der Hausaufgaben sind in den Unterricht einzubeziehen.<\/li>\n<\/ol>\n<ol start=\"4\">\n<li>Die verschiedenen in einer Klasse unterrichtenden Lehrkr\u00e4fte koordinieren ihre Anforderungen an die Hausaufgabenzeit der Sch\u00fcler\/-innen. Die Ank\u00fcndigung der Hausaufgaben erfolgt so rechtzeitig in einer Unterrichtsstunde, dass die Sch\u00fclern\/-innen ausreichend Zeit haben, die Angaben zu den Hausaufgaben von der Tafel zu notieren. So erhalten Sch\u00fcler\/-innen und Lehrkr\u00e4fte eine \u00dcbersicht. Sch\u00fcler\/-innen sind verpflichtet, diese Hausaufgaben zu notiert. Es wird von den Sch\u00fclern\/-innen erwartet, dass die Eintragungen ins Hausausaufgabenheft gewissenhaft erfolgen. Dies wird in der Regel von der Lehrkraft nicht kontrolliert oder abgezeichnet. Eine Unterschrift durch die Lehrkraft erfolgt nur in Ausnahmef\u00e4llen, die mit den Eltern abgesprochen sind.<\/li>\n<\/ol>\n<ol start=\"5\">\n<li>Die Erteilung von Hausaufgaben soll nicht erfolgen:<\/li>\n<\/ol>\n<p>&#8211; zum n\u00e4chsten Tag an Tagen, an denen schulische Nachmittagsveranstaltungen stattfinden, zu deren \u00a0<\/p>\n<p>\u00a0 Besuch die Sch\u00fcler\/-innen verpflichtet sind,<\/p>\n<p>&#8211; zum n\u00e4chsten Tag an Tagen, an denen \u201ehitzefrei\u201c gew\u00e4hrt wurde,<\/p>\n<p>&#8211; in Klasse 1 in der Regel von Freitag zu Montag,<\/p>\n<p>&#8211; \u00fcber die Ferien.\u00a0<\/p>\n<ol start=\"6\">\n<li>Der Umfang der t\u00e4glichen Hausaufgaben betr\u00e4gt:<\/li>\n<\/ol>\n<p>&#8211; in den Jahrgangsstufen 1 und 2 \u2192 30-45 min. (in der Klasse 1 werden die Sch\u00fcler anhand von Aufgaben geringen Umfangs behutsam an das h\u00e4usliche Arbeiten gew\u00f6hnt)<\/p>\n<p>&#8211; in den Jahrgangsstufen 3 und 4 \u2192 45-60 min.\u00a0<\/p>\n<ol start=\"7\">\n<li>Hausaufgaben werden von der Lehrkraft regelm\u00e4\u00dfig kontrolliert.<\/li>\n<\/ol>\n<ol start=\"8\">\n<li>Mit zunehmendem Alter der Sch\u00fcler\/-innen wird die Kontrolle durch die Lehrkraft erg\u00e4nzt durch die Selbstkontrolle.<\/li>\n<\/ol>\n<ol start=\"9\">\n<li>Hausaufgaben werden nicht zur Leistungsfeststellung in den F\u00e4chern herangezogen.<\/li>\n<\/ol>\n<ol start=\"10\">\n<li>Fehlende Hausaufgaben werden vermerkt. Die Erziehungsberechtigten sind bei h\u00e4ufigem Fehlen der Hausaufgaben in Kenntnis zu setzen. Gleichfalls sind diese bis zur n\u00e4chsten Fachstunde nachzuarbeiten und der jeweiligen Lehrkraft selbstst\u00e4ndig zur Kontrolle vorzulegen.Bei erneutem Fehlen der Hausaufgaben entscheidet die Lehrkraft \u00fcber eine geeignete Erziehungsma\u00dfnahme, um bei den Sch\u00fclern\/-innen die Einsicht zum Fehlverhalten herzustellen und ihnen die unmittelbare Wiedergutmachung zu erm\u00f6glichen.<\/li>\n<\/ol>\n<ol start=\"11\">\n<li>Hausaufgaben bei Krankheit:\u00a0Wenn ein Sch\u00fcler\/-innen wegen Krankheit in der Schule fehlt, versucht die Klassenlehrkraft mit der \u201eKrankenpost\u201c \u00fcber Mitsch\u00fclerinnen oder Mitsch\u00fcler dem erkrankten Kind die Hausaufgaben mitzuteilen. Die \u201eKrankenpost\u201c kann nach R\u00fccksprache mit der Klassenlehrkraft auch in der Schule abgeholt werden. Bitte beachten Sie, dass das Sekretariat keine Auskunft \u00fcber Hausaufgaben erteilen kann. Die Sch\u00fclerin oder der Sch\u00fcler ist bei Abwesenheit oder Krankheit verpflichtet, Vers\u00e4umtes nachzuarbeiten. Bei l\u00e4ngerer Krankheit oder gr\u00f6\u00dferen Vers\u00e4umnissen nehmen die Eltern mit der Schule Kontakt auf, um eine angemessene L\u00f6sung zu finden.<\/li>\n<\/ol>\n<p><strong><u>\u00a0<\/u><\/strong><\/p>\n<p>Stand: Juli 2023\u00a0<\/p>\n<p>Beschluss der Lehrerkonferenz: 13.07.2023\u00a0<\/p>\n<p>Beschluss der Schulkonferenz: 18.07.2023<\/p>\n<p>[\/et_pb_text][\/et_pb_column][\/et_pb_row][et_pb_row _builder_version=&#8221;4.21.0&#8243; _module_preset=&#8221;default&#8221; global_colors_info=&#8221;{}&#8221;][et_pb_column type=&#8221;4_4&#8243; _builder_version=&#8221;4.21.0&#8243; _module_preset=&#8221;default&#8221; global_colors_info=&#8221;{}&#8221;][\/et_pb_column][\/et_pb_row][\/et_pb_section]<\/p>\n","protected":false},"excerpt":{"rendered":"<p>Hausaufgabenkonzept der Grundschule RohrbachHausaufgabenkonzept der Grundschule Rohrbach &nbsp; Ein grundlegendes Prinzip von Hausaufgaben ist, dass die Kinder zun\u00e4chst selbst daf\u00fcr verantwortlich sind \u2013 nicht die Eltern.\u00a0 Eltern sollten ihre Kinder bei den Hausaufgaben begleitend unterst\u00fctzen: anleiten bei der verl\u00e4sslichen und gewissenhaften Erledigung, helfen beim Verst\u00e4ndnis und der Entwicklung einer sinnvollen Arbeitsweise.\u00a0 Unterst\u00fctzen Sie Ihr Kind [&hellip;]<\/p>\n","protected":false},"author":2,"featured_media":0,"parent":0,"menu_order":0,"comment_status":"closed","ping_status":"closed","template":"","meta":{"_et_pb_use_builder":"on","_et_pb_old_content":"","_et_gb_content_width":"","footnotes":""},"class_list":["post-30299","page","type-page","status-publish","hentry"],"_links":{"self":[{"href":"https:\/\/gsro.de\/index.php\/wp-json\/wp\/v2\/pages\/30299","targetHints":{"allow":["GET"]}}],"collection":[{"href":"https:\/\/gsro.de\/index.php\/wp-json\/wp\/v2\/pages"}],"about":[{"href":"https:\/\/gsro.de\/index.php\/wp-json\/wp\/v2\/types\/page"}],"author":[{"embeddable":true,"href":"https:\/\/gsro.de\/index.php\/wp-json\/wp\/v2\/users\/2"}],"replies":[{"embeddable":true,"href":"https:\/\/gsro.de\/index.php\/wp-json\/wp\/v2\/comments?post=30299"}],"version-history":[{"count":7,"href":"https:\/\/gsro.de\/index.php\/wp-json\/wp\/v2\/pages\/30299\/revisions"}],"predecessor-version":[{"id":30317,"href":"https:\/\/gsro.de\/index.php\/wp-json\/wp\/v2\/pages\/30299\/revisions\/30317"}],"wp:attachment":[{"href":"https:\/\/gsro.de\/index.php\/wp-json\/wp\/v2\/media?parent=30299"}],"curies":[{"name":"wp","href":"https:\/\/api.w.org\/{rel}","templated":true}]}}