{"id":30404,"date":"2023-09-15T13:01:32","date_gmt":"2023-09-15T11:01:32","guid":{"rendered":"https:\/\/gsro.de\/?page_id=30404"},"modified":"2023-09-15T13:07:51","modified_gmt":"2023-09-15T11:07:51","slug":"krankheit","status":"publish","type":"page","link":"https:\/\/gsro.de\/index.php\/krankheit\/","title":{"rendered":"Krankheit"},"content":{"rendered":"\n<p>Bitte informieren Sie die Schule so schnell wie m\u00f6glich \u00fcber <a href=\"https:\/\/my.schoolfox.app\/#\/welcome\">SchoolFox<\/a>, wenn Ihr Kind krank ist oder aus anderen zwingenden Gr\u00fcnden nicht am Unterricht teilnehmen kann. Erfolgte die Krankmeldung telefonisch, muss eine schriftliche Entschuldigung nachgereicht werden (sp\u00e4testens am 3. Tag).<\/p>\n\n\n\n<p>Denken Sie daran: ansteckende Krankheiten z.B. Masern, Windpocken, Mumps, Scharlach usw. meldepflichtig sind.<\/p>\n\n\n\n<p>Die Kinder d\u00fcrfen in der Zeit der Ansteckung die Schule nicht besuchen. Benachrichtigen Sie die Schule bitte unverz\u00fcglich und teilen Sie auch mit, um welche ansteckende Krankheit es sich handelt, damit die Schule alle notwendigen Ma\u00dfnahmen ergreifen kann, um einer Weiterverbreitung der Infektionskrankheit vorzubeugen.<\/p>\n\n\n\n<p><a rel=\"noreferrer noopener\" href=\"http:\/\/www.rki.de\/DE\/Content\/Infekt\/IfSG\/Belehrungsbogen\/belehrungsbogen_node.html\" target=\"_blank\">Belehrungsb\u00f6gen des Infektionsschutzgesetzes in verschiedenen Sprachen.<\/a><\/p>\n\n\n\n<p><\/p>\n","protected":false},"excerpt":{"rendered":"<p>Bitte informieren Sie die Schule so schnell wie m\u00f6glich \u00fcber SchoolFox, wenn Ihr Kind krank ist oder aus anderen zwingenden Gr\u00fcnden nicht am Unterricht teilnehmen kann. Erfolgte die Krankmeldung telefonisch, muss eine schriftliche Entschuldigung nachgereicht werden (sp\u00e4testens am 3. Tag). Denken Sie daran: ansteckende Krankheiten z.B. Masern, Windpocken, Mumps, Scharlach usw. meldepflichtig sind. Die Kinder [&hellip;]<\/p>\n","protected":false},"author":2,"featured_media":0,"parent":0,"menu_order":0,"comment_status":"closed","ping_status":"closed","template":"","meta":{"_et_pb_use_builder":"off","_et_pb_old_content":"","_et_gb_content_width":"1080","footnotes":""},"class_list":["post-30404","page","type-page","status-publish","hentry"],"_links":{"self":[{"href":"https:\/\/gsro.de\/index.php\/wp-json\/wp\/v2\/pages\/30404","targetHints":{"allow":["GET"]}}],"collection":[{"href":"https:\/\/gsro.de\/index.php\/wp-json\/wp\/v2\/pages"}],"about":[{"href":"https:\/\/gsro.de\/index.php\/wp-json\/wp\/v2\/types\/page"}],"author":[{"embeddable":true,"href":"https:\/\/gsro.de\/index.php\/wp-json\/wp\/v2\/users\/2"}],"replies":[{"embeddable":true,"href":"https:\/\/gsro.de\/index.php\/wp-json\/wp\/v2\/comments?post=30404"}],"version-history":[{"count":4,"href":"https:\/\/gsro.de\/index.php\/wp-json\/wp\/v2\/pages\/30404\/revisions"}],"predecessor-version":[{"id":30410,"href":"https:\/\/gsro.de\/index.php\/wp-json\/wp\/v2\/pages\/30404\/revisions\/30410"}],"wp:attachment":[{"href":"https:\/\/gsro.de\/index.php\/wp-json\/wp\/v2\/media?parent=30404"}],"curies":[{"name":"wp","href":"https:\/\/api.w.org\/{rel}","templated":true}]}}