{"id":30414,"date":"2023-09-19T13:11:49","date_gmt":"2023-09-19T11:11:49","guid":{"rendered":"https:\/\/gsro.de\/?page_id=30414"},"modified":"2023-09-22T10:09:56","modified_gmt":"2023-09-22T08:09:56","slug":"infektionsschutz","status":"publish","type":"page","link":"https:\/\/gsro.de\/index.php\/infektionsschutz\/","title":{"rendered":"Infektionsschutz"},"content":{"rendered":"\n<p>Das Infektionsschutzgesetz (IfSG) ist wichtig, um uns alle vor gef\u00e4hrlichen Krankheiten zu sch\u00fctzen.<\/p>\n\n\n\n<p>Besonders f\u00fcr Schwangere, Kinder und \u00e4ltere Menschen ist dies sehr wichtig, da sie oft empfindlicher f\u00fcr Krankheiten sind. <\/p>\n\n\n\n<p>Es hilft also, dass wir gesund bleiben und andere auch sch\u00fctzen.<\/p>\n\n\n\n<p><\/p>\n\n\n\n<p>Die Schulleitung ist gem\u00e4\u00df \u00a7 34 Abs. 5 Satz 2 IfSG verpflichtet, jeden neuen Sch\u00fcler beziehungsweise dessen Sorgeberechtigte \u00fcber die Mitteilungspflichten nach Satz 1 zu belehren.<\/p>\n\n\n\n<p><\/p>\n\n\n\n<p><strong>Wichtige Informationen f\u00fcr Eltern und Sorgeberechtigte zu Gesundheitsregeln in Gemeinschaftseinrichtungen.<\/strong><\/p>\n\n\n\n<p><strong>1. Besuchsverbot bei Krankheit:<\/strong><\/p>\n\n\n\n<p>Ein Kind darf nicht zur Kita, Schule oder \u00e4hnlichen Einrichtungen, wenn es bestimmte Infektionskrankheiten hat oder der Verdacht besteht.<\/p>\n\n\n\n<p><strong>2. Meldungspflicht:<\/strong><\/p>\n\n\n\n<p>Eltern m\u00fcssen die Einrichtung informieren, wenn ein Besuchsverbot f\u00fcr ihr Kind gilt und \u00fcber die Art der Krankheit.<\/p>\n\n\n\n<p><strong>3. Vorbeugung von Krankheiten:<\/strong><\/p>\n\n\n\n<p>Hygiene beachten, insbesondere H\u00e4ndewaschen. Impfungen sind wichtig, um vor Krankheiten zu sch\u00fctzen.<\/p>\n\n\n\n<p><\/p>\n\n\n\n<p>\u00dcber diese Regelungen informiert das Robert-Koch-Institut in einem Merkblatt. <\/p>\n\n\n\n<p><a rel=\"noreferrer noopener\" href=\"http:\/\/www.rki.de\/DE\/Content\/Infekt\/IfSG\/Belehrungsbogen\/belehrungsbogen_node.html\" target=\"_blank\">Merkbl\u00e4tter zum Infektionsschutz beim Robert-Koch-Institut<\/a> <strong>gem\u00e4\u00df \u00a7 34 <abbr title=\"Infektionsschutzgesetz\">IfSG<\/abbr> <abbr title=\"Absatz\">Abs.<\/abbr> 5 Satz 2<\/strong><\/p>\n\n\n\n<p><br><a rel=\"noreferrer noopener\" href=\"https:\/\/www.rki.de\/DE\/Content\/Infekt\/IfSG\/Belehrungsbogen\/belehrungsbogen_eltern_deutsch.pdf?__blob=publicationFile\" target=\"_blank\">F\u00fcr Eltern und sonstige Sorgeberechtigte (22.01.2014)\u00a0(PDF, 37 KB, Datei ist nicht barrierefrei)<\/a><\/p>\n\n\n\n<p><a href=\"https:\/\/www.rki.de\/DE\/Content\/Infekt\/IfSG\/Belehrungsbogen\/belehrungsbogen_eltern_arabisch.pdf?__blob=publicationFile\" target=\"_blank\" rel=\"noreferrer noopener\">arabisch&nbsp;(PDF, 110 KB, Datei ist nicht barrierefrei)<\/a><\/p>\n\n\n\n<p><a href=\"https:\/\/www.rki.de\/DE\/Content\/Infekt\/IfSG\/Belehrungsbogen\/belehrungsbogen_eltern_englisch.pdf?__blob=publicationFile\" target=\"_blank\" rel=\"noreferrer noopener\">englisch&nbsp;(PDF, 56 KB, Datei ist nicht barrierefrei)<\/a><\/p>\n\n\n\n<p><a href=\"https:\/\/www.rki.de\/DE\/Content\/Infekt\/IfSG\/Belehrungsbogen\/belehrungsbogen_eltern_franzoesisch.pdf?__blob=publicationFile\" target=\"_blank\" rel=\"noreferrer noopener\">franz\u00f6sisch&nbsp;(PDF, 58 KB, Datei ist nicht barrierefrei)<\/a><\/p>\n\n\n\n<p><a href=\"https:\/\/www.rki.de\/DE\/Content\/Infekt\/IfSG\/Belehrungsbogen\/belehrungsbogen_eltern_polnisch.pdf?__blob=publicationFile\" target=\"_blank\" rel=\"noreferrer noopener\">polnisch&nbsp;(PDF, 101 KB, Datei ist nicht barrierefrei)<\/a><\/p>\n\n\n\n<p><a href=\"https:\/\/www.rki.de\/DE\/Content\/Infekt\/IfSG\/Belehrungsbogen\/belehrungsbogen_eltern_russisch.pdf?__blob=publicationFile\" target=\"_blank\" rel=\"noreferrer noopener\">russisch&nbsp;(PDF, 117 KB, Datei ist nicht barrierefrei)<\/a><\/p>\n\n\n\n<p><a href=\"https:\/\/www.rki.de\/DE\/Content\/Infekt\/IfSG\/Belehrungsbogen\/belehrungsbogen_eltern_spanisch.pdf?__blob=publicationFile\" target=\"_blank\" rel=\"noreferrer noopener\">spanisch&nbsp;(PDF, 49 KB, Datei ist nicht barrierefrei)<\/a><\/p>\n\n\n\n<p><a rel=\"noreferrer noopener\" href=\"https:\/\/www.rki.de\/DE\/Content\/Infekt\/IfSG\/Belehrungsbogen\/belehrungsbogen_eltern_tuerkisch.pdf?__blob=publicationFile\" target=\"_blank\">t\u00fcrkisch&nbsp;(PDF, 50 KB, Datei ist nicht barrierefrei)<\/a><\/p>\n\n\n\n<p><\/p>\n","protected":false},"excerpt":{"rendered":"<p>Das Infektionsschutzgesetz (IfSG) ist wichtig, um uns alle vor gef\u00e4hrlichen Krankheiten zu sch\u00fctzen. Besonders f\u00fcr Schwangere, Kinder und \u00e4ltere Menschen ist dies sehr wichtig, da sie oft empfindlicher f\u00fcr Krankheiten sind. Es hilft also, dass wir gesund bleiben und andere auch sch\u00fctzen. Die Schulleitung ist gem\u00e4\u00df \u00a7 34 Abs. 5 Satz 2 IfSG verpflichtet, jeden [&hellip;]<\/p>\n","protected":false},"author":1,"featured_media":0,"parent":0,"menu_order":0,"comment_status":"closed","ping_status":"closed","template":"","meta":{"_et_pb_use_builder":"off","_et_pb_old_content":"<!-- wp:paragraph -->\n<p>Das Infektionsschutzgesetz enth\u00e4lt eine Reihe von Regelungen, die dem Schutz aller Kinder und Jugendlichen und auch des Personals in Gemeinschaftseinrichtungen vor ansteckenden Krankheiten dienen. Merkbl\u00e4tter zur Belehrung von Sorgeberechtigten, Sch\u00fclerinnen, Sch\u00fclern und Besch\u00e4ftigten an Gemeinschaftseinrichtungen gem. \u00a7 34 Abs. 5 Satz 2 und \u00a7 35 IfSG Infektionsschutzgesetz (IfSG)<\/p>\n<!-- \/wp:paragraph -->\n\n<!-- wp:paragraph -->\n<p>\u00dcber diese Regelungen informiert das Robert-Koch-Institut in einem Merkblatt \u00fcber die Pflichten nach \u00a734 Abs. 5 Satz 2 und \u00a735 Infektionsschutzgesetz (IfSG). <\/p>\n<!-- \/wp:paragraph -->\n\n<!-- wp:paragraph -->\n<p><a rel=\"noreferrer noopener\" href=\"http:\/\/www.rki.de\/DE\/Content\/Infekt\/IfSG\/Belehrungsbogen\/belehrungsbogen_node.html\" target=\"_blank\">Merkbl\u00e4tter zum Infektionsschutz beim Robert-Koch-Institut<\/a><\/p>\n<!-- \/wp:paragraph -->\n\n<!-- wp:paragraph -->\n<p><strong>gem\u00e4\u00df \u00a7 34 <abbr title=\"Infektionsschutzgesetz\">IfSG<\/abbr> <abbr title=\"Absatz\">Abs.<\/abbr> 5 Satz 2<\/strong><\/p>\n<!-- \/wp:paragraph -->\n\n<!-- wp:paragraph -->\n<p><br><a rel=\"noreferrer noopener\" href=\"https:\/\/www.rki.de\/DE\/Content\/Infekt\/IfSG\/Belehrungsbogen\/belehrungsbogen_eltern_deutsch.pdf?__blob=publicationFile\" target=\"_blank\">F\u00fcr Eltern und sonstige Sorgeberechtigte (22.01.2014)\u00a0(PDF, 37 KB, Datei ist nicht barrierefrei)<\/a><\/p>\n<!-- \/wp:paragraph -->\n\n<!-- wp:paragraph -->\n<p><a href=\"https:\/\/www.rki.de\/DE\/Content\/Infekt\/IfSG\/Belehrungsbogen\/belehrungsbogen_eltern_arabisch.pdf?__blob=publicationFile\" target=\"_blank\" rel=\"noreferrer noopener\">arabisch&nbsp;(PDF, 110 KB, Datei ist nicht barrierefrei)<\/a><\/p>\n<!-- \/wp:paragraph -->\n\n<!-- wp:paragraph -->\n<p><a href=\"https:\/\/www.rki.de\/DE\/Content\/Infekt\/IfSG\/Belehrungsbogen\/belehrungsbogen_eltern_englisch.pdf?__blob=publicationFile\" target=\"_blank\" rel=\"noreferrer noopener\">englisch&nbsp;(PDF, 56 KB, Datei ist nicht barrierefrei)<\/a><\/p>\n<!-- \/wp:paragraph -->\n\n<!-- wp:paragraph -->\n<p><a href=\"https:\/\/www.rki.de\/DE\/Content\/Infekt\/IfSG\/Belehrungsbogen\/belehrungsbogen_eltern_franzoesisch.pdf?__blob=publicationFile\" target=\"_blank\" rel=\"noreferrer noopener\">franz\u00f6sisch&nbsp;(PDF, 58 KB, Datei ist nicht barrierefrei)<\/a><\/p>\n<!-- \/wp:paragraph -->\n\n<!-- wp:paragraph -->\n<p><a href=\"https:\/\/www.rki.de\/DE\/Content\/Infekt\/IfSG\/Belehrungsbogen\/belehrungsbogen_eltern_polnisch.pdf?__blob=publicationFile\" target=\"_blank\" rel=\"noreferrer noopener\">polnisch&nbsp;(PDF, 101 KB, Datei ist nicht barrierefrei)<\/a><\/p>\n<!-- \/wp:paragraph -->\n\n<!-- wp:paragraph -->\n<p><a href=\"https:\/\/www.rki.de\/DE\/Content\/Infekt\/IfSG\/Belehrungsbogen\/belehrungsbogen_eltern_russisch.pdf?__blob=publicationFile\" target=\"_blank\" rel=\"noreferrer noopener\">russisch&nbsp;(PDF, 117 KB, Datei ist nicht barrierefrei)<\/a><\/p>\n<!-- \/wp:paragraph -->\n\n<!-- wp:paragraph -->\n<p><a href=\"https:\/\/www.rki.de\/DE\/Content\/Infekt\/IfSG\/Belehrungsbogen\/belehrungsbogen_eltern_spanisch.pdf?__blob=publicationFile\" target=\"_blank\" rel=\"noreferrer noopener\">spanisch&nbsp;(PDF, 49 KB, Datei ist nicht barrierefrei)<\/a><\/p>\n<!-- \/wp:paragraph -->\n\n<!-- wp:paragraph -->\n<p><a rel=\"noreferrer noopener\" href=\"https:\/\/www.rki.de\/DE\/Content\/Infekt\/IfSG\/Belehrungsbogen\/belehrungsbogen_eltern_tuerkisch.pdf?__blob=publicationFile\" target=\"_blank\">t\u00fcrkisch\u00a0(PDF, 50 KB, Datei ist nicht barrierefrei)<\/a><\/p>\n<!-- \/wp:paragraph -->\n\n<!-- wp:paragraph -->\n<p><\/p>\n<!-- \/wp:paragraph -->","_et_gb_content_width":"2880","footnotes":""},"class_list":["post-30414","page","type-page","status-publish","hentry"],"_links":{"self":[{"href":"https:\/\/gsro.de\/index.php\/wp-json\/wp\/v2\/pages\/30414","targetHints":{"allow":["GET"]}}],"collection":[{"href":"https:\/\/gsro.de\/index.php\/wp-json\/wp\/v2\/pages"}],"about":[{"href":"https:\/\/gsro.de\/index.php\/wp-json\/wp\/v2\/types\/page"}],"author":[{"embeddable":true,"href":"https:\/\/gsro.de\/index.php\/wp-json\/wp\/v2\/users\/1"}],"replies":[{"embeddable":true,"href":"https:\/\/gsro.de\/index.php\/wp-json\/wp\/v2\/comments?post=30414"}],"version-history":[{"count":18,"href":"https:\/\/gsro.de\/index.php\/wp-json\/wp\/v2\/pages\/30414\/revisions"}],"predecessor-version":[{"id":30440,"href":"https:\/\/gsro.de\/index.php\/wp-json\/wp\/v2\/pages\/30414\/revisions\/30440"}],"wp:attachment":[{"href":"https:\/\/gsro.de\/index.php\/wp-json\/wp\/v2\/media?parent=30414"}],"curies":[{"name":"wp","href":"https:\/\/api.w.org\/{rel}","templated":true}]}}