{"id":30455,"date":"2023-10-18T09:07:55","date_gmt":"2023-10-18T07:07:55","guid":{"rendered":"https:\/\/gsro.de\/?page_id=30455"},"modified":"2024-10-09T08:08:48","modified_gmt":"2024-10-09T06:08:48","slug":"mobbing","status":"publish","type":"page","link":"https:\/\/gsro.de\/index.php\/mobbing\/","title":{"rendered":"Mobbing&#038;Du"},"content":{"rendered":"[et_pb_section fb_built=&#8221;1&#8243; admin_label=&#8221;section&#8221; _builder_version=&#8221;4.16&#8243; global_colors_info=&#8221;{}&#8221;][et_pb_row _builder_version=&#8221;4.27.2&#8243; _module_preset=&#8221;default&#8221; global_colors_info=&#8221;{}&#8221;][et_pb_column type=&#8221;4_4&#8243; _builder_version=&#8221;4.27.2&#8243; _module_preset=&#8221;default&#8221; global_colors_info=&#8221;{}&#8221;][et_pb_image src=&#8221;https:\/\/gsro.de\/wp-content\/uploads\/2023\/10\/BWS_Logo_MobbingPraevention_rgb.png&#8221; title_text=&#8221;BWS_Logo_MobbingPraevention_rgb&#8221; align=&#8221;center&#8221; _builder_version=&#8221;4.27.2&#8243; _module_preset=&#8221;default&#8221; global_colors_info=&#8221;{}&#8221;][\/et_pb_image][et_pb_image src=&#8221;https:\/\/gsro.de\/wp-content\/uploads\/2024\/10\/IMG_2486-scaled.jpeg&#8221; alt=&#8221;Verleihung Mobbing&#038;Du&#8221; title_text=&#8221;IMG_2486&#8243; align=&#8221;center&#8221; _builder_version=&#8221;4.27.2&#8243; _module_preset=&#8221;default&#8221; hover_enabled=&#8221;0&#8243; global_colors_info=&#8221;{}&#8221; box_shadow_style=&#8221;preset4&#8243; sticky_enabled=&#8221;0&#8243;][\/et_pb_image][\/et_pb_column][\/et_pb_row][et_pb_row admin_label=&#8221;row&#8221; _builder_version=&#8221;4.16&#8243; background_size=&#8221;initial&#8221; background_position=&#8221;top_left&#8221; background_repeat=&#8221;repeat&#8221; global_colors_info=&#8221;{}&#8221;][et_pb_column type=&#8221;4_4&#8243; _builder_version=&#8221;4.16&#8243; custom_padding=&#8221;|||&#8221; global_colors_info=&#8221;{}&#8221; custom_padding__hover=&#8221;|||&#8221;][et_pb_text admin_label=&#8221;Text&#8221; _builder_version=&#8221;4.16&#8243; background_size=&#8221;initial&#8221; background_position=&#8221;top_left&#8221; background_repeat=&#8221;repeat&#8221; global_colors_info=&#8221;{}&#8221;]<p><\/p>\n<p><\/p>\n<p><\/p>\n<p><\/p>\n<p>Von Mobbing spricht man, wenn eine Sch\u00fclerin oder ein Sch\u00fcler wiederholt und \u00fcber eine l\u00e4ngere Zeit den negativen Handlungen anderer ausgesetzt ist und dabei ein Ungleichgewicht der Kr\u00e4fte vorliegt.<\/p>\n<p><\/p>\n<p><\/p>\n<figure class=\"wp-block-image aligncenter size-medium is-style-default\"><img loading=\"lazy\" decoding=\"async\" width=\"300\" height=\"300\" src=\"https:\/\/gsro.de\/wp-content\/uploads\/2017\/08\/shutterstock_466514006-300x300.jpg\" alt=\"\" class=\"wp-image-28571\" srcset=\"https:\/\/gsro.de\/wp-content\/uploads\/2017\/08\/shutterstock_466514006-300x300.jpg 300w, https:\/\/gsro.de\/wp-content\/uploads\/2017\/08\/shutterstock_466514006-150x150.jpg 150w, https:\/\/gsro.de\/wp-content\/uploads\/2017\/08\/shutterstock_466514006-768x768.jpg 768w, https:\/\/gsro.de\/wp-content\/uploads\/2017\/08\/shutterstock_466514006-1024x1024.jpg 1024w, https:\/\/gsro.de\/wp-content\/uploads\/2017\/08\/shutterstock_466514006-1080x1080.jpg 1080w\" sizes=\"(max-width: 300px) 100vw, 300px\" \/>\n<p>&nbsp;<\/p>\n<figcaption class=\"wp-element-caption\">Shutterstock.com: 466514006 \u00a9Daniela Barreto<\/figcaption>\n<\/figure>\n<p><\/p>\n<p><\/p>\n<p>Studien legen nahe, dass die Zahl der von Mobbing Betroffenen im Grundschulalter besonders hoch ist, auch wenn der Schweregrad der \u00dcbergriffe niedriger ist als bei \u00e4lteren Sch\u00fclerinnen und Sch\u00fclern. So gab in der Studie <em>Children\u00b4s World+ <\/em>fast ein Drittel der befragten Grundschulkinder an, im letzten Monat Ausgrenzung, H\u00e4nseleien und k\u00f6rperliche Gewalt erfahren zu haben. Mobbingerfahrungen k\u00f6nnen dabei zu gro\u00dfen psychischen Belastungen f\u00fchren.<\/p>\n<p><\/p>\n<p><\/p>\n<p>So konnten Studien zeigen, dass von Mobbing Betroffene mitunter bis ins Erwachsenenalter unter \u00c4ngsten und Depressionen leiden. Mobbingpr\u00e4vention k\u00f6nnte somit auch einen Schutz vor psychischen Problemen darstellen.<\/p>\n<p><\/p>\n<p><\/p>\n<figure class=\"wp-block-image aligncenter size-medium\"><img loading=\"lazy\" decoding=\"async\" width=\"300\" height=\"229\" src=\"https:\/\/gsro.de\/wp-content\/uploads\/2017\/08\/shutterstock_461828524-300x229.jpg\" alt=\"\" class=\"wp-image-28569\" srcset=\"https:\/\/gsro.de\/wp-content\/uploads\/2017\/08\/shutterstock_461828524-300x229.jpg 300w, https:\/\/gsro.de\/wp-content\/uploads\/2017\/08\/shutterstock_461828524-768x585.jpg 768w, https:\/\/gsro.de\/wp-content\/uploads\/2017\/08\/shutterstock_461828524-1024x781.jpg 1024w, https:\/\/gsro.de\/wp-content\/uploads\/2017\/08\/shutterstock_461828524-1080x823.jpg 1080w, https:\/\/gsro.de\/wp-content\/uploads\/2017\/08\/shutterstock_461828524.jpg 1489w\" sizes=\"(max-width: 300px) 100vw, 300px\" \/>\n<p>&nbsp;<\/p>\n<figcaption class=\"wp-element-caption\">Shutterstock.com: 461828524 \u00a9Daniela Barreto<\/figcaption>\n<\/figure>\n<p><\/p>\n<p><\/p>\n<p>Daher wurde im Auftrag der Baden-W\u00fcrttemberg Stiftung das Pr\u00e4ventionsprogramm <em>Mobbing&amp;Du \u2013 schau hin und nicht zu <\/em>von der Forschungsgruppe der Klinik f\u00fcr Kinder- und Jugendpsychiatrie des Universit\u00e4tsklinikums Heidelberg entwickelt.<\/p>\n<p><\/p>\n<p><\/p>\n<p>Die Forschungsgruppe implementiert und begleitet seit mehr als 20 Jahren schulbasierte Pr\u00e4vention in Baden-W\u00fcrttemberg.<\/p>\n<p><\/p>\n<p><\/p>\n<p>Die Grundschule Rohrbach hat sich entschieden, aktiv gegen Mobbing vorzugehen und setzt daher das Programm <em>Mobbing&amp;Du <\/em>um. Dort lernen die Sch\u00fclerinnen und Sch\u00fcler der Stufen 3 und 4 sowie alle Lehrkr\u00e4fte, wie jede\/r Einzelne (also auch \u201eDu\u201c) Mobbing erkennen, beenden und langfristig verhindern kann. D.h. jede\/r soll \u201ehin und nicht zuschauen\u201c sowie sich f\u00e4hig und verantwortlich f\u00fchlen, angemessene Schritte gegen Mobbing zu unternehmen.<\/p>\n<p><\/p>\n<p><\/p>\n<p>Hierf\u00fcr erwerben Lehrkr\u00e4fte und Sch\u00fclerInnen grundlegendes Wissen zu Mobbing und Kompetenzen zum Umgang damit. Ein wesentliches Fundament der Pr\u00e4vention ist dabei die gemeinsame Arbeit an einem positiven, prosozialen Miteinander.<\/p>\n<p><\/p>\n<p><\/p>\n<p><\/p>[\/et_pb_text][\/et_pb_column][\/et_pb_row][\/et_pb_section]","protected":false},"excerpt":{"rendered":"<p>Mobbing ist an deutschen Schulen ein verbreitetes Problem und f\u00fchrt zu Belastungen bei Betroffenen, T\u00e4terinnen und T\u00e4tern, Zuschauenden und Lehrkr\u00e4ften. Von Mobbing spricht man, wenn eine Sch\u00fclerin oder ein Sch\u00fcler wiederholt und \u00fcber eine l\u00e4ngere Zeit den negativen Handlungen anderer ausgesetzt ist und dabei ein Ungleichgewicht der Kr\u00e4fte vorliegt. &nbsp; Shutterstock.com: 466514006 \u00a9Daniela Barreto Studien [&hellip;]<\/p>\n","protected":false},"author":1,"featured_media":0,"parent":0,"menu_order":0,"comment_status":"closed","ping_status":"closed","template":"","meta":{"_et_pb_use_builder":"on","_et_pb_old_content":"<!-- wp:image {\"id\":30456,\"sizeSlug\":\"large\",\"linkDestination\":\"none\"} -->\n<figure class=\"wp-block-image size-large\"><img src=\"https:\/\/gsro.de\/wp-content\/uploads\/2023\/10\/BWS_Logo_MobbingPraevention_rgb-1024x471.png\" alt=\"\" class=\"wp-image-30456\"\/><\/figure>\n<!-- \/wp:image -->\n\n<!-- wp:paragraph -->\n<p>Mobbing ist an deutschen Schulen ein verbreitetes Problem und f\u00fchrt zu Belastungen bei Betroffenen, T\u00e4terinnen und T\u00e4tern, Zuschauenden und Lehrkr\u00e4ften.<\/p>\n<!-- \/wp:paragraph -->\n\n<!-- wp:paragraph -->\n<p>Von Mobbing spricht man, wenn eine Sch\u00fclerin oder ein Sch\u00fcler wiederholt und \u00fcber eine l\u00e4ngere Zeit den negativen Handlungen anderer ausgesetzt ist und dabei ein Ungleichgewicht der Kr\u00e4fte vorliegt.<\/p>\n<!-- \/wp:paragraph -->\n\n<!-- wp:image {\"align\":\"center\",\"id\":28571,\"sizeSlug\":\"medium\",\"linkDestination\":\"none\",\"className\":\"is-style-default\"} -->\n<figure class=\"wp-block-image aligncenter size-medium is-style-default\"><img src=\"https:\/\/gsro.de\/wp-content\/uploads\/2017\/08\/shutterstock_466514006-300x300.jpg\" alt=\"\" class=\"wp-image-28571\"\/><figcaption class=\"wp-element-caption\">Shutterstock.com: 466514006 \u00a9Daniela Barreto<\/figcaption><\/figure>\n<!-- \/wp:image -->\n\n<!-- wp:paragraph -->\n<p>Studien legen nahe, dass die Zahl der von Mobbing Betroffenen im Grundschulalter besonders hoch ist, auch wenn der Schweregrad der \u00dcbergriffe niedriger ist als bei \u00e4lteren Sch\u00fclerinnen und Sch\u00fclern. So gab in der Studie <em>Children\u00b4s World+ <\/em>fast ein Drittel der befragten Grundschulkinder an, im letzten Monat Ausgrenzung, H\u00e4nseleien und k\u00f6rperliche Gewalt erfahren zu haben. Mobbingerfahrungen k\u00f6nnen dabei zu gro\u00dfen psychischen Belastungen f\u00fchren.<\/p>\n<!-- \/wp:paragraph -->\n\n<!-- wp:paragraph -->\n<p>So konnten Studien zeigen, dass von Mobbing Betroffene mitunter bis ins Erwachsenenalter unter \u00c4ngsten und Depressionen leiden. Mobbingpr\u00e4vention k\u00f6nnte somit auch einen Schutz vor psychischen Problemen darstellen.<\/p>\n<!-- \/wp:paragraph -->\n\n<!-- wp:image {\"align\":\"center\",\"id\":28569,\"sizeSlug\":\"medium\",\"linkDestination\":\"none\"} -->\n<figure class=\"wp-block-image aligncenter size-medium\"><img src=\"https:\/\/gsro.de\/wp-content\/uploads\/2017\/08\/shutterstock_461828524-300x229.jpg\" alt=\"\" class=\"wp-image-28569\"\/><figcaption class=\"wp-element-caption\">Shutterstock.com: 461828524 \u00a9Daniela Barreto<\/figcaption><\/figure>\n<!-- \/wp:image -->\n\n<!-- wp:paragraph -->\n<p>Daher wurde im Auftrag der Baden-W\u00fcrttemberg Stiftung das Pr\u00e4ventionsprogramm <em>Mobbing&amp;Du \u2013 schau hin und nicht zu <\/em>von der Forschungsgruppe der Klinik f\u00fcr Kinder- und Jugendpsychiatrie des Universit\u00e4tsklinikums Heidelberg entwickelt.<\/p>\n<!-- \/wp:paragraph -->\n\n<!-- wp:paragraph -->\n<p>Die Forschungsgruppe implementiert und begleitet seit mehr als 20 Jahren schulbasierte Pr\u00e4vention in Baden-W\u00fcrttemberg.<\/p>\n<!-- \/wp:paragraph -->\n\n<!-- wp:paragraph -->\n<p>Die Grundschule Rohrbach hat sich entschieden, aktiv gegen Mobbing vorzugehen und setzt daher das Programm <em>Mobbing&amp;Du <\/em>um. Dort lernen die Sch\u00fclerinnen und Sch\u00fcler der Stufen 3 und 4 sowie alle Lehrkr\u00e4fte, wie jede\/r Einzelne (also auch \u201eDu\u201c) Mobbing erkennen, beenden und langfristig verhindern kann. D.h. jede\/r soll \u201ehin und nicht zuschauen\u201c sowie sich f\u00e4hig und verantwortlich f\u00fchlen, angemessene Schritte gegen Mobbing zu unternehmen.<\/p>\n<!-- \/wp:paragraph -->\n\n<!-- wp:paragraph -->\n<p>Hierf\u00fcr erwerben Lehrkr\u00e4fte und Sch\u00fclerInnen grundlegendes Wissen zu Mobbing und Kompetenzen zum Umgang damit. Ein wesentliches Fundament der Pr\u00e4vention ist dabei die gemeinsame Arbeit an einem positiven, prosozialen Miteinander.<\/p>\n<!-- \/wp:paragraph -->\n\n<!-- wp:paragraph -->\n<p><\/p>\n<!-- \/wp:paragraph -->","_et_gb_content_width":"1080","footnotes":""},"class_list":["post-30455","page","type-page","status-publish","hentry"],"_links":{"self":[{"href":"https:\/\/gsro.de\/index.php\/wp-json\/wp\/v2\/pages\/30455","targetHints":{"allow":["GET"]}}],"collection":[{"href":"https:\/\/gsro.de\/index.php\/wp-json\/wp\/v2\/pages"}],"about":[{"href":"https:\/\/gsro.de\/index.php\/wp-json\/wp\/v2\/types\/page"}],"author":[{"embeddable":true,"href":"https:\/\/gsro.de\/index.php\/wp-json\/wp\/v2\/users\/1"}],"replies":[{"embeddable":true,"href":"https:\/\/gsro.de\/index.php\/wp-json\/wp\/v2\/comments?post=30455"}],"version-history":[{"count":7,"href":"https:\/\/gsro.de\/index.php\/wp-json\/wp\/v2\/pages\/30455\/revisions"}],"predecessor-version":[{"id":30607,"href":"https:\/\/gsro.de\/index.php\/wp-json\/wp\/v2\/pages\/30455\/revisions\/30607"}],"wp:attachment":[{"href":"https:\/\/gsro.de\/index.php\/wp-json\/wp\/v2\/media?parent=30455"}],"curies":[{"name":"wp","href":"https:\/\/api.w.org\/{rel}","templated":true}]}}