{"id":30513,"date":"2024-07-22T11:41:28","date_gmt":"2024-07-22T09:41:28","guid":{"rendered":"https:\/\/gsro.de\/?page_id=30513"},"modified":"2024-07-22T11:47:04","modified_gmt":"2024-07-22T09:47:04","slug":"tsg-fusball-ag","status":"publish","type":"page","link":"https:\/\/gsro.de\/index.php\/tsg-fusball-ag\/","title":{"rendered":"TSG FU\u00dfBALL AG"},"content":{"rendered":"\n<p>Die TSG Fu\u00dfball AG unterst\u00fctzt unsere Schule seit dem Schuljahr 2018\/2019  bei der Durchf\u00fchrung einer Fu\u00dfball AG.<\/p>\n\n\n\n<figure class=\"wp-block-image size-large\"><img loading=\"lazy\" decoding=\"async\" width=\"1024\" height=\"768\" src=\"https:\/\/gsro.de\/wp-content\/uploads\/2024\/07\/b569a7eb-6ee3-4e68-9db8-bba51e642e26-1024x768.jpeg\" alt=\"\" class=\"wp-image-30514\" srcset=\"https:\/\/gsro.de\/wp-content\/uploads\/2024\/07\/b569a7eb-6ee3-4e68-9db8-bba51e642e26-980x735.jpeg 980w, https:\/\/gsro.de\/wp-content\/uploads\/2024\/07\/b569a7eb-6ee3-4e68-9db8-bba51e642e26-480x360.jpeg 480w\" sizes=\"(min-width: 0px) and (max-width: 480px) 480px, (min-width: 481px) and (max-width: 980px) 980px, (min-width: 981px) 1024px, 100vw\" \/><\/figure>\n\n\n\n<p>Im diesj\u00e4hrigen Landesfinale Fu\u00dfball &#8220;Jugend trainiert f\u00fcr Olympia 2024&#8221; erreichte unser Team einen beeindruckenden 3. Platz und geh\u00f6rt damit zu den besten Mannschaften des gesamten Bundeslandes.<\/p>\n\n\n\n<p>Das Finale, das am 18.07.2024 in Helmut-Gmelin-Stadion in Sinsheim stattfand, war ein spannendes und hart umk\u00e4mpftes Turnier. Unsere M\u00e4dchen spielten in der Endrunde gegen starke Teams aus Freiburg, Pforzheim und Weingarten. Angesichts der hochkar\u00e4tigen Konkurrenz ist die Leistung unserer Mannschaft besonders hervorzuheben.<\/p>\n\n\n\n<p><strong>Herausragende Teamleistung<\/strong><br>Im ersten Spiel gegen die Mannschaft der Br\u00f6tzinger Schule Pforzheim zeigte unser Team eine bemerkenswerte Defensive unterlag mit einem knappen 2:1. Im zweiten Spiel gegen das Adolf-Reichwein-Bildungshaus Freiburg mussten unsere M\u00e4dchen eine weitere Niederlage hinnehmen und verloren 0:2 gegen das stark aufspielende Team aus Freiburg.<br><br>Das letzte Spiel gegen die Schule am Martinsberg Weingarten, war ein nervenaufreibender Krimi. Dank einer herausragenden Leistung und einer starken Offensive konnten unsere M\u00e4dchen dieses entscheidende Spiel mit 4:2 f\u00fcr sich entscheiden. Mit diesem Ergebnis sicherten sie sich den wohlverdienten 3. Platz im Gesamtklassement.<\/p>\n\n\n\n<p><strong>Dank an Trainer und Unterst\u00fctzer<\/strong><br>Ein besonderer Dank geht an die Trainerinnen Frau Schmidt und Frau Ketterle, die die Mannschaft mit viel Engagement und Fachwissen auf dieses Turnier vorbereitet haben. Ihre taktische Finesse und die Motivation, die sie den Spielerinnen mit auf den Weg gaben, waren ma\u00dfgeblich f\u00fcr den Erfolg verantwortlich.<br><br>Ebenso geb\u00fchrt Frau F\u00f6rdere als Betreuerin ein gro\u00dfes Lob. Sie sorgte w\u00e4hrend des gesamten Wettbewerbs f\u00fcr das Wohl der M\u00e4dchen und unterst\u00fctzte die Trainerinnen in organisatorischen Belangen. Ihr Einsatz im Hintergrund war von unsch\u00e4tzbarem Wert.<br><br>Nicht zuletzt m\u00f6chten wir auch den Eltern danken, die ihre Kinder nicht nur w\u00e4hrend des Turniers tatkr\u00e4ftig unterst\u00fctzt, sondern sie auch in der gesamten Vorbereitungszeit stets ermutigt und motiviert haben. Ihr Beistand war f\u00fcr die M\u00e4dchen eine wichtige St\u00fctze.<\/p>\n\n\n\n<p><strong>Dank an die Klassen 4a und 4b<\/strong><br>Ein ganz besonderer Dank geht an die Sch\u00fclerinnen und Sch\u00fcler der Klassen 4a und 4b, die als lautstarke Fans vor Ort ihre Mitsch\u00fclerinnen angefeuert haben. Ihr Enthusiasmus und ihre anfeuernden Rufe haben die Spielerinnen zus\u00e4tzlich motiviert und ihnen geholfen, in entscheidenden Momenten noch einmal alles zu geben. Es war wunderbar zu sehen, wie der Zusammenhalt und die Unterst\u00fctzung der gesamten Schulgemeinschaft zum Erfolg beigetragen haben.<br><br><strong>Dank an die TSG 1899 Hoffenheim<\/strong><\/p>\n\n\n\n<p>Ein weiterer gro\u00dfer Dank geb\u00fchrt der TSG 1899 Hoffenheim. Das beeindruckende Ergebnis ist auch die Ernte der langj\u00e4hrigen Kooperation Rahmen der TSG Fu\u00dfball Arbeitsgemeinschaft. Die langj\u00e4hrige Zusammenarbeit mit der TSG 1899 Hoffenheim ist ein wesentlicher Bestandteil unseres Erfolges und wir sind dankbar f\u00fcr diese wertvolle Unterst\u00fctzung.<\/p>\n\n\n\n<p>Wir gratulieren der Mannschaft herzlich zu ihrem gro\u00dfartigen Erfolg und freuen uns schon jetzt auf die n\u00e4chsten spannenden Wettk\u00e4mpfe.<\/p>\n\n\n\n<p><\/p>\n","protected":false},"excerpt":{"rendered":"<p>Die TSG Fu\u00dfball AG unterst\u00fctzt unsere Schule seit dem Schuljahr 2018\/2019 bei der Durchf\u00fchrung einer Fu\u00dfball AG. Im diesj\u00e4hrigen Landesfinale Fu\u00dfball &#8220;Jugend trainiert f\u00fcr Olympia 2024&#8221; erreichte unser Team einen beeindruckenden 3. Platz und geh\u00f6rt damit zu den besten Mannschaften des gesamten Bundeslandes. Das Finale, das am 18.07.2024 in Helmut-Gmelin-Stadion in Sinsheim stattfand, war ein [&hellip;]<\/p>\n","protected":false},"author":2,"featured_media":0,"parent":0,"menu_order":0,"comment_status":"closed","ping_status":"closed","template":"","meta":{"_et_pb_use_builder":"off","_et_pb_old_content":"<!-- wp:paragraph -->\n<p>Die TSG Fu\u00dfball AG unterst\u00fctzt unsere Schule seit dem Schuljahr 2018\/2019  bei der Durchf\u00fchrung einer Fu\u00dfball AG.<\/p>\n<!-- \/wp:paragraph -->\n\n<!-- wp:image {\"id\":30514,\"sizeSlug\":\"large\",\"linkDestination\":\"none\"} -->\n<figure class=\"wp-block-image size-large\"><img src=\"https:\/\/gsro.de\/wp-content\/uploads\/2024\/07\/b569a7eb-6ee3-4e68-9db8-bba51e642e26-1024x768.jpeg\" alt=\"\" class=\"wp-image-30514\"\/><\/figure>\n<!-- \/wp:image -->\n\n<!-- wp:paragraph -->\n<p>Im diesj\u00e4hrigen Landesfinale Fu\u00dfball \"Jugend trainiert f\u00fcr Olympia 2024\" erreichte unser Team einen beeindruckenden 3. Platz und geh\u00f6rt damit zu den besten Mannschaften des gesamten Bundeslandes.<\/p>\n<!-- \/wp:paragraph -->\n\n<!-- wp:paragraph -->\n<p>Das Finale, das am 18.07.2024 in Helmut-Gmelin-Stadion in Sinsheim stattfand, war ein spannendes und hart umk\u00e4mpftes Turnier. Unsere M\u00e4dchen spielten in der Endrunde gegen starke Teams aus Freiburg, Pforzheim und Weingarten. Angesichts der hochkar\u00e4tigen Konkurrenz ist die Leistung unserer Mannschaft besonders hervorzuheben.<\/p>\n<!-- \/wp:paragraph -->\n\n<!-- wp:paragraph -->\n<p><strong>Herausragende Teamleistung<\/strong><br>Im ersten Spiel gegen die Mannschaft der Br\u00f6tzinger Schule Pforzheim zeigte unser Team eine bemerkenswerte Defensive unterlag mit einem knappen 2:1. Im zweiten Spiel gegen das Adolf-Reichwein-Bildungshaus Freiburg mussten unsere M\u00e4dchen eine weitere Niederlage hinnehmen und verloren 0:2 gegen das stark aufspielende Team aus Freiburg.<br>Das letzte Spiel gegen die Schule am Martinsberg Weingarten, war ein nervenaufreibender Krimi. Dank einer herausragenden Leistung und einer starken Offensive konnten unsere M\u00e4dchen dieses entscheidende Spiel mit 4:2 f\u00fcr sich entscheiden. Mit diesem Ergebnis sicherten sie sich den wohlverdienten 3. Platz im Gesamtklassement.<\/p>\n<!-- \/wp:paragraph -->\n\n<!-- wp:paragraph -->\n<p><strong>Dank an Trainer und Unterst\u00fctzer<\/strong><br>Ein besonderer Dank geht an die Trainerinnen Frau Schmidt und Frau Ketterle, die die Mannschaft mit viel Engagement und Fachwissen auf dieses Turnier vorbereitet haben. Ihre taktische Finesse und die Motivation, die sie den Spielerinnen mit auf den Weg gaben, waren ma\u00dfgeblich f\u00fcr den Erfolg verantwortlich.<br><br>Ebenso geb\u00fchrt Frau F\u00f6rdere als Betreuerin ein gro\u00dfes Lob. Sie sorgte w\u00e4hrend des gesamten Wettbewerbs f\u00fcr das Wohl der M\u00e4dchen und unterst\u00fctzte die Trainerinnen in organisatorischen Belangen. Ihr Einsatz im Hintergrund war von unsch\u00e4tzbarem Wert.<br><br>Nicht zuletzt m\u00f6chten wir auch den Eltern danken, die ihre Kinder nicht nur w\u00e4hrend des Turniers tatkr\u00e4ftig unterst\u00fctzt, sondern sie auch in der gesamten Vorbereitungszeit stets ermutigt und motiviert haben. Ihr Beistand war f\u00fcr die M\u00e4dchen eine wichtige St\u00fctze.<\/p>\n<!-- \/wp:paragraph -->\n\n<!-- wp:paragraph -->\n<p><strong>Dank an die Klassen 4a und 4b<\/strong><br>Ein ganz besonderer Dank geht an die Sch\u00fclerinnen und Sch\u00fcler der Klassen 4a und 4b, die als lautstarke Fans vor Ort ihre Mitsch\u00fclerinnen angefeuert haben. Ihr Enthusiasmus und ihre anfeuernden Rufe haben die Spielerinnen zus\u00e4tzlich motiviert und ihnen geholfen, in entscheidenden Momenten noch einmal alles zu geben. Es war wunderbar zu sehen, wie der Zusammenhalt und die Unterst\u00fctzung der gesamten Schulgemeinschaft zum Erfolg beigetragen haben.<br>Dank an die TSG 1899 Hoffenheim<\/p>\n<!-- \/wp:paragraph -->\n\n<!-- wp:paragraph -->\n<p><br>Ein weiterer gro\u00dfer Dank geb\u00fchrt der TSG 1899 Hoffenheim. Das beeindruckende Ergebnis ist auch die Ernte der langj\u00e4hrigen Kooperation Rahmen der TSG Fu\u00dfball Arbeitsgemeinschaft. Die langj\u00e4hrige Zusammenarbeit mit der TSG 1899 Hoffenheim ist ein wesentlicher Bestandteil unseres Erfolges und wir sind dankbar f\u00fcr diese wertvolle Unterst\u00fctzung.<br>Wir gratulieren der Mannschaft herzlich zu ihrem gro\u00dfartigen Erfolg und freuen uns schon jetzt auf die n\u00e4chsten spannenden Wettk\u00e4mpfe.<\/p>\n<!-- \/wp:paragraph -->\n\n<!-- wp:paragraph -->\n<p><\/p>\n<!-- \/wp:paragraph -->","_et_gb_content_width":"1080","footnotes":""},"class_list":["post-30513","page","type-page","status-publish","hentry"],"_links":{"self":[{"href":"https:\/\/gsro.de\/index.php\/wp-json\/wp\/v2\/pages\/30513","targetHints":{"allow":["GET"]}}],"collection":[{"href":"https:\/\/gsro.de\/index.php\/wp-json\/wp\/v2\/pages"}],"about":[{"href":"https:\/\/gsro.de\/index.php\/wp-json\/wp\/v2\/types\/page"}],"author":[{"embeddable":true,"href":"https:\/\/gsro.de\/index.php\/wp-json\/wp\/v2\/users\/2"}],"replies":[{"embeddable":true,"href":"https:\/\/gsro.de\/index.php\/wp-json\/wp\/v2\/comments?post=30513"}],"version-history":[{"count":5,"href":"https:\/\/gsro.de\/index.php\/wp-json\/wp\/v2\/pages\/30513\/revisions"}],"predecessor-version":[{"id":30520,"href":"https:\/\/gsro.de\/index.php\/wp-json\/wp\/v2\/pages\/30513\/revisions\/30520"}],"wp:attachment":[{"href":"https:\/\/gsro.de\/index.php\/wp-json\/wp\/v2\/media?parent=30513"}],"curies":[{"name":"wp","href":"https:\/\/api.w.org\/{rel}","templated":true}]}}